{"id":19531,"date":"2025-04-08T13:28:10","date_gmt":"2025-04-08T13:28:10","guid":{"rendered":"https:\/\/omni3d.com\/web\/warunki-swiadczenia-uslug\/"},"modified":"2025-05-26T13:04:07","modified_gmt":"2025-05-26T13:04:07","slug":"warunki-swiadczenia-uslug","status":"publish","type":"page","link":"https:\/\/omni3d.com\/pl\/warunki-swiadczenia-uslug\/","title":{"rendered":"Warunki \u015bwiadczenia us\u0142ug"},"content":{"rendered":"<p>[et_pb_section fb_built=&#8221;1&#8243; admin_label=&#8221;Section&#8221; _builder_version=&#8221;4.27.2&#8243; _module_preset=&#8221;default&#8221; background_image=&#8221;https:\/\/omni3d.com\/web\/wp-content\/uploads\/2024\/11\/elementy-metalowe-drukowanymi-z-CF.png&#8221; parallax=&#8221;on&#8221; global_colors_info=&#8221;{}&#8221;][et_pb_row make_equal=&#8221;on&#8221; custom_padding_last_edited=&#8221;on|tablet&#8221; _builder_version=&#8221;4.27.2&#8243; _module_preset=&#8221;default&#8221; min_height=&#8221;50vh&#8221; custom_padding=&#8221;|5%||5%|false|true&#8221; custom_padding_tablet=&#8221;|0%||0%|false|true&#8221; custom_padding_phone=&#8221;|0%||0%|false|true&#8221; custom_css_main_element=&#8221;align-items: center;&#8221; global_colors_info=&#8221;{}&#8221;][et_pb_column type=&#8221;4_4&#8243; _builder_version=&#8221;4.27.0&#8243; _module_preset=&#8221;default&#8221; global_colors_info=&#8221;{}&#8221;][et_pb_cta title=&#8221;Warunki \u015bwiadczenia us\u0142ug&#8221; button_url=&#8221;#&#8221; _builder_version=&#8221;4.27.2&#8243; _module_preset=&#8221;default&#8221; header_font=&#8221;|800||on|||||&#8221; header_font_size=&#8221;3rem&#8221; header_line_height=&#8221;1.2em&#8221; background_enable_color=&#8221;off&#8221; custom_button=&#8221;on&#8221; button_text_size=&#8221;16px&#8221; button_text_color=&#8221;#000000&#8243; button_bg_color=&#8221;gcid-primary-color&#8221; button_border_width=&#8221;0px&#8221; button_font=&#8221;&#8211;et_global_heading_font|800||on|||||&#8221; button_use_icon=&#8221;off&#8221; button_custom_padding=&#8221;|40px||40px|false|true&#8221; position_origin_a=&#8221;top_center&#8221; custom_padding=&#8221;||||false|false&#8221; header_text_shadow_style=&#8221;preset1&#8243; global_colors_info=&#8221;{%22gcid-primary-color%22:%91%22button_bg_color%22%93}&#8221;][\/et_pb_cta][\/et_pb_column][\/et_pb_row][\/et_pb_section][et_pb_section fb_built=&#8221;1&#8243; _builder_version=&#8221;4.27.2&#8243; _module_preset=&#8221;default&#8221; background_color=&#8221;RGBA(255,255,255,0)&#8221; use_background_color_gradient=&#8221;on&#8221; background_color_gradient_stops=&#8221;rgba(255,255,255,0) 0%|rgba(255, 255, 255, 0.04) 82%|#ffffff 100%&#8221; background_color_gradient_overlays_image=&#8221;on&#8221; background_image=&#8221;https:\/\/omni3d.com\/web\/wp-content\/uploads\/2024\/09\/bg-hex-header-2.webp&#8221; background_size=&#8221;custom&#8221; background_image_width=&#8221;100%&#8221; background_position=&#8221;top_center&#8221; background_vertical_offset=&#8221;0%&#8221; z_index=&#8221;4&#8243; custom_margin=&#8221;-190px||||false|false&#8221; custom_margin_tablet=&#8221;-190px||||false|false&#8221; custom_margin_phone=&#8221;-100px||||false|false&#8221; custom_margin_last_edited=&#8221;on|phone&#8221; bottom_divider_color=&#8221;#FFFFFF&#8221; bottom_divider_height=&#8221;77px&#8221; bottom_divider_arrangement=&#8221;above_content&#8221; global_colors_info=&#8221;{}&#8221;][et_pb_row _builder_version=&#8221;4.27.2&#8243; _module_preset=&#8221;default&#8221; custom_margin=&#8221;200px||||false|false&#8221; custom_margin_tablet=&#8221;100px||||false|false&#8221; custom_margin_phone=&#8221;100px||||false|false&#8221; custom_margin_last_edited=&#8221;on|tablet&#8221; global_colors_info=&#8221;{}&#8221;][et_pb_column type=&#8221;4_4&#8243; _builder_version=&#8221;4.27.0&#8243; _module_preset=&#8221;default&#8221; global_colors_info=&#8221;{}&#8221;][et_pb_text _builder_version=&#8221;4.27.2&#8243; _module_preset=&#8221;default&#8221; header_font=&#8221;&#8211;et_global_heading_font|300|||||||&#8221; header_5_font=&#8221;&#8211;et_global_heading_font|300|||||||&#8221; header_5_line_height=&#8221;1.3em&#8221; text_orientation=&#8221;center&#8221; global_colors_info=&#8221;{}&#8221;]<\/p>\n<h3>US\u0141UGA TYLKO DLA PRZEDSI\u0118BIORC\u00d3W<\/h3>\n<p><strong>1. Informacje podstawowe<\/strong><\/p>\n<p>1.1. Niniejszy Regulamin okre\u015bla zasady sk\u0142adania i realizacji Zam\u00f3wie\u0144 na us\u0142ugi OMNI3D.<\/p>\n<p>1.2. Niniejszy Regulamin dotyczy wy\u0142\u0105cznie sprzeda\u017cy Us\u0142ug, kt\u00f3rych specyfikacja i cena zosta\u0142y okre\u015blone w informacji przes\u0142anej Klientowi w odpowiedzi na zapytanie ofertowe Klienta (zwane dalej Zapytaniem), z\u0142o\u017cone za po\u015brednictwem poczty elektronicznej, przy u\u017cyciu formularza dost\u0119pnego na stronie <a href=\"https:\/\/omni3d.com\/\">https:\/\/omni3d.com <\/a>lub przes\u0142anej bezpo\u015brednio na adres <a href=\"mailto:sales@omni3d.com\">sales@omni3d.com<\/a>.<\/p>\n<p>1.3. Us\u0142ugodawc\u0105 w rozumieniu niniejszego Regulaminu b\u0119dzie sp\u00f3\u0142ka OMNI3D sp\u00f3\u0142ka z ograniczon\u0105 odpowiedzialno\u015bci\u0105 z siedzib\u0105 w Poznaniu (61-748), przy ul. GARBARY 64, wpisana do rejestru przedsi\u0119biorc\u00f3w Krajowego Rejestru S\u0105dowego prowadzonego przez S\u0105d Rejonowy Pozna\u0144 \u2013 Nowe Miasto w Poznaniu, Wydzia\u0142 VIII Gospodarczy pod numerem: 0000464678, posiadaj\u0105ca NIP: 7831700117 i REGON: 302451039, kapita\u0142 zak\u0142adowy: 60.250,00 z\u0142. <\/p>\n<p>1.4. Klientem w rozumieniu niniejszego Regulaminu jest osoba prawna prowadz\u0105ca dzia\u0142alno\u015b\u0107 gospodarcz\u0105 lub osoba fizyczna prowadz\u0105ca dzia\u0142alno\u015b\u0107 gospodarcz\u0105, kt\u00f3ra zamawia u OMNI3D us\u0142ug\u0119 druku 3D w zwi\u0105zku z prowadzon\u0105 przez siebie dzia\u0142alno\u015bci\u0105 gospodarcz\u0105.<\/p>\n<p><strong>2. Zam\u00f3wienie us\u0142ugi<\/strong><\/p>\n<p>2.1. Zapytanie ofertowe nale\u017cy z\u0142o\u017cy\u0107 za po\u015brednictwem poczty elektronicznej, korzystaj\u0105c z formularza dost\u0119pnego na stronie: <a href=\"https:\/\/omni3d.com\/\">https:\/\/omni3d.com<\/a>, wype\u0142niaj\u0105c niniejszy formularz i klikaj\u0105c opcj\u0119 \u201eWy\u015blij\u201d lub wysy\u0142aj\u0105c zapytanie bezpo\u015brednio na adres: <a href=\"mailto:sales@omni3d.com\">sales@omni3d.com<\/a>, podaj\u0105c wszystkie informacje wymagane w ww. formularzu, w tym o\u015bwiadczenie o zapoznaniu si\u0119 z Regulaminem OMNI3D i jego akceptacji.<\/p>\n<p>2.2. W odpowiedzi na zapytanie ofertowe Dostawca Us\u0142ug prze\u015ble Informacje zawieraj\u0105ce specyfikacj\u0119, cen\u0119 i termin realizacji zam\u00f3wienia. Podstaw\u0105 realizacji zam\u00f3wienia b\u0119dzie jednoznaczne zaakceptowanie warunk\u00f3w jego realizacji, okre\u015blonych przez Dostawc\u0119 Us\u0142ug w Informacji. Akceptacja zostanie og\u0142oszona w formie korespondencji elektronicznej, poprzez wys\u0142anie odpowiedzi twierdz\u0105cej na adres, z kt\u00f3rego otrzymano Informacje. Akceptacja zawieraj\u0105ca dodatkowy warunek b\u0119dzie uwa\u017cana za kolejne zapytanie ofertowe \u2013 Dostawca Us\u0142ug prze\u015ble Informacje ponownie, a Informacje te b\u0119d\u0105 musia\u0142y zosta\u0107 zaakceptowane przez Klienta.   <\/p>\n<p>2.3. Wniosek o ofert\u0119 b\u0119dzie skuteczny tylko wtedy, gdy niniejsze Warunki zostan\u0105 zaakceptowane. Akceptacja niniejszych Warunk\u00f3w zostanie og\u0142oszona poprzez zaznaczenie odpowiedniej opcji podczas wysy\u0142ania formularza lub poprzez do\u0142\u0105czenie takiego o\u015bwiadczenia do tre\u015bci wiadomo\u015bci e-mail wys\u0142anej zgodnie z punktem 2.1. <\/p>\n<p>2.4. Wszelkie pytania dotycz\u0105ce tre\u015bci niniejszego Regulaminu nale\u017cy kierowa\u0107 na adres: <a href=\"mailto:sales@omni3d.com\">sales@omni3d.com<\/a><\/p>\n<p><strong>3. Przyj\u0119cie zam\u00f3wienia do realizacji<\/strong><\/p>\n<p>3.1. Przedmiotem Zam\u00f3wienia jest wykonanie wydruku szeregu przedmiot\u00f3w okre\u015blonych w zapytaniu ofertowym, zgodnie z niniejszym Regulaminem oraz w Informacji przes\u0142anej przez Dostawc\u0119 Us\u0142ugi w odpowiedzi na zapytanie ofertowe Klienta.<\/p>\n<p>3.2. Przyj\u0119cie Zam\u00f3wienia do realizacji nast\u0119puje w momencie przes\u0142ania przez Klienta dowodu zap\u0142aty faktury pro forma otrzymanej od Dostawcy Us\u0142ugi po zaakceptowaniu Informacji. Dokonanie p\u0142atno\u015bci jest r\u00f3wnoznaczne z akceptacj\u0105 parametr\u00f3w, ceny i innych warunk\u00f3w zam\u00f3wienia okre\u015blonych w Informacji. <\/p>\n<p><strong>4. G\u0142\u00f3wne obowi\u0105zki Dostawcy Us\u0142ugi<\/strong><\/p>\n<p>4.1. Dostawca us\u0142ug wydrukuje tr\u00f3jwymiarowe elementy, kt\u00f3rych liczba zostanie wskazana w zapytaniu ofertowym Klienta, zgodnie z informacjami przes\u0142anymi w odpowiedzi na to zapytanie oraz niniejszymi Warunkami (zwanymi dalej r\u00f3wnie\u017c \u201eElementami\u201d). Dostawca us\u0142ug do\u0142o\u017cy nale\u017cytej staranno\u015bci, aby zapewni\u0107 zgodno\u015b\u0107 wydrukowanych element\u00f3w z oczekiwaniami Klienta. Tr\u00f3jwymiarowe wydrukowane elementy mog\u0105 zosta\u0107 dostarczone do Klienta lub odebrane osobi\u015bcie w siedzibie Dostawcy us\u0142ug. Dostawa zostanie zorganizowana na koszt i ryzyko Klienta.   <\/p>\n<p>4.2. Prawo w\u0142asno\u015bci do wydrukowanych przedmiot\u00f3w zostanie przeniesione na Klienta w momencie faktycznego odbioru przedmiot\u00f3w w siedzibie Dostawcy Us\u0142ugi lub faktycznego odbioru od przewo\u017anika. Odpowiedzialno\u015b\u0107 Dostawcy Us\u0142ugi z tytu\u0142u gwarancji jest wy\u0142\u0105czona. Dostawca Us\u0142ugi nie ponosi odpowiedzialno\u015bci za przydatno\u015b\u0107 wydrukowanych przedmiot\u00f3w do cel\u00f3w zamierzonych przez Klienta. Klient zobowi\u0105zany jest oceni\u0107 przydatno\u015b\u0107 materia\u0142u kopii, jak r\u00f3wnie\u017c ich form\u0119 do proces\u00f3w produkcyjnych, technologicznych i handlowych, kt\u00f3re zamierza przekaza\u0107, a w szczeg\u00f3lno\u015bci zapewni\u0107, \u017ce b\u0119d\u0105 one wykorzystywane wy\u0142\u0105cznie w spos\u00f3b, kt\u00f3ry nie zagra\u017ca zdrowiu lub \u017cyciu os\u00f3b i jest zgodny z normami powszechnie obowi\u0105zuj\u0105cego prawa.   <\/p>\n<p>4.3. Wydrukowane materia\u0142y b\u0119d\u0105 wykorzystywane na wy\u0142\u0105czn\u0105 odpowiedzialno\u015b\u0107 Klienta, a Klient, akceptuj\u0105c niniejsze Warunki, zwalnia Dostawc\u0119 Us\u0142ug z wszelkiej odpowiedzialno\u015bci za korzystanie z wydrukowanych materia\u0142\u00f3w, a Klient niezw\u0142ocznie zap\u0142aci wszelkie roszczenia, kt\u00f3re, na jakiejkolwiek podstawie, zostan\u0105 uznane za zap\u0142acone przez Dostawc\u0119 Us\u0142ug osobom trzecim, w zwi\u0105zku z korzystaniem z wydrukowanych materia\u0142\u00f3w w jakimkolwiek celu.<\/p>\n<p>4.4. Akceptuj\u0105c niniejsze Warunki, Klient o\u015bwiadcza, \u017ce \u200b\u200bma prawo do korzystania ze wzoru u\u017cytkowego lub wzoru stanowi\u0105cego podstaw\u0119 dla drukowanych element\u00f3w, kt\u00f3re maj\u0105 zosta\u0107 wykonane przez Dostawc\u0119 Us\u0142ug, w szczeg\u00f3lno\u015bci do reprodukowania i modyfikowania tego wzoru\/wzoru oraz do korzystania z niego w ramach dzia\u0142alno\u015bci przedsi\u0119biorstwa Klienta, w spos\u00f3b zamierzony przez Klienta. Klient zwalnia Dostawc\u0119 Us\u0142ug z wszelkiej odpowiedzialno\u015bci, kt\u00f3ra mog\u0142aby wynikn\u0105\u0107 z naruszenia praw w\u0142asno\u015bci przemys\u0142owej lub praw autorskich w zwi\u0105zku z wykonaniem drukowanych element\u00f3w, a Klient niezw\u0142ocznie zap\u0142aci wszelkie roszczenia, kt\u00f3re, na jakiejkolwiek podstawie, mog\u0105 zosta\u0107 uznane za zap\u0142acone przez Dostawc\u0119 Us\u0142ug osobom trzecim w zwi\u0105zku z naruszeniem praw wymienionych powy\u017cej wynikaj\u0105cych ze \u015bwiadczenia przez Dostawc\u0119 Us\u0142ug us\u0142ug zdefiniowanych w niniejszych Warunkach. <\/p>\n<p><strong>5. Czas wykonania wydruk\u00f3w<\/strong><\/p>\n<p>5.1. Us\u0142uga zostanie zrealizowana w terminie okre\u015blonym w Informacji. W przypadku przekroczenia terminu dostawy, Dostawca Us\u0142ugi poinformuje o tym Klienta za po\u015brednictwem poczty elektronicznej. <\/p>\n<p>5.2. Je\u017celi Dostawca Us\u0142ugi nie wykona wydruk\u00f3w w terminie wskazanym w Informacji, Klient b\u0119dzie uprawniony do odst\u0105pienia od umowy poprzez przes\u0142anie informacji o odst\u0105pieniu od umowy, zgodnie z \u00a7 13. W przypadku odst\u0105pienia od umowy przez Klienta Dostawca Us\u0142ugi zwr\u00f3ci Klientowi wp\u0142acon\u0105 kwot\u0119, z zastrze\u017ceniem \u00a7 12 pkt 12.1. <\/p>\n<p>5.3. Termin realizacji zam\u00f3wienia liczony b\u0119dzie od dnia nast\u0119puj\u0105cego po dniu, w kt\u00f3rym Nabywca Us\u0142ugi otrzyma dow\u00f3d zap\u0142aty faktury proforma.<\/p>\n<p><strong>6. Metoda p\u0142atno\u015bci<\/strong><\/p>\n<p>6.1. Zap\u0142ata warto\u015bci Zam\u00f3wienia zostanie dokonana przelewem na rachunek bankowy, kt\u00f3rego numer zostanie podany na fakturze proforma.<\/p>\n<p>6.2. W tytule przelewu nale\u017cy poda\u0107 numer faktury.<\/p>\n<p><strong>7. Data wej\u015bcia w \u017cycie umowy<\/strong><\/p>\n<p>Umowa wejdzie w \u017cycie z chwil\u0105 zaakceptowania przez Klienta warunk\u00f3w przedstawionych w Informacji.<\/p>\n<p><strong>8. Dodatkowe informacje o umowie<\/strong><\/p>\n<p>8.1. Umowy zawierane na podstawie niniejszego Regulaminu podlegaj\u0105 prawu Rzeczypospolitej Polskiej.<\/p>\n<p>8.2. S\u0105dem w\u0142a\u015bciwym do rozstrzygania spor\u00f3w wynikaj\u0105cych z um\u00f3w obj\u0119tych niniejszym Regulaminem b\u0119dzie s\u0105d powszechny w\u0142a\u015bciwy dla siedziby Dostawcy Us\u0142ugi.<\/p>\n<p><strong>9. Szczeg\u00f3lne prawo do odst\u0105pienia od umowy<\/strong><\/p>\n<p>9.1. Dostawca Us\u0142ug zastrzega sobie prawo do odst\u0105pienia od umowy zawartej na podstawie niniejszego Regulaminu, w terminie 14 dni roboczych od daty zawarcia tej umowy. W takim przypadku kwota ceny zap\u0142aconej przez Klienta zostanie niezw\u0142ocznie zwr\u00f3cona na rachunek bankowy, z kt\u00f3rego zosta\u0142a wys\u0142ana. O\u015bwiadczenie o odst\u0105pieniu od umowy uwa\u017ca si\u0119 za z\u0142o\u017cone, gdy wiadomo\u015b\u0107 e-mail zawieraj\u0105ca to o\u015bwiadczenie zosta\u0142a wys\u0142ana na adres, z kt\u00f3rego Dostawca Us\u0142ug otrzyma\u0142 zapytanie ofertowe lub potwierdzenie warunk\u00f3w zawartych w Informacjach, chyba \u017ce Klient poinformowa\u0142 Dostawc\u0119 Us\u0142ug o zmianie adresu e-mail, wskazuj\u0105c \u2013 w tytule wiadomo\u015bci \u2013 numer zam\u00f3wienia i dopisuj\u0105c adnotacj\u0119 \u201ezmiana adresu\u201d.  <\/p>\n<p>9.2. Wiadomo\u015b\u0107 b\u0119dzie uwa\u017cana za dor\u0119czon\u0105 w dniu jej wys\u0142ania, niezale\u017cnie od faktycznego dnia, w kt\u00f3rym zostanie odebrana i kiedy jej tre\u015b\u0107 zostanie odczytana przez Klienta. Je\u017celi zmiana adresu Klienta nie zostanie zg\u0142oszona w spos\u00f3b okre\u015blony powy\u017cej, korespondencja dostarczona na ostatnio podany adres b\u0119dzie uwa\u017cana za wa\u017cn\u0105 nawet je\u015bli nie b\u0119dzie mo\u017cliwe odebranie wiadomo\u015bci z tego adresu. Dostawca Us\u0142ugi nie ponosi odpowiedzialno\u015bci za skutki odst\u0105pienia od umowy zawartej w spos\u00f3b opisany powy\u017cej, w szczeg\u00f3lno\u015bci Dostawca Us\u0142ugi nie b\u0119dzie zobowi\u0105zany do naprawienia szkody wynik\u0142ej z takiego odst\u0105pienia, w tym do pokrycia wszelkich koszt\u00f3w poniesionych przez Klienta.  <\/p>\n<p><strong>10. Przekazanie materia\u0142\u00f3w drukowanych i praw ekspozycyjnych<\/strong><\/p>\n<p>10.1. Wydrukowane elementy zostan\u0105 dostarczone Klientowi, na koszt i ryzyko Klienta, przez Kuriera lub zostan\u0105 odebrane osobi\u015bcie w siedzibie Dostawcy Us\u0142ug. Spos\u00f3b, w jaki wydrukowane elementy zostan\u0105 dostarczone, zostanie okre\u015blony w Informacjach przes\u0142anych przez Dostawc\u0119 Us\u0142ug. Dostawca Us\u0142ug ma prawo wybra\u0107 przewo\u017anika lub spedytora, wed\u0142ug w\u0142asnego uznania, i z\u0142o\u017cy\u0107 zam\u00f3wienie na transport w imieniu i na rzecz Klienta, wed\u0142ug stawek tego przewo\u017anika lub spedytora za us\u0142ugi transportu lub spedycji.  <\/p>\n<p>10.2. Dostawca Us\u0142ug nabywa prawo do utrwalania obrazu obiekt\u00f3w wydrukowanych dla Klienta w dowolnej formie technicznie dost\u0119pnej, przede wszystkim w formie fotografii cyfrowej i filmowania. Dostawca Us\u0142ug nabywa prawo do wykorzystywania nazwanych obraz\u00f3w obiekt\u00f3w wydrukowanych na swoich stronach internetowych, w mediach spo\u0142eczno\u015bciowych i w materia\u0142ach marketingowych wszelkiego rodzaju. Jednocze\u015bnie Dostawca Us\u0142ug nabywa nieograniczone prawo do publicznego informowania o swojej wsp\u00f3\u0142pracy z Klientem. Prawo okre\u015blone w niniejszym postanowieniu obejmuje przechowywanie, przesy\u0142anie i rozpowszechnianie obraz\u00f3w wszelkimi dost\u0119pnymi \u015brodkami, w tym: powielanie kopii znak\u00f3w przy u\u017cyciu wszelkich znanych technik, w tym techniki drukarskiej i cyfrowej, przechowywanie w dowolnym formacie plik\u00f3w komputerowych na dowolnym no\u015bniku danych, a tak\u017ce za pomoc\u0105 pami\u0119ci masowej w chmurze, wykonywanie wszelkich form rozpowszechniania i ujawniania za po\u015brednictwem Internetu i transmisji telewizyjnej. W zakresie wymienionym powy\u017cej Klient niniejszym ustanawia bezp\u0142atn\u0105 i nieograniczon\u0105 geograficznie licencj\u0119 na korzystanie z obraz\u00f3w obiekt\u00f3w wydrukowanych na czas nieokre\u015blony. Klient niniejszym zrzeka si\u0119 prawa do rozwi\u0105zania tej licencji. Na tych samych warunkach Dostawca Us\u0142ug ma prawo u\u017cywa\u0107 nazwy Klienta, co obejmuje nie tylko transmisj\u0119 wizualn\u0105, ale tak\u017ce s\u0142uchow\u0105, w tym audycje radiowe. Prawa okre\u015blone w niniejszym dokumencie nie powstaj\u0105, je\u015bli Zam\u00f3wienie zostanie z\u0142o\u017cone z jawnym wy\u0142\u0105czeniem tej klauzuli i zostanie zaakceptowane przez Dostawc\u0119 Us\u0142ug wraz z nazwan\u0105 rezerwacj\u0105.       <\/p>\n<p><strong>11. Niezbieranie materia\u0142\u00f3w drukowanych<\/strong><\/p>\n<p>11.1. Us\u0142uga dostawy b\u0119dzie nieskuteczna w przypadku, gdy Klient nie odbierze zam\u00f3wionych materia\u0142\u00f3w drukowanych, pomimo \u017ce Kurier dostarczy\u0142 je prawid\u0142owo.<\/p>\n<p>11.2. W przypadku nieskutecznej pr\u00f3by dor\u0119czenia odbi\u00f3r zam\u00f3wionych materia\u0142\u00f3w b\u0119dzie mo\u017cliwy w siedzibie Dostawcy Us\u0142ugi w terminie 14 dni kalendarzowych od dnia nieskutecznej pr\u00f3by dor\u0119czenia.<\/p>\n<p>12. Skutki nieodebrania materia\u0142\u00f3w drukowanych<\/p>\n<p>12.1. Nieodebranie wydrukowanych materia\u0142\u00f3w w terminie okre\u015blonym w pkt 11.2 uprawnia Dostawc\u0119 Us\u0142ugi do ich zdeponowania na koszt i ryzyko Klienta lub do ich przechowania za op\u0142at\u0105 w wysoko\u015bci 5 z\u0142\/m3 obj\u0119to\u015bci sze\u015bciennej elementu\/24 godziny. Nieodebranie wydrukowanych materia\u0142\u00f3w w terminie 30 dni od dnia odbioru okre\u015blonego w pkt 11.2 uprawnia Dostawc\u0119 Us\u0142ugi do z\u0142omowania wydrukowanych materia\u0142\u00f3w na koszt Klienta lub zatrzymania ich z mo\u017cliwo\u015bci\u0105 ponownej sprzeda\u017cy. Niezale\u017cnie od powy\u017cszego, nieodebranie wydrukowanych materia\u0142\u00f3w w terminie 30 dni od dnia odbioru okre\u015blonego w pkt 11.2 uprawnia Dostawc\u0119 Us\u0142ugi do zatrzymania kwoty zap\u0142aconej za wydrukowanie wydrukowanych materia\u0142\u00f3w, jako kary umownej za nieodebranie prawid\u0142owo dostarczonego towaru. Zap\u0142ata kary umownej nie wy\u0142\u0105cza i nie ogranicza prawa Dostawcy Us\u0142ug do dochodzenia odszkodowania na zasadach og\u00f3lnych, je\u017celi i w zakresie, w jakim odszkodowanie to nie jest pokryte z kwoty faktycznie zap\u0142aconej z tytu\u0142u kary.   <\/p>\n<p>12.2. W przypadku odbioru osobistego materia\u0142\u00f3w drukowanych \u2013 uzgodnionego w umowie lub wynikaj\u0105cego z nieskuteczno\u015bci us\u0142ugi dor\u0119czenia \u2013 konieczne jest okazanie przez Klienta dowodu zap\u0142aty za zam\u00f3wienie oraz okazanie przez osob\u0119 zg\u0142aszaj\u0105c\u0105 si\u0119 po odbi\u00f3r materia\u0142\u00f3w drukowanych dokumentu to\u017csamo\u015bci.<\/p>\n<p>12.3. Us\u0142ugodawca zastrzega sobie prawo odmowy wydania materia\u0142\u00f3w drukowanych osobie, kt\u00f3ra nie przedstawi dokument\u00f3w, o kt\u00f3rych mowa w pkt. 12.2 powy\u017cej.<\/p>\n<p><strong>13. Kontakt<\/strong><\/p>\n<p>Umowa sprzeda\u017cy zawarta na podstawie niniejszego Regulaminu jest umow\u0105 zawieran\u0105 na odleg\u0142o\u015b\u0107, kt\u00f3rej Strony b\u0119d\u0105 si\u0119 ze sob\u0105 kontaktowa\u0107 w spos\u00f3b okre\u015blony poni\u017cej:<\/p>\n<p>a) w przypadku z\u0142o\u017cenia przez Klienta zapytania ofertowego \u2013 za po\u015brednictwem formularza dost\u0119pnego na stronie: <a href=\"https:\/\/omni3d.com\/\">https:\/\/omni3d.com<\/a>, poprzez jego wype\u0142nienie i klikni\u0119cie opcji \u201eWy\u015blij\u201d lub poprzez wys\u0142anie zapytania bezpo\u015brednio na adres: <a href=\"mailto:sales@omni3d.com\">sales@omni3d.com<\/a>, podaj\u0105c wszystkie dane wymagane w ww. formularzu, w tym o\u015bwiadczenie o zapoznaniu si\u0119 z Regulaminem OMNI3D i akceptacji jego tre\u015bci;<\/p>\n<p>b) w zakresie rejestracji zam\u00f3wienia przez Dostawc\u0119 Us\u0142ugi i przyj\u0119cia Zam\u00f3wienia do realizacji przez Dostawc\u0119 Us\u0142ugi \u2013 za po\u015brednictwem poczty elektronicznej, przy czym wiadomo\u015bci od Dostawcy Us\u0142ugi b\u0119d\u0105 wysy\u0142ane z adres\u00f3w w domenie omni3d.com lub omni3d.net na adres poczty elektronicznej podany przez Klienta w formularzu zam\u00f3wienia elektronicznego lub na adres, z kt\u00f3rego nadesz\u0142o zam\u00f3wienie;<\/p>\n<p>c) w zakresie wszelkich innych czynno\u015bci zwi\u0105zanych z realizacj\u0105 umowy, a tak\u017ce w zakresie wszelkiej komunikacji pomi\u0119dzy Klientem a Dostawc\u0105 Us\u0142ugi, za po\u015brednictwem nast\u0119puj\u0105cych adres\u00f3w e-mail: <a href=\"mailto:sales@omni3d.com\">sales@omni3d.com<\/a>;<\/p>\n<p>d) w sprawach zwi\u0105zanych z kwestiami technicznymi \u2013 za po\u015brednictwem adresu <a href=\"mailto:sales@omni3d.com\">sales@omni3d.com<\/a>.<\/p>\n<p><strong>14. Ochrona i przetwarzanie danych osobowych<\/strong><\/p>\n<p>14.1. Dostawca Us\u0142ug b\u0119dzie administratorem danych osobowych zebranych w zwi\u0105zku ze sk\u0142adaniem zam\u00f3wie\u0144. Dane osobowe Klient\u00f3w lub os\u00f3b dzia\u0142aj\u0105cych w imieniu Klient\u00f3w b\u0119d\u0105 przetwarzane zgodnie z zasadami okre\u015blonymi w ustawie z dnia 29 sierpnia 1997 r. o ochronie danych osobowych (tj. Dz. U. z 2002 r., nr 101, poz. 926 ze zm.). <\/p>\n<p>14.2. Podanie danych osobowych jest dobrowolne, jednak\u017ce niepodanie danych w zakresie wymaganym w formularzu Zapytania uniemo\u017cliwi z\u0142o\u017cenie Zapytania.<\/p>\n<p>14.3. Osoba fizyczna ma prawo wgl\u0105du do tre\u015bci swoich danych osobowych przekazanych Dostawcy Us\u0142ugi oraz \u017c\u0105dania ich zmiany, a tak\u017ce niezw\u0142ocznego usuni\u0119cia.<\/p>\n<p>[\/et_pb_text][\/et_pb_column][\/et_pb_row][\/et_pb_section]<\/p>\n<span class=\"et_bloom_bottom_trigger\"><\/span>","protected":false},"excerpt":{"rendered":"<p>US\u0141UGA TYLKO DLA PRZEDSI\u0118BIORC\u00d3W 1. Informacje podstawowe 1.1. Niniejszy Regulamin okre\u015bla zasady sk\u0142adania i realizacji Zam\u00f3wie\u0144 na us\u0142ugi OMNI3D. 1.2. Niniejszy Regulamin dotyczy wy\u0142\u0105cznie sprzeda\u017cy Us\u0142ug, kt\u00f3rych specyfikacja i cena zosta\u0142y okre\u015blone w informacji przes\u0142anej Klientowi w odpowiedzi na zapytanie ofertowe Klienta (zwane dalej Zapytaniem), z\u0142o\u017cone za po\u015brednictwem poczty elektronicznej, przy u\u017cyciu formularza dost\u0119pnego na [&hellip;]<\/p>\n","protected":false},"author":1,"featured_media":0,"parent":0,"menu_order":0,"comment_status":"closed","ping_status":"closed","template":"","meta":{"_et_pb_use_builder":"on","_et_pb_old_content":"","_et_gb_content_width":"","footnotes":""},"class_list":["post-19531","page","type-page","status-publish","hentry"],"_links":{"self":[{"href":"https:\/\/omni3d.com\/pl\/wp-json\/wp\/v2\/pages\/19531","targetHints":{"allow":["GET"]}}],"collection":[{"href":"https:\/\/omni3d.com\/pl\/wp-json\/wp\/v2\/pages"}],"about":[{"href":"https:\/\/omni3d.com\/pl\/wp-json\/wp\/v2\/types\/page"}],"author":[{"embeddable":true,"href":"https:\/\/omni3d.com\/pl\/wp-json\/wp\/v2\/users\/1"}],"replies":[{"embeddable":true,"href":"https:\/\/omni3d.com\/pl\/wp-json\/wp\/v2\/comments?post=19531"}],"version-history":[{"count":3,"href":"https:\/\/omni3d.com\/pl\/wp-json\/wp\/v2\/pages\/19531\/revisions"}],"predecessor-version":[{"id":19539,"href":"https:\/\/omni3d.com\/pl\/wp-json\/wp\/v2\/pages\/19531\/revisions\/19539"}],"wp:attachment":[{"href":"https:\/\/omni3d.com\/pl\/wp-json\/wp\/v2\/media?parent=19531"}],"curies":[{"name":"wp","href":"https:\/\/api.w.org\/{rel}","templated":true}]}}