{"id":19603,"date":"2025-04-24T15:07:44","date_gmt":"2025-04-24T15:07:44","guid":{"rendered":"https:\/\/omni3d.com\/web\/uzyskaj-wycene\/"},"modified":"2026-02-02T15:09:06","modified_gmt":"2026-02-02T15:09:06","slug":"uzyskaj-wycene","status":"publish","type":"page","link":"https:\/\/omni3d.com\/pl\/uzyskaj-wycene\/","title":{"rendered":"Uzyskaj wycen\u0119"},"content":{"rendered":"<p>[et_pb_section fb_built=&#8221;1&#8243; _builder_version=&#8221;4.27.2&#8243; _module_preset=&#8221;default&#8221; background_color=&#8221;rgba(0,0,0,0.4)&#8221; background_image=&#8221;https:\/\/omni3d.com\/web\/wp-content\/uploads\/2025\/05\/47ce2f32-6833-43e6-bb3e-496671bbfa8d.webp&#8221; background_blend=&#8221;darken&#8221; locked=&#8221;off&#8221; global_colors_info=&#8221;{}&#8221;][et_pb_row make_equal=&#8221;on&#8221; custom_padding_last_edited=&#8221;on|tablet&#8221; _builder_version=&#8221;4.27.2&#8243; _module_preset=&#8221;default&#8221; min_height=&#8221;50vh&#8221; custom_padding=&#8221;|0%||0%|false|true&#8221; custom_padding_tablet=&#8221;|0%||0%|false|true&#8221; custom_padding_phone=&#8221;|0%||0%|false|true&#8221; custom_css_main_element=&#8221;align-items: center;&#8221; global_colors_info=&#8221;{}&#8221;][et_pb_column type=&#8221;4_4&#8243; _builder_version=&#8221;4.27.0&#8243; _module_preset=&#8221;default&#8221; global_colors_info=&#8221;{}&#8221;][et_pb_heading title=&#8221;Popro\u015b o wycen\u0119&#8221; _builder_version=&#8221;4.27.5&#8243; _module_preset=&#8221;_initial&#8221; title_text_color=&#8221;gcid-7c9f1193-d319-4d46-8ba4-1c7d98f008df&#8221; title_font_size=&#8221;3em&#8221; custom_margin=&#8221;||-1px||false|false&#8221; hover_enabled=&#8221;0&#8243; ab_subject=&#8221;on&#8221; ab_subject_id=&#8221;1&#8243; ab_goal=&#8221;on&#8221; global_colors_info=&#8221;{%22gcid-7c9f1193-d319-4d46-8ba4-1c7d98f008df%22:%91%22title_text_color%22%93}&#8221; sticky_enabled=&#8221;0&#8243;][\/et_pb_heading][et_pb_heading title=&#8221;Popro\u015b o wycen\u0119 drukarki 3D&#8221; _builder_version=&#8221;4.27.2&#8243; _module_preset=&#8221;ad21b3f3-a786-436b-a7b5-6d1f6dd25328&#8243; title_text_color=&#8221;gcid-7c9f1193-d319-4d46-8ba4-1c7d98f008df&#8221; title_font_size=&#8221;3em&#8221; custom_margin=&#8221;||-1px||false|false&#8221; ab_subject=&#8221;on&#8221; ab_subject_id=&#8221;2&#8243; ab_goal=&#8221;on&#8221; global_colors_info=&#8221;{%22gcid-7c9f1193-d319-4d46-8ba4-1c7d98f008df%22:%91%22title_text_color%22%93}&#8221;][\/et_pb_heading][\/et_pb_column][\/et_pb_row][\/et_pb_section][et_pb_section fb_built=&#8221;1&#8243; _builder_version=&#8221;4.27.2&#8243; _module_preset=&#8221;default&#8221; background_color=&#8221;RGBA(255,255,255,0)&#8221; use_background_color_gradient=&#8221;on&#8221; background_color_gradient_stops=&#8221;rgba(255,255,255,0) 0%|rgba(255, 255, 255, 0.04) 82%|#ffffff 100%&#8221; background_color_gradient_overlays_image=&#8221;on&#8221; background_image=&#8221;https:\/\/omni3d.com\/web\/wp-content\/uploads\/2024\/09\/bg-hex-header-2.webp&#8221; background_size=&#8221;custom&#8221; background_image_width=&#8221;100%&#8221; background_position=&#8221;top_center&#8221; background_vertical_offset=&#8221;0%&#8221; z_index=&#8221;4&#8243; custom_margin=&#8221;-190px||||false|false&#8221; custom_margin_tablet=&#8221;-190px||||false|false&#8221; custom_margin_phone=&#8221;-100px||||false|false&#8221; custom_margin_last_edited=&#8221;on|phone&#8221; custom_padding=&#8221;||100px||false|false&#8221; bottom_divider_style=&#8221;mountains&#8221; bottom_divider_color=&#8221;#f2860c&#8221; bottom_divider_height=&#8221;60px&#8221; bottom_divider_repeat=&#8221;1x&#8221; bottom_divider_flip=&#8221;vertical&#8221; global_colors_info=&#8221;{%22gcid-primary-color%22:%91%22bottom_divider_color%22%93}&#8221;][et_pb_row _builder_version=&#8221;4.27.2&#8243; _module_preset=&#8221;default&#8221; custom_margin=&#8221;141px|auto||auto|false|false&#8221; custom_padding=&#8221;||7px|||&#8221; hover_enabled=&#8221;0&#8243; global_colors_info=&#8221;{}&#8221; sticky_enabled=&#8221;0&#8243;][et_pb_column type=&#8221;4_4&#8243; _builder_version=&#8221;4.27.2&#8243; _module_preset=&#8221;default&#8221; global_colors_info=&#8221;{}&#8221;][et_pb_text _builder_version=&#8221;4.27.5&#8243; _module_preset=&#8221;default&#8221; custom_margin=&#8221;24px||||false|false&#8221; hover_enabled=&#8221;0&#8243; global_colors_info=&#8221;{}&#8221; sticky_enabled=&#8221;0&#8243;]<\/p>\n<h2 style=\"text-align: center; text-transform: uppercase;\"><strong><span style=\"font-size: x-large;\">Wype\u0142nij ten kr\u00f3tki formularz lub skontaktuj si\u0119 bezpo\u015brednio z naszym ekspertem pod adresem <a href=\"mailto:sales@omni3d.com%20\">SALES@OMNI3D.COM<\/a> <\/span><\/strong><\/h2>\n<p>[\/et_pb_text][et_pb_text disabled_on=&#8221;off|off|off&#8221; _builder_version=&#8221;4.27.2&#8243; _module_preset=&#8221;2d9a58c7-a3cb-4fc4-be86-d68148e8b4a2&#8243; text_font=&#8221;&#8211;et_global_body_font|300|||||||&#8221; text_font_size=&#8221;14px&#8221; header_4_font=&#8221;&#8211;et_global_heading_font|300|on||||||&#8221; global_colors_info=&#8221;{}&#8221;]\n<div class=\"wpcf7 no-js\" id=\"wpcf7-f19926-o1\" lang=\"pl-PL\" dir=\"ltr\" data-wpcf7-id=\"19926\">\n<div class=\"screen-reader-response\"><p role=\"status\" aria-live=\"polite\" aria-atomic=\"true\"><\/p> <ul><\/ul><\/div>\n<form action=\"\/pl\/wp-json\/wp\/v2\/pages\/19603#wpcf7-f19926-o1\" method=\"post\" class=\"wpcf7-form init\" aria-label=\"Formularz kontaktowy\" novalidate=\"novalidate\" data-status=\"init\">\n<fieldset class=\"hidden-fields-container\"><input type=\"hidden\" name=\"_wpcf7\" value=\"19926\" \/><input type=\"hidden\" name=\"_wpcf7_version\" value=\"6.1.5\" \/><input type=\"hidden\" name=\"_wpcf7_locale\" value=\"pl_PL\" \/><input type=\"hidden\" name=\"_wpcf7_unit_tag\" value=\"wpcf7-f19926-o1\" \/><input type=\"hidden\" name=\"_wpcf7_container_post\" value=\"0\" \/><input type=\"hidden\" name=\"_wpcf7_posted_data_hash\" value=\"\" \/><input type=\"hidden\" name=\"_wpcf7_recaptcha_response\" value=\"\" \/>\n<\/fieldset>\n<div class=\"omni3d-form\">\n\t<div class=\"form-header\">\n\t\t<h3 class=\"form-section-title\">WYBIERZ PRODUKT OMNI3D, O KT\u00d3RYM CHCESZ POROZMAWIA\u0106\n\t\t<\/h3>\n\t\t<div class=\"radio-group\">\n\t\t\t<p><span class=\"wpcf7-form-control-wrap\" data-name=\"product-type\"><span class=\"wpcf7-form-control wpcf7-radio styled-radio\"><span class=\"wpcf7-list-item first\"><input type=\"radio\" name=\"product-type\" value=\"Drukarka\" checked=\"checked\" \/><span class=\"wpcf7-list-item-label\">Drukarka<\/span><\/span><span class=\"wpcf7-list-item\"><input type=\"radio\" name=\"product-type\" value=\"3D Multymaterial Suszarka\" \/><span class=\"wpcf7-list-item-label\">3D Multymaterial Suszarka<\/span><\/span><span class=\"wpcf7-list-item\"><input type=\"radio\" name=\"product-type\" value=\"Filament\" \/><span class=\"wpcf7-list-item-label\">Filament<\/span><\/span><span class=\"wpcf7-list-item last\"><input type=\"radio\" name=\"product-type\" value=\"Inne\" \/><span class=\"wpcf7-list-item-label\">Inne<\/span><\/span><\/span><\/span>\n\t\t\t<\/p>\n\t\t<\/div>\n\t<\/div>\n\t<div class=\"form-body\">\n\t\t<div class=\"form-row\">\n\t\t\t<div class=\"form-col\">\n\t\t\t\t<div class=\"form-group\">\n\t\t\t\t\t<h4 class=\"input-title\">Firma i osoba kontaktowa\n\t\t\t\t\t<\/h4>\n\t\t\t\t\t<p><span class=\"wpcf7-form-control-wrap\" data-name=\"your-name\"><input size=\"40\" maxlength=\"400\" class=\"wpcf7-form-control wpcf7-text wpcf7-validates-as-required styled-input\" aria-required=\"true\" aria-invalid=\"false\" value=\"\" type=\"text\" name=\"your-name\" \/><\/span>\n\t\t\t\t\t<\/p>\n\t\t\t\t<\/div>\n\t\t\t<\/div>\n\t\t\t<div class=\"form-col\">\n\t\t\t\t<div class=\"form-group\">\n\t\t\t\t\t<h4 class=\"input-title\">Adres e-mail\n\t\t\t\t\t<\/h4>\n\t\t\t\t\t<p><span class=\"wpcf7-form-control-wrap\" data-name=\"email-address\"><input size=\"40\" maxlength=\"400\" class=\"wpcf7-form-control wpcf7-email wpcf7-validates-as-required wpcf7-text wpcf7-validates-as-email styled-input\" aria-required=\"true\" aria-invalid=\"false\" value=\"\" type=\"email\" name=\"email-address\" \/><\/span>\n\t\t\t\t\t<\/p>\n\t\t\t\t<\/div>\n\t\t\t<\/div>\n\t\t<\/div>\n\t\t<div class=\"form-row\">\n\t\t\t<div class=\"form-col\">\n\t\t\t\t<div class=\"form-group\">\n\t\t\t\t\t<h4 class=\"input-title\">Kraj\n\t\t\t\t\t<\/h4>\n\t\t\t\t\t<p><span class=\"wpcf7-form-control-wrap\" data-name=\"country\"><input size=\"40\" maxlength=\"400\" class=\"wpcf7-form-control wpcf7-text wpcf7-validates-as-required styled-input\" aria-required=\"true\" aria-invalid=\"false\" value=\"\" type=\"text\" name=\"country\" \/><\/span>\n\t\t\t\t\t<\/p>\n\t\t\t\t<\/div>\n\t\t\t<\/div>\n\t\t\t<div class=\"form-col\">\n\t\t\t\t<div class=\"form-group\">\n\t\t\t\t\t<h4 class=\"input-title\">Przemys\u0142\n\t\t\t\t\t<\/h4>\n\t\t\t\t\t<p><span class=\"wpcf7-form-control-wrap\" data-name=\"industry\"><input size=\"40\" maxlength=\"400\" class=\"wpcf7-form-control wpcf7-text wpcf7-validates-as-required styled-input\" aria-required=\"true\" aria-invalid=\"false\" value=\"\" type=\"text\" name=\"industry\" \/><\/span>\n\t\t\t\t\t<\/p>\n\t\t\t\t<\/div>\n\t\t\t<\/div>\n\t\t<\/div>\n\t\t<div class=\"form-row\">\n\t\t\t<div class=\"form-col\">\n\t\t\t\t<div class=\"form-group\">\n\t\t\t\t\t<h4 class=\"input-title\">Temat\n\t\t\t\t\t<\/h4>\n\t\t\t\t\t<p><span class=\"wpcf7-form-control-wrap\" data-name=\"your-subject\"><input size=\"40\" maxlength=\"400\" class=\"wpcf7-form-control wpcf7-text wpcf7-validates-as-required styled-input\" aria-required=\"true\" aria-invalid=\"false\" value=\"\" type=\"text\" name=\"your-subject\" \/><\/span>\n\t\t\t\t\t<\/p>\n\t\t\t\t<\/div>\n\t\t\t<\/div>\n\t\t<\/div>\n\t\t<div class=\"form-group\">\n\t\t\t<h4 class=\"input-title\">Notatki\n\t\t\t<\/h4>\n\t\t\t<p><span class=\"wpcf7-form-control-wrap\" data-name=\"issue-description\"><textarea cols=\"40\" rows=\"10\" maxlength=\"2000\" class=\"wpcf7-form-control wpcf7-textarea wpcf7-validates-as-required styled-textarea\" aria-required=\"true\" aria-invalid=\"false\" name=\"issue-description\"><\/textarea><\/span>\n\t\t\t<\/p>\n\t\t<\/div>\n\t\t<div class=\"form-group acceptance\">\n\t\t\t<h4 class=\"input-title\">Zgoda\n\t\t\t<\/h4>\n\t\t\t<p><i><span class=\"wpcf7-form-control-wrap\" data-name=\"privacy-policy\"><span class=\"wpcf7-form-control wpcf7-acceptance\"><span class=\"wpcf7-list-item\"><label><input type=\"checkbox\" name=\"privacy-policy\" value=\"1\" class=\"styled-checkbox\" aria-invalid=\"false\" \/><span class=\"wpcf7-list-item-label\">Tak, zgadzam si\u0119 z polityk\u0105 prywatno\u015bci<\/span><\/label><\/span><\/span><\/span> <\/i>\n\t\t\t<\/p>\n\t\t<\/div>\n\t\t<p><input class=\"wpcf7-form-control wpcf7-submit has-spinner styled-submit\" type=\"submit\" value=\"Wy\u015blij\" \/>\n\t\t<\/p>\n\t<\/div>\n<\/div><div class=\"wpcf7-response-output\" aria-hidden=\"true\"><\/div>\n<\/form>\n<\/div>\n[\/et_pb_text][et_pb_code disabled_on=&#8221;on|on|off&#8221; _builder_version=&#8221;4.27.2&#8243; _module_preset=&#8221;default&#8221; global_colors_info=&#8221;{}&#8221;]<script><!-- [et_pb_line_break_holder] -->document.addEventListener('DOMContentLoaded', function() {<!-- [et_pb_line_break_holder] -->    const fileUpload = document.getElementById ('file-upload');<!-- [et_pb_line_break_holder] -->    const uploadArea = document.querySelector('.file-upload-area');<!-- [et_pb_line_break_holder] -->    const uploadLink = document.querySelector('.upload-link');<!-- [et_pb_line_break_holder] -->    <!-- [et_pb_line_break_holder] -->    if (fileUpload && uploadArea) {<!-- [et_pb_line_break_holder] -->        \/\/ Click trigger for the link<!-- [et_pb_line_break_holder] -->        uploadLink.addEventListener('click', function(e) {<!-- [et_pb_line_break_holder] -->            e.preventDefault();<!-- [et_pb_line_break_holder] -->            fileUpload.click();<!-- [et_pb_line_break_holder] -->        });<!-- [et_pb_line_break_holder] -->        <!-- [et_pb_line_break_holder] -->        \/\/ Drag and drop functionality<!-- [et_pb_line_break_holder] -->        uploadArea.addEventListener('dragover', function(e) {<!-- [et_pb_line_break_holder] -->            e.preventDefault();<!-- [et_pb_line_break_holder] -->            this.classList.add('drag-over');<!-- [et_pb_line_break_holder] -->        });<!-- [et_pb_line_break_holder] -->        <!-- [et_pb_line_break_holder] -->        uploadArea.addEventListener('dragleave', function() {<!-- [et_pb_line_break_holder] -->            this.classList.remove('drag-over');<!-- [et_pb_line_break_holder] -->        });<!-- [et_pb_line_break_holder] -->        <!-- [et_pb_line_break_holder] -->        uploadArea.addEventListener('drop', function(e) {<!-- [et_pb_line_break_holder] -->            e.preventDefault();<!-- [et_pb_line_break_holder] -->            this.classList.remove('drag-over');<!-- [et_pb_line_break_holder] -->            fileUpload.files = e.dataTransfer.files;<!-- [et_pb_line_break_holder] -->            updateFileList();<!-- [et_pb_line_break_holder] -->        });<!-- [et_pb_line_break_holder] -->        <!-- [et_pb_line_break_holder] -->        \/\/ Regular file selection<!-- [et_pb_line_break_holder] -->        fileUpload.addEventListener('change', updateFileList);<!-- [et_pb_line_break_holder] -->        <!-- [et_pb_line_break_holder] -->        function updateFileList() {<!-- [et_pb_line_break_holder] -->            if (fileUpload.files.length > 0) {<!-- [et_pb_line_break_holder] -->                const filesText = fileUpload.files.length === 1 <!-- [et_pb_line_break_holder] -->                    ? fileUpload.files[0].name <!-- [et_pb_line_break_holder] -->                    : `${fileUpload.files.length} files selected`;<!-- [et_pb_line_break_holder] -->                document.querySelector('.upload-text').textContent = filesText;<!-- [et_pb_line_break_holder] -->            }<!-- [et_pb_line_break_holder] -->        }<!-- [et_pb_line_break_holder] -->    }<!-- [et_pb_line_break_holder] -->});<!-- [et_pb_line_break_holder] --><\/script>[\/et_pb_code][\/et_pb_column][\/et_pb_row][et_pb_row column_structure=&#8221;1_3,1_3,1_3&#8243; _builder_version=&#8221;4.27.5&#8243; _module_preset=&#8221;default&#8221; global_colors_info=&#8221;{}&#8221;][et_pb_column type=&#8221;1_3&#8243; _builder_version=&#8221;4.27.5&#8243; _module_preset=&#8221;default&#8221; global_colors_info=&#8221;{}&#8221;][et_pb_image src=&#8221;https:\/\/omni3d.com\/web\/wp-content\/uploads\/2026\/01\/Demian-Gawianski-300&#215;300.png&#8221; title_text=&#8221;Demian-Gawianski&#8221; align=&#8221;center&#8221; _builder_version=&#8221;4.27.5&#8243; _module_preset=&#8221;default&#8221; border_radii=&#8221;on|200px|200px|200px|200px&#8221; global_colors_info=&#8221;{}&#8221;][\/et_pb_image][et_pb_team_member name=&#8221;Demian Gawianski&#8221; position=&#8221;Dyrektor ds. Handlowych&#8221; _builder_version=&#8221;4.27.5&#8243; _module_preset=&#8221;default&#8221; header_text_align=&#8221;center&#8221; body_text_align=&#8221;center&#8221; position_text_align=&#8221;center&#8221; text_orientation=&#8221;center&#8221; module_alignment=&#8221;center&#8221; hover_enabled=&#8221;0&#8243; custom_css_member_image=&#8221;text-align: center;||margin-left: auto;||margin-right: auto;||display: flex;||justify-content: center;||align-items: center;&#8221; border_style_all=&#8221;none&#8221; border_style_all_image=&#8221;none&#8221; global_colors_info=&#8221;{}&#8221; sticky_enabled=&#8221;0&#8243;]<\/p>\n<p><span><strong><\/strong><\/span><\/p>\n<p><span><strong>Sprzeda\u017c globalna<\/strong><br \/><span class=\"a_GcMg font-feature-liga-off font-feature-clig-off font-feature-calt-off text-decoration-none text-strikethrough-none\">+48 577 622 102<\/span><br \/><a href=\"mailto:dg@omni3d.net\" target=\"_blank\" rel=\"noopener\">dg@omni3d.net<\/a><br \/><\/span><\/p>\n<p>[\/et_pb_team_member][\/et_pb_column][et_pb_column type=&#8221;1_3&#8243; _builder_version=&#8221;4.27.5&#8243; _module_preset=&#8221;default&#8221; global_colors_info=&#8221;{}&#8221;][et_pb_image src=&#8221;https:\/\/omni3d.com\/web\/wp-content\/uploads\/2026\/01\/Jacek-Krzyzanowski-Omni3D-scaled-1-e1768417356145-300&#215;300.jpg&#8221; alt=&#8221;jk@omni3d.com&#8221; title_text=&#8221;Jacek-Krzyzanowski&#8221; align=&#8221;center&#8221; _builder_version=&#8221;4.27.5&#8243; _module_preset=&#8221;default&#8221; border_radii=&#8221;on|200px|200px|200px|200px&#8221; global_colors_info=&#8221;{}&#8221;][\/et_pb_image][et_pb_team_member name=&#8221; Jacek Krzy\u017canowski&#8221; position=&#8221;Key Account Manager&#8221; _builder_version=&#8221;4.27.5&#8243; _module_preset=&#8221;default&#8221; header_text_align=&#8221;center&#8221; body_text_align=&#8221;center&#8221; position_text_align=&#8221;center&#8221; text_orientation=&#8221;center&#8221; module_alignment=&#8221;center&#8221; custom_css_member_image=&#8221;text-align: center;||margin-left: auto;||margin-right: auto;||display: flex;||justify-content: center;||align-items: center;&#8221; border_style_all=&#8221;none&#8221; border_style_all_image=&#8221;none&#8221; global_colors_info=&#8221;{}&#8221;]<\/p>\n<p><span><span class=\"_aupe copyable-text xkrh14z\"><strong><\/strong><\/span><\/span><\/p>\n<p><span><span class=\"_aupe copyable-text xkrh14z\"><strong>Zastosowania kolejowe i przemys\u0142owe.<\/strong> Polska i Niemcy<\/span><br \/>+48 886 618 690<\/span><br \/><a href=\"mailto:jk@omni3d.com\" target=\"_blank\" rel=\"noopener\">jk@omni3d.com<\/a><\/p>\n<p>[\/et_pb_team_member][\/et_pb_column][et_pb_column type=&#8221;1_3&#8243; _builder_version=&#8221;4.27.5&#8243; _module_preset=&#8221;default&#8221; global_colors_info=&#8221;{}&#8221;][et_pb_image src=&#8221;https:\/\/omni3d.com\/web\/wp-content\/uploads\/2026\/01\/Monika-Niedzwiedzinska-300&#215;300.jpg&#8221; title_text=&#8221;Monika-Niedzwiedzinska&#8221; align=&#8221;center&#8221; _builder_version=&#8221;4.27.5&#8243; _module_preset=&#8221;default&#8221; border_radii=&#8221;on|200px|200px|200px|200px&#8221; global_colors_info=&#8221;{}&#8221;][\/et_pb_image][et_pb_team_member name=&#8221; Monika Nied\u017awiedzi\u0144ska&#8221; position=&#8221;Kierownik ds. Presales&#8221; _builder_version=&#8221;4.27.5&#8243; _module_preset=&#8221;default&#8221; header_text_align=&#8221;center&#8221; body_text_align=&#8221;center&#8221; position_text_align=&#8221;center&#8221; text_orientation=&#8221;center&#8221; module_alignment=&#8221;center&#8221; custom_css_member_image=&#8221;text-align: center;||margin-left: auto;||margin-right: auto;||display: flex;||justify-content: center;||align-items: center;&#8221; border_style_all=&#8221;none&#8221; border_style_all_image=&#8221;none&#8221; global_colors_info=&#8221;{}&#8221;]<\/p>\n<p><span><\/span><\/p>\n<p><span>+48 881 757 632<br \/><a href=\"mailto:mn@omni3d.net\" target=\"_blank\" rel=\"noopener\">mn@omni3d.net<\/a><br \/><\/span><\/p>\n<p>[\/et_pb_team_member][\/et_pb_column][\/et_pb_row][\/et_pb_section]<\/p>\n<span class=\"et_bloom_bottom_trigger\"><\/span>","protected":false},"excerpt":{"rendered":"<p>Wype\u0142nij ten kr\u00f3tki formularz lub skontaktuj si\u0119 bezpo\u015brednio z naszym ekspertem pod adresem SALES@OMNI3D.COM \n<div class=\"wpcf7 no-js\" id=\"wpcf7-f19926-o2\" lang=\"pl-PL\" dir=\"ltr\" data-wpcf7-id=\"19926\">\n<div class=\"screen-reader-response\"><p role=\"status\" aria-live=\"polite\" aria-atomic=\"true\"><\/p> <ul><\/ul><\/div>\n<form action=\"\/pl\/wp-json\/wp\/v2\/pages\/19603#wpcf7-f19926-o2\" method=\"post\" class=\"wpcf7-form init\" aria-label=\"Formularz kontaktowy\" novalidate=\"novalidate\" data-status=\"init\">\n<fieldset class=\"hidden-fields-container\"><input type=\"hidden\" name=\"_wpcf7\" value=\"19926\" \/><input type=\"hidden\" name=\"_wpcf7_version\" value=\"6.1.5\" \/><input type=\"hidden\" name=\"_wpcf7_locale\" value=\"pl_PL\" \/><input type=\"hidden\" name=\"_wpcf7_unit_tag\" value=\"wpcf7-f19926-o2\" \/><input type=\"hidden\" name=\"_wpcf7_container_post\" value=\"0\" \/><input type=\"hidden\" name=\"_wpcf7_posted_data_hash\" value=\"\" \/><input type=\"hidden\" name=\"_wpcf7_recaptcha_response\" value=\"\" \/>\n<\/fieldset>\n<div class=\"omni3d-form\">\n\t<div class=\"form-header\">\n\t\t<h3 class=\"form-section-title\">WYBIERZ PRODUKT OMNI3D, O KT\u00d3RYM CHCESZ POROZMAWIA\u0106\n\t\t<\/h3>\n\t\t<div class=\"radio-group\">\n\t\t\t<p><span class=\"wpcf7-form-control-wrap\" data-name=\"product-type\"><span class=\"wpcf7-form-control wpcf7-radio styled-radio\"><span class=\"wpcf7-list-item first\"><input type=\"radio\" name=\"product-type\" value=\"Drukarka\" checked=\"checked\" \/><span class=\"wpcf7-list-item-label\">Drukarka<\/span><\/span><span class=\"wpcf7-list-item\"><input type=\"radio\" name=\"product-type\" value=\"3D Multymaterial Suszarka\" \/><span class=\"wpcf7-list-item-label\">3D Multymaterial Suszarka<\/span><\/span><span class=\"wpcf7-list-item\"><input type=\"radio\" name=\"product-type\" value=\"Filament\" \/><span class=\"wpcf7-list-item-label\">Filament<\/span><\/span><span class=\"wpcf7-list-item last\"><input type=\"radio\" name=\"product-type\" value=\"Inne\" \/><span class=\"wpcf7-list-item-label\">Inne<\/span><\/span><\/span><\/span>\n\t\t\t<\/p>\n\t\t<\/div>\n\t<\/div>\n\t<div class=\"form-body\">\n\t\t<div class=\"form-row\">\n\t\t\t<div class=\"form-col\">\n\t\t\t\t<div class=\"form-group\">\n\t\t\t\t\t<h4 class=\"input-title\">Firma i osoba kontaktowa\n\t\t\t\t\t<\/h4>\n\t\t\t\t\t<p><span class=\"wpcf7-form-control-wrap\" data-name=\"your-name\"><input size=\"40\" maxlength=\"400\" class=\"wpcf7-form-control wpcf7-text wpcf7-validates-as-required styled-input\" aria-required=\"true\" aria-invalid=\"false\" value=\"\" type=\"text\" name=\"your-name\" \/><\/span>\n\t\t\t\t\t<\/p>\n\t\t\t\t<\/div>\n\t\t\t<\/div>\n\t\t\t<div class=\"form-col\">\n\t\t\t\t<div class=\"form-group\">\n\t\t\t\t\t<h4 class=\"input-title\">Adres e-mail\n\t\t\t\t\t<\/h4>\n\t\t\t\t\t<p><span class=\"wpcf7-form-control-wrap\" data-name=\"email-address\"><input size=\"40\" maxlength=\"400\" class=\"wpcf7-form-control wpcf7-email wpcf7-validates-as-required wpcf7-text wpcf7-validates-as-email styled-input\" aria-required=\"true\" aria-invalid=\"false\" value=\"\" type=\"email\" name=\"email-address\" \/><\/span>\n\t\t\t\t\t<\/p>\n\t\t\t\t<\/div>\n\t\t\t<\/div>\n\t\t<\/div>\n\t\t<div class=\"form-row\">\n\t\t\t<div class=\"form-col\">\n\t\t\t\t<div class=\"form-group\">\n\t\t\t\t\t<h4 class=\"input-title\">Kraj\n\t\t\t\t\t<\/h4>\n\t\t\t\t\t<p><span class=\"wpcf7-form-control-wrap\" data-name=\"country\"><input size=\"40\" maxlength=\"400\" class=\"wpcf7-form-control wpcf7-text wpcf7-validates-as-required styled-input\" aria-required=\"true\" aria-invalid=\"false\" value=\"\" type=\"text\" name=\"country\" \/><\/span>\n\t\t\t\t\t<\/p>\n\t\t\t\t<\/div>\n\t\t\t<\/div>\n\t\t\t<div class=\"form-col\">\n\t\t\t\t<div class=\"form-group\">\n\t\t\t\t\t<h4 class=\"input-title\">Przemys\u0142\n\t\t\t\t\t<\/h4>\n\t\t\t\t\t<p><span class=\"wpcf7-form-control-wrap\" data-name=\"industry\"><input size=\"40\" maxlength=\"400\" class=\"wpcf7-form-control wpcf7-text wpcf7-validates-as-required styled-input\" aria-required=\"true\" aria-invalid=\"false\" value=\"\" type=\"text\" name=\"industry\" \/><\/span>\n\t\t\t\t\t<\/p>\n\t\t\t\t<\/div>\n\t\t\t<\/div>\n\t\t<\/div>\n\t\t<div class=\"form-row\">\n\t\t\t<div class=\"form-col\">\n\t\t\t\t<div class=\"form-group\">\n\t\t\t\t\t<h4 class=\"input-title\">Temat\n\t\t\t\t\t<\/h4>\n\t\t\t\t\t<p><span class=\"wpcf7-form-control-wrap\" data-name=\"your-subject\"><input size=\"40\" maxlength=\"400\" class=\"wpcf7-form-control wpcf7-text wpcf7-validates-as-required styled-input\" aria-required=\"true\" aria-invalid=\"false\" value=\"\" type=\"text\" name=\"your-subject\" \/><\/span>\n\t\t\t\t\t<\/p>\n\t\t\t\t<\/div>\n\t\t\t<\/div>\n\t\t<\/div>\n\t\t<div class=\"form-group\">\n\t\t\t<h4 class=\"input-title\">Notatki\n\t\t\t<\/h4>\n\t\t\t<p><span class=\"wpcf7-form-control-wrap\" data-name=\"issue-description\"><textarea cols=\"40\" rows=\"10\" maxlength=\"2000\" class=\"wpcf7-form-control wpcf7-textarea wpcf7-validates-as-required styled-textarea\" aria-required=\"true\" aria-invalid=\"false\" name=\"issue-description\"><\/textarea><\/span>\n\t\t\t<\/p>\n\t\t<\/div>\n\t\t<div class=\"form-group acceptance\">\n\t\t\t<h4 class=\"input-title\">Zgoda\n\t\t\t<\/h4>\n\t\t\t<p><i><span class=\"wpcf7-form-control-wrap\" data-name=\"privacy-policy\"><span class=\"wpcf7-form-control wpcf7-acceptance\"><span class=\"wpcf7-list-item\"><label><input type=\"checkbox\" name=\"privacy-policy\" value=\"1\" class=\"styled-checkbox\" aria-invalid=\"false\" \/><span class=\"wpcf7-list-item-label\">Tak, zgadzam si\u0119 z polityk\u0105 prywatno\u015bci<\/span><\/label><\/span><\/span><\/span> <\/i>\n\t\t\t<\/p>\n\t\t<\/div>\n\t\t<p><input class=\"wpcf7-form-control wpcf7-submit has-spinner styled-submit\" type=\"submit\" value=\"Wy\u015blij\" \/>\n\t\t<\/p>\n\t<\/div>\n<\/div><div class=\"wpcf7-response-output\" aria-hidden=\"true\"><\/div>\n<\/form>\n<\/div>\n Sprzeda\u017c globalna+48 577 622 102dg@omni3d.net Zastosowania kolejowe i przemys\u0142owe. Polska i Niemcy+48 886 618 690jk@omni3d.com +48 881 757 632mn@omni3d.net<\/p>\n","protected":false},"author":1,"featured_media":0,"parent":0,"menu_order":0,"comment_status":"closed","ping_status":"closed","template":"","meta":{"_et_pb_use_builder":"on","_et_pb_old_content":"","_et_gb_content_width":"","footnotes":""},"class_list":["post-19603","page","type-page","status-publish","hentry"],"_links":{"self":[{"href":"https:\/\/omni3d.com\/pl\/wp-json\/wp\/v2\/pages\/19603","targetHints":{"allow":["GET"]}}],"collection":[{"href":"https:\/\/omni3d.com\/pl\/wp-json\/wp\/v2\/pages"}],"about":[{"href":"https:\/\/omni3d.com\/pl\/wp-json\/wp\/v2\/types\/page"}],"author":[{"embeddable":true,"href":"https:\/\/omni3d.com\/pl\/wp-json\/wp\/v2\/users\/1"}],"replies":[{"embeddable":true,"href":"https:\/\/omni3d.com\/pl\/wp-json\/wp\/v2\/comments?post=19603"}],"version-history":[{"count":6,"href":"https:\/\/omni3d.com\/pl\/wp-json\/wp\/v2\/pages\/19603\/revisions"}],"predecessor-version":[{"id":20843,"href":"https:\/\/omni3d.com\/pl\/wp-json\/wp\/v2\/pages\/19603\/revisions\/20843"}],"wp:attachment":[{"href":"https:\/\/omni3d.com\/pl\/wp-json\/wp\/v2\/media?parent=19603"}],"curies":[{"name":"wp","href":"https:\/\/api.w.org\/{rel}","templated":true}]}}