{"id":19606,"date":"2025-02-19T11:16:02","date_gmt":"2025-02-19T11:16:02","guid":{"rendered":"https:\/\/omni3d.com\/web\/kontakt\/"},"modified":"2025-11-25T08:03:28","modified_gmt":"2025-11-25T08:03:28","slug":"kontakt","status":"publish","type":"page","link":"https:\/\/omni3d.com\/pl\/kontakt\/","title":{"rendered":"Kontakt"},"content":{"rendered":"<p>[et_pb_section fb_built=&#8221;1&#8243; _builder_version=&#8221;4.27.2&#8243; _module_preset=&#8221;default&#8221; background_color=&#8221;rgba(0,0,0,0.4)&#8221; background_image=&#8221;https:\/\/omni3d.com\/web\/wp-content\/uploads\/2025\/05\/47ce2f32-6833-43e6-bb3e-496671bbfa8d.webp&#8221; background_blend=&#8221;darken&#8221; locked=&#8221;off&#8221; global_colors_info=&#8221;{}&#8221;][et_pb_row make_equal=&#8221;on&#8221; custom_padding_last_edited=&#8221;on|tablet&#8221; _builder_version=&#8221;4.27.2&#8243; _module_preset=&#8221;default&#8221; min_height=&#8221;50vh&#8221; custom_padding=&#8221;|5%||5%|false|true&#8221; custom_padding_tablet=&#8221;|0%||0%|false|true&#8221; custom_padding_phone=&#8221;|0%||0%|false|true&#8221; custom_css_main_element=&#8221;align-items: center;&#8221; global_colors_info=&#8221;{}&#8221;][et_pb_column type=&#8221;4_4&#8243; _builder_version=&#8221;4.27.0&#8243; _module_preset=&#8221;default&#8221; global_colors_info=&#8221;{}&#8221;][et_pb_heading title=&#8221;FORMULARZ kontaktowy&#8221; _builder_version=&#8221;4.27.2&#8243; _module_preset=&#8221;ad21b3f3-a786-436b-a7b5-6d1f6dd25328&#8243; title_level=&#8221;h1&#8243; title_text_color=&#8221;#FFFFFF&#8221; title_font_size=&#8221;3rem&#8221; global_colors_info=&#8221;{}&#8221;][\/et_pb_heading][\/et_pb_column][\/et_pb_row][\/et_pb_section][et_pb_section fb_built=&#8221;1&#8243; _builder_version=&#8221;4.27.2&#8243; _module_preset=&#8221;default&#8221; background_color=&#8221;RGBA(255,255,255,0)&#8221; use_background_color_gradient=&#8221;on&#8221; background_color_gradient_stops=&#8221;rgba(255,255,255,0) 0%|rgba(255, 255, 255, 0.04) 82%|#ffffff 100%&#8221; background_color_gradient_overlays_image=&#8221;on&#8221; background_image=&#8221;https:\/\/omni3d.com\/web\/wp-content\/uploads\/2024\/09\/bg-hex-header-2.webp&#8221; background_size=&#8221;custom&#8221; background_image_width=&#8221;100%&#8221; background_position=&#8221;top_center&#8221; background_vertical_offset=&#8221;0%&#8221; z_index=&#8221;4&#8243; custom_margin=&#8221;-190px||||false|false&#8221; custom_margin_tablet=&#8221;-190px||||false|false&#8221; custom_margin_phone=&#8221;-100px||||false|false&#8221; custom_margin_last_edited=&#8221;on|phone&#8221; custom_padding=&#8221;||100px||false|false&#8221; bottom_divider_style=&#8221;mountains&#8221; bottom_divider_color=&#8221;#f2860c&#8221; bottom_divider_height=&#8221;60px&#8221; bottom_divider_repeat=&#8221;1x&#8221; bottom_divider_flip=&#8221;vertical&#8221; global_colors_info=&#8221;{%22gcid-primary-color%22:%91%22bottom_divider_color%22%93}&#8221;][et_pb_row _builder_version=&#8221;4.27.2&#8243; _module_preset=&#8221;default&#8221; custom_margin=&#8221;141px|auto||auto|false|false&#8221; custom_padding=&#8221;||7px|||&#8221; global_colors_info=&#8221;{}&#8221;][et_pb_column type=&#8221;4_4&#8243; _builder_version=&#8221;4.27.2&#8243; _module_preset=&#8221;default&#8221; global_colors_info=&#8221;{}&#8221;][et_pb_text _builder_version=&#8221;4.27.2&#8243; _module_preset=&#8221;default&#8221; global_colors_info=&#8221;{}&#8221;]<\/p>\n<p><strong>Szybkie rozwi\u0105zywanie problem\u00f3w:<\/strong> Nasze Centrum zasob\u00f3w zawiera \u0142atwe do na\u015bladowania przewodniki i wskaz\u00f3wki dotycz\u0105ce rozwi\u0105zywania problem\u00f3w. <a href=\"https:\/\/omni3d.com\/pz\/\">Przejd\u017a do centrum zasob\u00f3w<\/a><\/p>\n<p><strong>Zam\u00f3w cz\u0119\u015bci zamienne:<\/strong> Kup oryginalne cz\u0119\u015bci Omni3D w naszym <a href=\"https:\/\/omni3d.com\/shop\/\">SKLEPIE.<\/a><br \/><a href=\"https:\/\/omni3d.com\/shop\/\"><strong><\/strong><\/a><\/p>\n<p><strong>Aby uzyska\u0107 spersonalizowane wsparcie:<\/strong> Je\u015bli nie mo\u017cesz znale\u017a\u0107 rozwi\u0105zania, prze\u015blij zg\u0142oszenie do pomocy technicznej, korzystaj\u0105c z poni\u017cszego formularza.<strong><a href=\"mailto:sales@omni3d.com\" target=\"_blank\" rel=\"noopener\"><\/a><\/strong><\/p>\n<p>[\/et_pb_text][et_pb_text disabled_on=&#8221;off|off|off&#8221; _builder_version=&#8221;4.27.2&#8243; _module_preset=&#8221;2d9a58c7-a3cb-4fc4-be86-d68148e8b4a2&#8243; text_font=&#8221;&#8211;et_global_body_font|300|||||||&#8221; text_font_size=&#8221;14px&#8221; header_4_font=&#8221;&#8211;et_global_heading_font|300|on||||||&#8221; global_colors_info=&#8221;{}&#8221;]<\/p>\n\n<div class=\"wpcf7 no-js\" id=\"wpcf7-f19928-o1\" lang=\"pl-PL\" dir=\"ltr\" data-wpcf7-id=\"19928\">\n<div class=\"screen-reader-response\"><p role=\"status\" aria-live=\"polite\" aria-atomic=\"true\"><\/p> <ul><\/ul><\/div>\n<form action=\"\/pl\/wp-json\/wp\/v2\/pages\/19606#wpcf7-f19928-o1\" method=\"post\" class=\"wpcf7-form init\" aria-label=\"Formularz kontaktowy\" enctype=\"multipart\/form-data\" novalidate=\"novalidate\" data-status=\"init\">\n<fieldset class=\"hidden-fields-container\"><input type=\"hidden\" name=\"_wpcf7\" value=\"19928\" \/><input type=\"hidden\" name=\"_wpcf7_version\" value=\"6.1.5\" \/><input type=\"hidden\" name=\"_wpcf7_locale\" value=\"pl_PL\" \/><input type=\"hidden\" name=\"_wpcf7_unit_tag\" value=\"wpcf7-f19928-o1\" \/><input type=\"hidden\" name=\"_wpcf7_container_post\" value=\"0\" \/><input type=\"hidden\" name=\"_wpcf7_posted_data_hash\" value=\"\" \/><input type=\"hidden\" name=\"_wpcf7_recaptcha_response\" value=\"\" \/>\n<\/fieldset>\n<div class=\"omni3d-form\">\n\t<div class=\"form-header\">\n\t\t<h3 class=\"form-section-title\">WYBIERZ PRODUKT OMNI3D, Z KT\u00d3RYM POTRZEBUJESZ POMOCY\n\t\t<\/h3>\n\t\t<div class=\"radio-group\">\n\t\t\t<p><span class=\"wpcf7-form-control-wrap\" data-name=\"product-type\"><span class=\"wpcf7-form-control wpcf7-radio styled-radio\"><span class=\"wpcf7-list-item first\"><input type=\"radio\" name=\"product-type\" value=\"Drukarki\" checked=\"checked\" \/><span class=\"wpcf7-list-item-label\">Drukarki<\/span><\/span><span class=\"wpcf7-list-item\"><input type=\"radio\" name=\"product-type\" value=\"Materia\u0142y 3D\" \/><span class=\"wpcf7-list-item-label\">Materia\u0142y 3D<\/span><\/span><span class=\"wpcf7-list-item\"><input type=\"radio\" name=\"product-type\" value=\"Us\u0142ugi druku\" \/><span class=\"wpcf7-list-item-label\">Us\u0142ugi druku<\/span><\/span><span class=\"wpcf7-list-item last\"><input type=\"radio\" name=\"product-type\" value=\"Inne\" \/><span class=\"wpcf7-list-item-label\">Inne<\/span><\/span><\/span><\/span>\n\t\t\t<\/p>\n\t\t<\/div>\n\t<\/div>\n\t<div class=\"form-body\">\n\t\t<div class=\"form-row\">\n\t\t\t<div class=\"form-col\">\n\t\t\t\t<div class=\"form-group\">\n\t\t\t\t\t<h4 class=\"input-title\">Firma i osoba kontaktowa\n\t\t\t\t\t<\/h4>\n\t\t\t\t\t<p><span class=\"wpcf7-form-control-wrap\" data-name=\"your-name\"><input size=\"40\" maxlength=\"400\" class=\"wpcf7-form-control wpcf7-text wpcf7-validates-as-required styled-input\" aria-required=\"true\" aria-invalid=\"false\" value=\"\" type=\"text\" name=\"your-name\" \/><\/span>\n\t\t\t\t\t<\/p>\n\t\t\t\t<\/div>\n\t\t\t<\/div>\n\t\t\t<div class=\"form-col\">\n\t\t\t\t<div class=\"form-group\">\n\t\t\t\t\t<h4 class=\"input-title\">Adres e-mail\n\t\t\t\t\t<\/h4>\n\t\t\t\t\t<p><span class=\"wpcf7-form-control-wrap\" data-name=\"email-address\"><input size=\"40\" maxlength=\"400\" class=\"wpcf7-form-control wpcf7-email wpcf7-validates-as-required wpcf7-text wpcf7-validates-as-email styled-input\" aria-required=\"true\" aria-invalid=\"false\" value=\"\" type=\"email\" name=\"email-address\" \/><\/span>\n\t\t\t\t\t<\/p>\n\t\t\t\t<\/div>\n\t\t\t<\/div>\n\t\t<\/div>\n\t\t<div class=\"form-row\">\n\t\t\t<div class=\"form-col\">\n\t\t\t\t<div class=\"form-group\">\n\t\t\t\t\t<h4 class=\"input-title\">Numer produktu i numeru seryjnego\n\t\t\t\t\t<\/h4>\n\t\t\t\t\t<p><span class=\"wpcf7-form-control-wrap\" data-name=\"product-serial\"><input size=\"40\" maxlength=\"400\" class=\"wpcf7-form-control wpcf7-text wpcf7-validates-as-required styled-input\" aria-required=\"true\" aria-invalid=\"false\" value=\"\" type=\"text\" name=\"product-serial\" \/><\/span>\n\t\t\t\t\t<\/p>\n\t\t\t\t<\/div>\n\t\t\t<\/div>\n\t\t\t<div class=\"form-col\">\n\t\t\t\t<div class=\"form-group\">\n\t\t\t\t\t<h4 class=\"input-title\">Slicer i wersja oprogramowania\n\t\t\t\t\t<\/h4>\n\t\t\t\t\t<p><span class=\"wpcf7-form-control-wrap\" data-name=\"slicer-software\"><input size=\"40\" maxlength=\"400\" class=\"wpcf7-form-control wpcf7-text wpcf7-validates-as-required styled-input\" aria-required=\"true\" aria-invalid=\"false\" value=\"\" type=\"text\" name=\"slicer-software\" \/><\/span>\n\t\t\t\t\t<\/p>\n\t\t\t\t<\/div>\n\t\t\t<\/div>\n\t\t<\/div>\n\t\t<div class=\"form-row\">\n\t\t\t<div class=\"form-col\">\n\t\t\t\t<div class=\"form-group\">\n\t\t\t\t\t<h4 class=\"input-title\">Marka i polimer (obie dysze)\n\t\t\t\t\t<\/h4>\n\t\t\t\t\t<p><span class=\"wpcf7-form-control-wrap\" data-name=\"brand-polymer\"><input size=\"40\" maxlength=\"400\" class=\"wpcf7-form-control wpcf7-text wpcf7-validates-as-required styled-input\" aria-required=\"true\" aria-invalid=\"false\" value=\"\" type=\"text\" name=\"brand-polymer\" \/><\/span>\n\t\t\t\t\t<\/p>\n\t\t\t\t<\/div>\n\t\t\t<\/div>\n\t\t\t<div class=\"form-col\">\n\t\t\t\t<div class=\"form-group\">\n\t\t\t\t\t<h4 class=\"input-title\">Profil u\u017cywany w Slicer (obie dysze)\n\t\t\t\t\t<\/h4>\n\t\t\t\t\t<p><span class=\"wpcf7-form-control-wrap\" data-name=\"slicer-profile\"><input size=\"40\" maxlength=\"400\" class=\"wpcf7-form-control wpcf7-text wpcf7-validates-as-required styled-input\" aria-required=\"true\" aria-invalid=\"false\" value=\"\" type=\"text\" name=\"slicer-profile\" \/><\/span>\n\t\t\t\t\t<\/p>\n\t\t\t\t<\/div>\n\t\t\t<\/div>\n\t\t<\/div>\n\t\t<div class=\"form-group\">\n\t\t\t<h4 class=\"input-title\">Czy materia\u0142 zosta\u0142 odpowiednio wysuszony przed drukiem?\n\t\t\t<\/h4>\n\t\t\t<div class=\"radio-options\">\n\t\t\t\t<p><span class=\"wpcf7-form-control-wrap\" data-name=\"material-dried\"><span class=\"wpcf7-form-control wpcf7-radio styled-radio\"><span class=\"wpcf7-list-item first last\"><input type=\"radio\" name=\"material-dried\" value=\"Tak Nie\" checked=\"checked\" \/><span class=\"wpcf7-list-item-label\">Tak Nie<\/span><\/span><\/span><\/span>\n\t\t\t\t<\/p>\n\t\t\t<\/div>\n\t\t<\/div>\n\t\t<div class=\"form-group\">\n\t\t\t<h4 class=\"input-title\">Opis problemu\n\t\t\t<\/h4>\n\t\t\t<p><span class=\"wpcf7-form-control-wrap\" data-name=\"issue-description\"><textarea cols=\"40\" rows=\"10\" maxlength=\"2000\" class=\"wpcf7-form-control wpcf7-textarea wpcf7-validates-as-required styled-textarea\" aria-required=\"true\" aria-invalid=\"false\" name=\"issue-description\"><\/textarea><\/span>\n\t\t\t<\/p>\n\t\t<\/div>\n\t\t<div class=\"form-group\">\n\t\t\t<h4 class=\"input-title\">Opis problemu\n\t\t\t<\/h4>\n\t\t\t<div class=\"file-upload-area\">\n\t\t\t\t<div class=\"upload-icon\">\n\t\t\t\t\t<p><svg xmlns=\"http:\/\/www.w3.org\/2000\/svg\" width=\"48\" height=\"48\" viewbox=\"0 0 24 24\" fill=\"none\" stroke=\"#ff6600\" stroke-width=\"2\" stroke-linecap=\"round\" stroke-linejoin=\"round\">\n                        <path d=\"M21 15v4a2 2 0 0 1-2 2H5a2 2 0 0 1-2-2v-4\"><\/path>\n                        <polyline points=\"17 8 12 3 7 8\"><\/polyline>\n                        <line x1=\"12\" y1=\"3\" x2=\"12\" y2=\"15\"><\/line>\n                    <\/svg>\n\t\t\t\t\t<\/p>\n\t\t\t\t<\/div>\n\t\t\t\t<div class=\"upload-text\">\n\t\t\t\t\t<p>Przeci\u0105gnij i upu\u015b\u0107 pliki tutaj lub <span class=\"upload-link\">wybierz pliki<\/span>\n\t\t\t\t\t<\/p>\n\t\t\t\t<\/div>\n\t\t\t\t<p><span class=\"wpcf7-form-control-wrap\" data-name=\"issue-file\"><input size=\"40\" class=\"wpcf7-form-control wpcf7-file styled-file\" id=\"file-upload\" accept=\".pdf,.doc,.docx,.jpg,.jpeg,.png,.stl,.gcode\" aria-invalid=\"false\" type=\"file\" name=\"issue-file\" \/><\/span>\n\t\t\t\t<\/p>\n\t\t\t\t<div class=\"upload-hint\">\n\t\t\t\t\t<p>Prze\u015blij GCODE, STL i ZDJ\u0118CIA WYDRUKU, aby m\u00f3c sprawdzi\u0107 i udzieli\u0107 dok\u0142adniejszej odpowiedzi.\n\t\t\t\t\t<\/p>\n\t\t\t\t<\/div>\n\t\t\t<\/div>\n\t\t<\/div>\n\t\t<div class=\"form-note\">\n\t\t\t<p><strong style=\"color:#eb6618\">Uwaga:<\/strong> nie mo\u017cemy zapewni\u0107 cennego wsparcia w przypadku jakichkolwiek problem\u00f3w lub uszkodze\u0144 zwi\u0105zanych z cz\u0119\u015bciami wydrukowanymi z nieautoryzowanymi profilami, nieoficjalnym slicerem lub innymi materia\u0142ami marki.\n\t\t\t<\/p>\n\t\t<\/div>\n\t\t<div class=\"form-group acceptance\">\n\t\t\t<h4 class=\"input-title\">Zgoda\n\t\t\t<\/h4>\n\t\t\t<p><i><span class=\"wpcf7-form-control-wrap\" data-name=\"privacy-policy\"><span class=\"wpcf7-form-control wpcf7-acceptance\"><span class=\"wpcf7-list-item\"><label><input type=\"checkbox\" name=\"privacy-policy\" value=\"1\" class=\"styled-checkbox\" aria-invalid=\"false\" \/><span class=\"wpcf7-list-item-label\">Tak, zgadzam si\u0119 z polityk\u0105 prywatno\u015bci<\/span><\/label><\/span><\/span><\/span> <\/i>\n\t\t\t<\/p>\n\t\t<\/div>\n\t\t<p><input class=\"wpcf7-form-control wpcf7-submit has-spinner styled-submit\" type=\"submit\" value=\"Wy\u015blij\" \/>\n\t\t<\/p>\n\t<\/div>\n<\/div><div class=\"wpcf7-response-output\" aria-hidden=\"true\"><\/div>\n<\/form>\n<\/div>\n\n<p>[\/et_pb_text][et_pb_code disabled_on=&#8221;on|on|off&#8221; _builder_version=&#8221;4.27.2&#8243; _module_preset=&#8221;default&#8221; hover_enabled=&#8221;0&#8243; global_colors_info=&#8221;{}&#8221; sticky_enabled=&#8221;0&#8243;]<!--:ignore:--><!-- [et_pb_line_break_holder] --><script><!-- [et_pb_line_break_holder] -->document.addEventListener('DOMContentLoaded', function() {<!-- [et_pb_line_break_holder] -->    const fileUpload = document.getElementById ('file-upload');<!-- [et_pb_line_break_holder] -->    const uploadArea = document.querySelector('.file-upload-area');<!-- [et_pb_line_break_holder] -->    const uploadLink = document.querySelector('.upload-link');<!-- [et_pb_line_break_holder] -->    <!-- [et_pb_line_break_holder] -->    if (fileUpload && uploadArea) {<!-- [et_pb_line_break_holder] -->        \/\/ Click trigger for the link<!-- [et_pb_line_break_holder] -->        uploadLink.addEventListener('click', function(e) {<!-- [et_pb_line_break_holder] -->            e.preventDefault();<!-- [et_pb_line_break_holder] -->            fileUpload.click();<!-- [et_pb_line_break_holder] -->        });<!-- [et_pb_line_break_holder] -->        <!-- [et_pb_line_break_holder] -->        \/\/ Drag and drop functionality<!-- [et_pb_line_break_holder] -->        uploadArea.addEventListener('dragover', function(e) {<!-- [et_pb_line_break_holder] -->            e.preventDefault();<!-- [et_pb_line_break_holder] -->            this.classList.add('drag-over');<!-- [et_pb_line_break_holder] -->        });<!-- [et_pb_line_break_holder] -->        <!-- [et_pb_line_break_holder] -->        uploadArea.addEventListener('dragleave', function() {<!-- [et_pb_line_break_holder] -->            this.classList.remove('drag-over');<!-- [et_pb_line_break_holder] -->        });<!-- [et_pb_line_break_holder] -->        <!-- [et_pb_line_break_holder] -->        uploadArea.addEventListener('drop', function(e) {<!-- [et_pb_line_break_holder] -->            e.preventDefault();<!-- [et_pb_line_break_holder] -->            this.classList.remove('drag-over');<!-- [et_pb_line_break_holder] -->            fileUpload.files = e.dataTransfer.files;<!-- [et_pb_line_break_holder] -->            updateFileList();<!-- [et_pb_line_break_holder] -->        });<!-- [et_pb_line_break_holder] -->        <!-- [et_pb_line_break_holder] -->        \/\/ Regular file selection<!-- [et_pb_line_break_holder] -->        fileUpload.addEventListener('change', updateFileList);<!-- [et_pb_line_break_holder] -->        <!-- [et_pb_line_break_holder] -->        function updateFileList() {<!-- [et_pb_line_break_holder] -->            if (fileUpload.files.length > 0) {<!-- [et_pb_line_break_holder] -->                const filesText = fileUpload.files.length === 1 <!-- [et_pb_line_break_holder] -->                    ? fileUpload.files[0].name <!-- [et_pb_line_break_holder] -->                    : `${fileUpload.files.length} files selected`;<!-- [et_pb_line_break_holder] -->                document.querySelector('.upload-text').textContent = filesText;<!-- [et_pb_line_break_holder] -->            }<!-- [et_pb_line_break_holder] -->        }<!-- [et_pb_line_break_holder] -->    }<!-- [et_pb_line_break_holder] -->});<!-- [et_pb_line_break_holder] --><\/script><!-- [et_pb_line_break_holder] --><!--:endignore:--><!-- [et_pb_line_break_holder] -->[\/et_pb_code][\/et_pb_column][\/et_pb_row][\/et_pb_section]<\/p>\n<span class=\"et_bloom_bottom_trigger\"><\/span>","protected":false},"excerpt":{"rendered":"<p>Szybkie rozwi\u0105zywanie problem\u00f3w: Nasze Centrum zasob\u00f3w zawiera \u0142atwe do na\u015bladowania przewodniki i wskaz\u00f3wki dotycz\u0105ce rozwi\u0105zywania problem\u00f3w. Przejd\u017a do centrum zasob\u00f3w Zam\u00f3w cz\u0119\u015bci zamienne: Kup oryginalne cz\u0119\u015bci Omni3D w naszym SKLEPIE. Aby uzyska\u0107 spersonalizowane wsparcie: Je\u015bli nie mo\u017cesz znale\u017a\u0107 rozwi\u0105zania, prze\u015blij zg\u0142oszenie do pomocy technicznej, korzystaj\u0105c z poni\u017cszego formularza.\n<div class=\"wpcf7 no-js\" id=\"wpcf7-f19928-o2\" lang=\"pl-PL\" dir=\"ltr\" data-wpcf7-id=\"19928\">\n<div class=\"screen-reader-response\"><p role=\"status\" aria-live=\"polite\" aria-atomic=\"true\"><\/p> <ul><\/ul><\/div>\n<form action=\"\/pl\/wp-json\/wp\/v2\/pages\/19606#wpcf7-f19928-o2\" method=\"post\" class=\"wpcf7-form init\" aria-label=\"Formularz kontaktowy\" enctype=\"multipart\/form-data\" novalidate=\"novalidate\" data-status=\"init\">\n<fieldset class=\"hidden-fields-container\"><input type=\"hidden\" name=\"_wpcf7\" value=\"19928\" \/><input type=\"hidden\" name=\"_wpcf7_version\" value=\"6.1.5\" \/><input type=\"hidden\" name=\"_wpcf7_locale\" value=\"pl_PL\" \/><input type=\"hidden\" name=\"_wpcf7_unit_tag\" value=\"wpcf7-f19928-o2\" \/><input type=\"hidden\" name=\"_wpcf7_container_post\" value=\"0\" \/><input type=\"hidden\" name=\"_wpcf7_posted_data_hash\" value=\"\" \/><input type=\"hidden\" name=\"_wpcf7_recaptcha_response\" value=\"\" \/>\n<\/fieldset>\n<div class=\"omni3d-form\">\n\t<div class=\"form-header\">\n\t\t<h3 class=\"form-section-title\">WYBIERZ PRODUKT OMNI3D, Z KT\u00d3RYM POTRZEBUJESZ POMOCY\n\t\t<\/h3>\n\t\t<div class=\"radio-group\">\n\t\t\t<p><span class=\"wpcf7-form-control-wrap\" data-name=\"product-type\"><span class=\"wpcf7-form-control wpcf7-radio styled-radio\"><span class=\"wpcf7-list-item first\"><input type=\"radio\" name=\"product-type\" value=\"Drukarki\" checked=\"checked\" \/><span class=\"wpcf7-list-item-label\">Drukarki<\/span><\/span><span class=\"wpcf7-list-item\"><input type=\"radio\" name=\"product-type\" value=\"Materia\u0142y 3D\" \/><span class=\"wpcf7-list-item-label\">Materia\u0142y 3D<\/span><\/span><span class=\"wpcf7-list-item\"><input type=\"radio\" name=\"product-type\" value=\"Us\u0142ugi druku\" \/><span class=\"wpcf7-list-item-label\">Us\u0142ugi druku<\/span><\/span><span class=\"wpcf7-list-item last\"><input type=\"radio\" name=\"product-type\" value=\"Inne\" \/><span class=\"wpcf7-list-item-label\">Inne<\/span><\/span><\/span><\/span>\n\t\t\t<\/p>\n\t\t<\/div>\n\t<\/div>\n\t<div class=\"form-body\">\n\t\t<div class=\"form-row\">\n\t\t\t<div class=\"form-col\">\n\t\t\t\t<div class=\"form-group\">\n\t\t\t\t\t<h4 class=\"input-title\">Firma i osoba kontaktowa\n\t\t\t\t\t<\/h4>\n\t\t\t\t\t<p><span class=\"wpcf7-form-control-wrap\" data-name=\"your-name\"><input size=\"40\" maxlength=\"400\" class=\"wpcf7-form-control wpcf7-text wpcf7-validates-as-required styled-input\" aria-required=\"true\" aria-invalid=\"false\" value=\"\" type=\"text\" name=\"your-name\" \/><\/span>\n\t\t\t\t\t<\/p>\n\t\t\t\t<\/div>\n\t\t\t<\/div>\n\t\t\t<div class=\"form-col\">\n\t\t\t\t<div class=\"form-group\">\n\t\t\t\t\t<h4 class=\"input-title\">Adres e-mail\n\t\t\t\t\t<\/h4>\n\t\t\t\t\t<p><span class=\"wpcf7-form-control-wrap\" data-name=\"email-address\"><input size=\"40\" maxlength=\"400\" class=\"wpcf7-form-control wpcf7-email wpcf7-validates-as-required wpcf7-text wpcf7-validates-as-email styled-input\" aria-required=\"true\" aria-invalid=\"false\" value=\"\" type=\"email\" name=\"email-address\" \/><\/span>\n\t\t\t\t\t<\/p>\n\t\t\t\t<\/div>\n\t\t\t<\/div>\n\t\t<\/div>\n\t\t<div class=\"form-row\">\n\t\t\t<div class=\"form-col\">\n\t\t\t\t<div class=\"form-group\">\n\t\t\t\t\t<h4 class=\"input-title\">Numer produktu i numeru seryjnego\n\t\t\t\t\t<\/h4>\n\t\t\t\t\t<p><span class=\"wpcf7-form-control-wrap\" data-name=\"product-serial\"><input size=\"40\" maxlength=\"400\" class=\"wpcf7-form-control wpcf7-text wpcf7-validates-as-required styled-input\" aria-required=\"true\" aria-invalid=\"false\" value=\"\" type=\"text\" name=\"product-serial\" \/><\/span>\n\t\t\t\t\t<\/p>\n\t\t\t\t<\/div>\n\t\t\t<\/div>\n\t\t\t<div class=\"form-col\">\n\t\t\t\t<div class=\"form-group\">\n\t\t\t\t\t<h4 class=\"input-title\">Slicer i wersja oprogramowania\n\t\t\t\t\t<\/h4>\n\t\t\t\t\t<p><span class=\"wpcf7-form-control-wrap\" data-name=\"slicer-software\"><input size=\"40\" maxlength=\"400\" class=\"wpcf7-form-control wpcf7-text wpcf7-validates-as-required styled-input\" aria-required=\"true\" aria-invalid=\"false\" value=\"\" type=\"text\" name=\"slicer-software\" \/><\/span>\n\t\t\t\t\t<\/p>\n\t\t\t\t<\/div>\n\t\t\t<\/div>\n\t\t<\/div>\n\t\t<div class=\"form-row\">\n\t\t\t<div class=\"form-col\">\n\t\t\t\t<div class=\"form-group\">\n\t\t\t\t\t<h4 class=\"input-title\">Marka i polimer (obie dysze)\n\t\t\t\t\t<\/h4>\n\t\t\t\t\t<p><span class=\"wpcf7-form-control-wrap\" data-name=\"brand-polymer\"><input size=\"40\" maxlength=\"400\" class=\"wpcf7-form-control wpcf7-text wpcf7-validates-as-required styled-input\" aria-required=\"true\" aria-invalid=\"false\" value=\"\" type=\"text\" name=\"brand-polymer\" \/><\/span>\n\t\t\t\t\t<\/p>\n\t\t\t\t<\/div>\n\t\t\t<\/div>\n\t\t\t<div class=\"form-col\">\n\t\t\t\t<div class=\"form-group\">\n\t\t\t\t\t<h4 class=\"input-title\">Profil u\u017cywany w Slicer (obie dysze)\n\t\t\t\t\t<\/h4>\n\t\t\t\t\t<p><span class=\"wpcf7-form-control-wrap\" data-name=\"slicer-profile\"><input size=\"40\" maxlength=\"400\" class=\"wpcf7-form-control wpcf7-text wpcf7-validates-as-required styled-input\" aria-required=\"true\" aria-invalid=\"false\" value=\"\" type=\"text\" name=\"slicer-profile\" \/><\/span>\n\t\t\t\t\t<\/p>\n\t\t\t\t<\/div>\n\t\t\t<\/div>\n\t\t<\/div>\n\t\t<div class=\"form-group\">\n\t\t\t<h4 class=\"input-title\">Czy materia\u0142 zosta\u0142 odpowiednio wysuszony przed drukiem?\n\t\t\t<\/h4>\n\t\t\t<div class=\"radio-options\">\n\t\t\t\t<p><span class=\"wpcf7-form-control-wrap\" data-name=\"material-dried\"><span class=\"wpcf7-form-control wpcf7-radio styled-radio\"><span class=\"wpcf7-list-item first last\"><input type=\"radio\" name=\"material-dried\" value=\"Tak Nie\" checked=\"checked\" \/><span class=\"wpcf7-list-item-label\">Tak Nie<\/span><\/span><\/span><\/span>\n\t\t\t\t<\/p>\n\t\t\t<\/div>\n\t\t<\/div>\n\t\t<div class=\"form-group\">\n\t\t\t<h4 class=\"input-title\">Opis problemu\n\t\t\t<\/h4>\n\t\t\t<p><span class=\"wpcf7-form-control-wrap\" data-name=\"issue-description\"><textarea cols=\"40\" rows=\"10\" maxlength=\"2000\" class=\"wpcf7-form-control wpcf7-textarea wpcf7-validates-as-required styled-textarea\" aria-required=\"true\" aria-invalid=\"false\" name=\"issue-description\"><\/textarea><\/span>\n\t\t\t<\/p>\n\t\t<\/div>\n\t\t<div class=\"form-group\">\n\t\t\t<h4 class=\"input-title\">Opis problemu\n\t\t\t<\/h4>\n\t\t\t<div class=\"file-upload-area\">\n\t\t\t\t<div class=\"upload-icon\">\n\t\t\t\t\t<p><svg xmlns=\"http:\/\/www.w3.org\/2000\/svg\" width=\"48\" height=\"48\" viewbox=\"0 0 24 24\" fill=\"none\" stroke=\"#ff6600\" stroke-width=\"2\" stroke-linecap=\"round\" stroke-linejoin=\"round\">\n                        <path d=\"M21 15v4a2 2 0 0 1-2 2H5a2 2 0 0 1-2-2v-4\"><\/path>\n                        <polyline points=\"17 8 12 3 7 8\"><\/polyline>\n                        <line x1=\"12\" y1=\"3\" x2=\"12\" y2=\"15\"><\/line>\n                    <\/svg>\n\t\t\t\t\t<\/p>\n\t\t\t\t<\/div>\n\t\t\t\t<div class=\"upload-text\">\n\t\t\t\t\t<p>Przeci\u0105gnij i upu\u015b\u0107 pliki tutaj lub <span class=\"upload-link\">wybierz pliki<\/span>\n\t\t\t\t\t<\/p>\n\t\t\t\t<\/div>\n\t\t\t\t<p><span class=\"wpcf7-form-control-wrap\" data-name=\"issue-file\"><input size=\"40\" class=\"wpcf7-form-control wpcf7-file styled-file\" accept=\".pdf,.doc,.docx,.jpg,.jpeg,.png,.stl,.gcode\" aria-invalid=\"false\" type=\"file\" name=\"issue-file\" \/><\/span>\n\t\t\t\t<\/p>\n\t\t\t\t<div class=\"upload-hint\">\n\t\t\t\t\t<p>Prze\u015blij GCODE, STL i ZDJ\u0118CIA WYDRUKU, aby m\u00f3c sprawdzi\u0107 i udzieli\u0107 dok\u0142adniejszej odpowiedzi.\n\t\t\t\t\t<\/p>\n\t\t\t\t<\/div>\n\t\t\t<\/div>\n\t\t<\/div>\n\t\t<div class=\"form-note\">\n\t\t\t<p><strong style=\"color:#eb6618\">Uwaga:<\/strong> nie mo\u017cemy zapewni\u0107 cennego wsparcia w przypadku jakichkolwiek problem\u00f3w lub uszkodze\u0144 zwi\u0105zanych z cz\u0119\u015bciami wydrukowanymi z nieautoryzowanymi profilami, nieoficjalnym slicerem lub innymi materia\u0142ami marki.\n\t\t\t<\/p>\n\t\t<\/div>\n\t\t<div class=\"form-group acceptance\">\n\t\t\t<h4 class=\"input-title\">Zgoda\n\t\t\t<\/h4>\n\t\t\t<p><i><span class=\"wpcf7-form-control-wrap\" data-name=\"privacy-policy\"><span class=\"wpcf7-form-control wpcf7-acceptance\"><span class=\"wpcf7-list-item\"><label><input type=\"checkbox\" name=\"privacy-policy\" value=\"1\" class=\"styled-checkbox\" aria-invalid=\"false\" \/><span class=\"wpcf7-list-item-label\">Tak, zgadzam si\u0119 z polityk\u0105 prywatno\u015bci<\/span><\/label><\/span><\/span><\/span> <\/i>\n\t\t\t<\/p>\n\t\t<\/div>\n\t\t<p><input class=\"wpcf7-form-control wpcf7-submit has-spinner styled-submit\" type=\"submit\" value=\"Wy\u015blij\" \/>\n\t\t<\/p>\n\t<\/div>\n<\/div><div class=\"wpcf7-response-output\" aria-hidden=\"true\"><\/div>\n<\/form>\n<\/div>\n<\/p>\n","protected":false},"author":1,"featured_media":0,"parent":0,"menu_order":0,"comment_status":"closed","ping_status":"closed","template":"","meta":{"_et_pb_use_builder":"on","_et_pb_old_content":"","_et_gb_content_width":"","footnotes":""},"class_list":["post-19606","page","type-page","status-publish","hentry"],"_links":{"self":[{"href":"https:\/\/omni3d.com\/pl\/wp-json\/wp\/v2\/pages\/19606","targetHints":{"allow":["GET"]}}],"collection":[{"href":"https:\/\/omni3d.com\/pl\/wp-json\/wp\/v2\/pages"}],"about":[{"href":"https:\/\/omni3d.com\/pl\/wp-json\/wp\/v2\/types\/page"}],"author":[{"embeddable":true,"href":"https:\/\/omni3d.com\/pl\/wp-json\/wp\/v2\/users\/1"}],"replies":[{"embeddable":true,"href":"https:\/\/omni3d.com\/pl\/wp-json\/wp\/v2\/comments?post=19606"}],"version-history":[{"count":9,"href":"https:\/\/omni3d.com\/pl\/wp-json\/wp\/v2\/pages\/19606\/revisions"}],"predecessor-version":[{"id":20351,"href":"https:\/\/omni3d.com\/pl\/wp-json\/wp\/v2\/pages\/19606\/revisions\/20351"}],"wp:attachment":[{"href":"https:\/\/omni3d.com\/pl\/wp-json\/wp\/v2\/media?parent=19606"}],"curies":[{"name":"wp","href":"https:\/\/api.w.org\/{rel}","templated":true}]}}