{"id":19626,"date":"2024-09-01T17:19:21","date_gmt":"2024-09-01T17:19:21","guid":{"rendered":"https:\/\/omni3d.com\/web\/polityka-prywatnosci\/"},"modified":"2025-12-04T08:10:04","modified_gmt":"2025-12-04T08:10:04","slug":"polityka-prywatnosci","status":"publish","type":"page","link":"https:\/\/omni3d.com\/pl\/polityka-prywatnosci\/","title":{"rendered":"Polityka prywatno\u015bci"},"content":{"rendered":"<p>[et_pb_section fb_built=&#8221;1&#8243; admin_label=&#8221;Section&#8221; _builder_version=&#8221;4.27.2&#8243; _module_preset=&#8221;default&#8221; background_image=&#8221;https:\/\/omni3d.com\/web\/wp-content\/uploads\/2024\/11\/Omni3D-jakosc.png&#8221; parallax=&#8221;on&#8221; global_colors_info=&#8221;{}&#8221;][et_pb_row make_equal=&#8221;on&#8221; custom_padding_last_edited=&#8221;on|tablet&#8221; _builder_version=&#8221;4.27.2&#8243; _module_preset=&#8221;default&#8221; min_height=&#8221;50vh&#8221; custom_padding=&#8221;|5%||5%|false|true&#8221; custom_padding_tablet=&#8221;|0%||0%|false|true&#8221; custom_padding_phone=&#8221;|0%||0%|false|true&#8221; custom_css_main_element=&#8221;align-items: center;&#8221; global_colors_info=&#8221;{}&#8221;][et_pb_column type=&#8221;4_4&#8243; _builder_version=&#8221;4.27.0&#8243; _module_preset=&#8221;default&#8221; global_colors_info=&#8221;{}&#8221;][et_pb_cta title=&#8221;POLITYKA PRYWATNO\u015aCI&#8221; button_url=&#8221;#&#8221; _builder_version=&#8221;4.27.2&#8243; _module_preset=&#8221;default&#8221; header_font=&#8221;|800||on|||||&#8221; header_font_size=&#8221;3rem&#8221; header_line_height=&#8221;1.2em&#8221; background_enable_color=&#8221;off&#8221; custom_button=&#8221;on&#8221; button_text_size=&#8221;16px&#8221; button_text_color=&#8221;#000000&#8243; button_bg_color=&#8221;gcid-primary-color&#8221; button_border_width=&#8221;0px&#8221; button_font=&#8221;&#8211;et_global_heading_font|800||on|||||&#8221; button_use_icon=&#8221;off&#8221; button_custom_padding=&#8221;|40px||40px|false|true&#8221; position_origin_a=&#8221;top_center&#8221; custom_padding=&#8221;||||false|false&#8221; header_text_shadow_style=&#8221;preset1&#8243; global_colors_info=&#8221;{%22gcid-primary-color%22:%91%22button_bg_color%22%93}&#8221;][\/et_pb_cta][\/et_pb_column][\/et_pb_row][\/et_pb_section][et_pb_section fb_built=&#8221;1&#8243; _builder_version=&#8221;4.27.2&#8243; _module_preset=&#8221;default&#8221; background_color=&#8221;RGBA(255,255,255,0)&#8221; use_background_color_gradient=&#8221;on&#8221; background_color_gradient_stops=&#8221;rgba(255,255,255,0) 0%|rgba(255, 255, 255, 0.04) 82%|#ffffff 100%&#8221; background_color_gradient_overlays_image=&#8221;on&#8221; background_image=&#8221;https:\/\/omni3d.com\/web\/wp-content\/uploads\/2024\/09\/bg-hex-header-2.webp&#8221; background_size=&#8221;custom&#8221; background_image_width=&#8221;100%&#8221; background_position=&#8221;top_center&#8221; background_vertical_offset=&#8221;0%&#8221; z_index=&#8221;4&#8243; custom_margin=&#8221;-190px||||false|false&#8221; custom_margin_tablet=&#8221;-190px||||false|false&#8221; custom_margin_phone=&#8221;-100px||||false|false&#8221; custom_margin_last_edited=&#8221;on|phone&#8221; bottom_divider_color=&#8221;#FFFFFF&#8221; bottom_divider_height=&#8221;77px&#8221; bottom_divider_arrangement=&#8221;above_content&#8221; global_colors_info=&#8221;{}&#8221;][et_pb_row _builder_version=&#8221;4.27.2&#8243; _module_preset=&#8221;default&#8221; custom_margin=&#8221;200px||||false|false&#8221; custom_margin_tablet=&#8221;100px||||false|false&#8221; custom_margin_phone=&#8221;100px||||false|false&#8221; custom_margin_last_edited=&#8221;on|tablet&#8221; global_colors_info=&#8221;{}&#8221;][et_pb_column type=&#8221;4_4&#8243; _builder_version=&#8221;4.27.0&#8243; _module_preset=&#8221;default&#8221; global_colors_info=&#8221;{}&#8221;][et_pb_text _builder_version=&#8221;4.27.2&#8243; _module_preset=&#8221;default&#8221; header_font=&#8221;&#8211;et_global_heading_font|300|||||||&#8221; header_5_font=&#8221;&#8211;et_global_heading_font|300|||||||&#8221; header_5_line_height=&#8221;1.3em&#8221; text_orientation=&#8221;center&#8221; global_colors_info=&#8221;{}&#8221;]<\/p>\n<p><strong>I. Definicje<\/strong><\/p>\n<p>Poni\u017csze warunki maj\u0105 nast\u0119puj\u0105ce wy\u0142\u0105czne znaczenie:<\/p>\n<p><strong>Administrator<\/strong><span> <\/span>\u2013 podmiot administruj\u0105cy danymi osobowymi 1.1. Us\u0142ugobiorcy: OMNI3D sp\u00f3\u0142ka z ograniczon\u0105 odpowiedzialno\u015bci\u0105 z siedzib\u0105 w Poznaniu (61-119, adres: \u015awi\u0119tego Micha\u0142a 43, wpisana pod 0000464678 do rejestru przedsi\u0119biorc\u00f3w prowadzonego przez S\u0105d Rejonowy w Poznaniu \u2013 VIII Wydzia\u0142 Gospodarczy, NIP: 7831700117, REGON: 302451039, kapita\u0142 zak\u0142adowy: 133 100 PLN, e-mail: <span> <\/span><a href=\"mailto:sales@omni3d.com\">sales@omni3d.com<\/a>.<\/p>\n<p><strong>Serwis<\/strong> \u2013 Serwis internetowy prowadzony za po\u015brednictwem <a href=\"https:\/\/www.omni3d.com\/\">https:\/\/www.omni3d.com\/<\/a> serwisu oraz jego podstron.<\/p>\n<p><strong>U\u017cytkownik<\/strong> \u2013 osoba fizyczna korzystaj\u0105ca z Serwisu, kt\u00f3ra wype\u0142ni\u0142a formularz kontaktowy lub zapisa\u0142a si\u0119 do newslettera, wyra\u017caj\u0105c zgod\u0119 na przetwarzanie swoich danych zgodnie z ustaw\u0105 o ochronie danych osobowych (Dz.U. z 2014 r. poz. 1182 i poz. 1662 dalej: UODO) oraz ustaw\u0105 o \u015bwiadczeniu us\u0142ug przez Internet (Dz.U. z 2013 r. poz.1422), ustaw\u0105 zwan\u0105 dalej Statutem. U\u017cytkownik ma nieograniczone prawo wgl\u0105du, poprawiania i usuwania podanych przez siebie danych. Dane te s\u0105 wykorzystywane tylko i wy\u0142\u0105cznie w celu \u015bwiadczenia i dostosowywania Serwisu internetowego, chyba \u017ce wyra\u017ana zgoda U\u017cytkownika na inn\u0105 form\u0119 korzystania zosta\u0142a wyra\u017anie wyra\u017cona.  <\/p>\n<p><strong>Cookies<\/strong> \u2013 dane cyfrowe, w szczeg\u00f3lno\u015bci pliki tekstowe, przechowywane na komputerze U\u017cytkownika i s\u0142u\u017c\u0105ce do dostosowania zawarto\u015bci stron internetowych. Nazwa pliku cookie zawiera nazw\u0119 strony internetowej, okres przechowywania oraz unikalny numer. <\/p>\n<p><strong>II. Biuletyn informacyjny. <\/strong><\/p>\n<p>1. Administrator oferuje subskrypcj\u0119 newslettera w celu informowania U\u017cytkownika o towarach i us\u0142ugach \u015bwiadczonych przez Administratora, kt\u00f3ry obejmuje tre\u015bci informacyjne i marketingowe, a tak\u017ce uwagi techniczne.<\/p>\n<p>2. Subskrypcja Newslettera wymaga podania adresu e-mail U\u017cytkownika w odpowiednim polu na stronie g\u0142\u00f3wnej lub jednej z podstron, potwierdzenia zapoznania si\u0119 z Polityk\u0105 Prywatno\u015bci, a tak\u017ce wype\u0142nienia formularza zg\u0142oszeniowego. Zg\u0142oszenie do newslettera wymaga potwierdzenia: <\/p>\n<p>a) zapoznanie si\u0119 i akceptacja Polityki Prywatno\u015bci Administratora<\/p>\n<p>b) wyra\u017cenie zgody na otrzymywanie na udost\u0119pnion\u0105 skrzynk\u0119 e-mail tre\u015bci marketingowych i innych tre\u015bci zwi\u0105zanych ze stron\u0105 internetow\u0105.<\/p>\n<p>Po podaniu powy\u017cszych informacji, U\u017cytkownik otrzymuje wiadomo\u015b\u0107 e-mail z linkiem aktywacyjnym, kt\u00f3rego otwarcie s\u0142u\u017cy jako ostateczne potwierdzenie subskrypcji.<\/p>\n<p><strong>III. Przetwarzanie danych subskrybent\u00f3w Newslettera. <\/strong><\/p>\n<p>1. Administratorem danych u\u017cytkownik\u00f3w (e-maili) subskrybent\u00f3w newslettera jest Administrator danych w rozumieniu UODO.<\/p>\n<p>2. Dane U\u017cytkownika s\u0105 przetwarzane na podstawie i w zakresie zgody U\u017cytkownika oraz odpowiednich przepis\u00f3w prawa, w szczeg\u00f3lno\u015bci Regulaminu. Dane u\u017cytkownika s\u0105 gromadzone jako odr\u0119bna baza danych przechowywana oddzielnie na serwerze jako specjalna strefa ochrony. <\/p>\n<p>3. Ka\u017cdemu U\u017cytkownikowi, kt\u00f3ry przekaza\u0142 swoje dane osobowe, przys\u0142uguje pe\u0142ne prawo dost\u0119pu do tych danych oraz ich usuni\u0119cia lub modyfikacji. Dane s\u0105 przekazywane przez U\u017cytkownika wy\u0142\u0105cznie za jego pe\u0142n\u0105 zgod\u0105. <\/p>\n<p>4. Administratorowi nie wolno w jakiejkolwiek formie ujawnia\u0107 ani przekazywa\u0107 danych U\u017cytkownika bez jego zgody. Niezale\u017cnie od powy\u017cszego, dane U\u017cytkownika mog\u0105 podlega\u0107 obowi\u0105zkowemu ujawnieniu przed w\u0142a\u015bciwymi organami pa\u0144stwowymi na podstawie przepis\u00f3w ustawowych Rzeczypospolitej Polskiej. Administrator mo\u017ce powierzy\u0107 dane U\u017cytkownika kwalifikowanej osobie trzeciej zgodnie z postanowieniami UODO.  <\/p>\n<p><strong>IV. Polityka Cookies <\/strong><\/p>\n<p>1. W ramach Serwisu nie stosuje si\u0119 automatycznego pozyskiwania danych innych ni\u017c pliki Cookies.<\/p>\n<p>2. Pliki cookies zamieszczane s\u0105 na komputerze U\u017cytkownika przez Administratora i przez niego uzyskiwany jest do niego dost\u0119p.<\/p>\n<p>3. Pliki cookies wykorzystywane s\u0105 w celu:<\/p>\n<p>a) dostosowania zawarto\u015bci strony internetowej do preferencji U\u017cytkownika oraz optymalizacji korzystania ze strony internetowej poprzez rozpoznanie komputera U\u017cytkownika i zareagowanie odpowiedni\u0105 zawarto\u015bci\u0105;<\/p>\n<p>b) przenoszenia danych do analizy statystycznej zachowa\u0144 i oczekiwa\u0144 U\u017cytkownik\u00f3w w celu ulepszania struktury i zawarto\u015bci strony internetowej.<\/p>\n<p>4. W ramach Serwisu stosowane s\u0105 dwa zasadnicze rodzaje plik\u00f3w Cookies: \u201esesyjne\u201d (session cookies) oraz \u201esta\u0142e\u201d (persistent cookies). Sesyjne pliki cookie s\u0105 przechowywane na komputerze U\u017cytkownika do momentu wylogowania, zamkni\u0119cia strony internetowej lub zamkni\u0119cia przegl\u0105darki. Trwa\u0142e pliki cookie s\u0105 przechowywane na komputerze U\u017cytkownika przez czas okre\u015blony przez odpowiednie ustawienia, chyba \u017ce pliki cookie zostan\u0105 usuni\u0119te przez U\u017cytkownika.  <\/p>\n<p>5. Przechowywanie plik\u00f3w cookies na komputerze U\u017cytkownika jest cz\u0119sto dozwolone przez standardowe ustawienia przegl\u0105darki. Ustawienia te mog\u0105 zosta\u0107 w ka\u017cdym czasie zmienione przez U\u017cytkownika, w szczeg\u00f3lno\u015bci poprzez usuni\u0119cie automatycznego zarz\u0105dzania plikami cookie lub aktywacj\u0119 powiadomie\u0144 o wykrywaniu plik\u00f3w cookie. Szczeg\u00f3\u0142y znajduj\u0105 si\u0119 w ustawieniach przegl\u0105darki.  <\/p>\n<p>6. Uwaga Administratora: limity\/ograniczenia plik\u00f3w cookies w przegl\u0105darce mog\u0105 wp\u0142ywa\u0107 lub utrudnia\u0107 dzia\u0142anie niekt\u00f3rych funkcjonalno\u015bci strony.<\/p>\n<p>7. Pliki HTTP przechowywane na komputerze U\u017cytkownika mog\u0105 by\u0107 wykorzystywane przez reklamodawc\u00f3w i innych partner\u00f3w marketingowych Administratora danych \u2013 na podstawie zgody wyra\u017conej przez U\u017cytkownika.<\/p>\n<p>[\/et_pb_text][\/et_pb_column][\/et_pb_row][\/et_pb_section][et_pb_section fb_built=&#8221;1&#8243; _builder_version=&#8221;4.27.2&#8243; _module_preset=&#8221;default&#8221; background_image=&#8221;https:\/\/omni3d.com\/web\/wp-content\/uploads\/2024\/09\/bg-prism-short.webp&#8221; custom_padding=&#8221;0px||||false|false&#8221; bottom_divider_color=&#8221;#353535&#8243; bottom_divider_height=&#8221;50px&#8221; saved_tabs=&#8221;all&#8221; global_colors_info=&#8221;{}&#8221;][et_pb_row column_structure=&#8221;1_4,1_4,1_4,1_4&#8243; _builder_version=&#8221;4.27.2&#8243; _module_preset=&#8221;default&#8221; custom_padding=&#8221;||||false|false&#8221; custom_css_before=&#8221;content: '%9276&#8242; !important;||font-family: 'ETMODULES&#8217;;||font-size: 55px !important;||font-weight: bold;||color: #fff;||position:absolute;||top:-90px;||right:-50px;||z-index:99;||background: #000;||border-radius: 50px;||height: 70px;||width: 70px;||line-height: 70px;||text-align: center;||padding: 10px;&#8221; global_colors_info=&#8221;{}&#8221; custom_css_before_last_edited=&#8221;on|phone&#8221; custom_css_before_tablet=&#8221;content: '%9276&#8242; !important;||font-family: 'ETMODULES&#8217;;||font-size: 55px !important;||font-weight: bold;||color: #fff;||position:absolute;||top:-90px;||right:-50px;||z-index:99;||background: #000;||border-radius: 50px;||height: 70px;||width: 70px;||line-height: 70px;||text-align: center;||padding: 10px;&#8221; custom_css_before_phone=&#8221;content: '%9276&#8242; !important;||font-family: 'ETMODULES&#8217;;||font-size: 55px !important;||font-weight: bold;||color: #fff;||position:absolute;||top:-90px;||right:-50px;||z-index:99;||background: #000;||border-radius: 50px;||height: 70px;||width: 70px;||line-height: 70px;||text-align: center;||padding: 10px;&#8221;][et_pb_column type=&#8221;1_4&#8243; _builder_version=&#8221;4.27.0&#8243; _module_preset=&#8221;default&#8221; global_colors_info=&#8221;{}&#8221;][et_pb_heading title=&#8221;Omni3d sp. z o. o. &#8221; _builder_version=&#8221;4.27.2&#8243; _module_preset=&#8221;default&#8221; title_level=&#8221;h2&#8243; title_font=&#8221;|800||on|||||&#8221; title_text_align=&#8221;left&#8221; title_text_color=&#8221;#FFFFFF&#8221; custom_margin=&#8221;||0px||false|false&#8221; custom_padding=&#8221;||||false|false&#8221; global_colors_info=&#8221;{}&#8221;][\/et_pb_heading][et_pb_divider color=&#8221;#000000&#8243; divider_weight=&#8221;2px&#8221; _builder_version=&#8221;4.27.2&#8243; _module_preset=&#8221;default&#8221; width=&#8221;100%&#8221; module_alignment=&#8221;center&#8221; custom_margin=&#8221;0px||0px||false|false&#8221; custom_padding=&#8221;0px||0px||false|false&#8221; global_colors_info=&#8221;{}&#8221;][\/et_pb_divider][et_pb_blurb title=&#8221;61 666 12 34&#8243; use_icon=&#8221;on&#8221; font_icon=&#8221;&#xe00b;||divi||400&#8243; _builder_version=&#8221;4.27.2&#8243; _module_preset=&#8221;b9157103-6796-4aad-a8d6-c31745bd1d76&#8243; global_colors_info=&#8221;{}&#8221;][\/et_pb_blurb][et_pb_blurb title=&#8221;Sales@omni3d.net&#8221; use_icon=&#8221;on&#8221; font_icon=&#8221;&#xe010;||divi||400&#8243; _builder_version=&#8221;4.27.2&#8243; _module_preset=&#8221;b9157103-6796-4aad-a8d6-c31745bd1d76&#8243; global_colors_info=&#8221;{}&#8221;][\/et_pb_blurb][\/et_pb_column][et_pb_column type=&#8221;1_4&#8243; _builder_version=&#8221;4.27.0&#8243; _module_preset=&#8221;default&#8221; global_colors_info=&#8221;{}&#8221;][et_pb_heading title=&#8221;Sprzeda\u017c&#8221; _builder_version=&#8221;4.27.0&#8243; _module_preset=&#8221;default&#8221; title_level=&#8221;h2&#8243; title_font=&#8221;|800||on|||||&#8221; title_text_align=&#8221;left&#8221; title_text_color=&#8221;#FFFFFF&#8221; custom_margin=&#8221;||0px||false|false&#8221; custom_padding=&#8221;||||false|false&#8221; global_colors_info=&#8221;{}&#8221;][\/et_pb_heading][et_pb_divider color=&#8221;#000000&#8243; divider_weight=&#8221;2px&#8221; _builder_version=&#8221;4.27.0&#8243; _module_preset=&#8221;default&#8221; width=&#8221;100%&#8221; module_alignment=&#8221;center&#8221; custom_margin=&#8221;0px||0px||false|false&#8221; custom_padding=&#8221;0px||0px||false|false&#8221; global_colors_info=&#8221;{}&#8221;][\/et_pb_divider][et_pb_blurb title=&#8221;Uzyskaj wycen\u0119&#8221; use_icon=&#8221;on&#8221; font_icon=&#8221;&#xf4ad;||fa||400&#8243; _builder_version=&#8221;4.27.2&#8243; _module_preset=&#8221;b9157103-6796-4aad-a8d6-c31745bd1d76&#8243; global_colors_info=&#8221;{}&#8221;][\/et_pb_blurb][et_pb_blurb title=&#8221;kup filament&#8221; use_icon=&#8221;on&#8221; font_icon=&#8221;&#xf07a;||fa||900&#8243; _builder_version=&#8221;4.27.2&#8243; _module_preset=&#8221;b9157103-6796-4aad-a8d6-c31745bd1d76&#8243; global_colors_info=&#8221;{}&#8221;][\/et_pb_blurb][et_pb_blurb title=&#8221;Druk na \u017c\u0105danie&#8221; use_icon=&#8221;on&#8221; font_icon=&#8221;&#xf1b2;||fa||900&#8243; _builder_version=&#8221;4.27.2&#8243; _module_preset=&#8221;b9157103-6796-4aad-a8d6-c31745bd1d76&#8243; global_colors_info=&#8221;{}&#8221;][\/et_pb_blurb][\/et_pb_column][et_pb_column type=&#8221;1_4&#8243; _builder_version=&#8221;4.27.0&#8243; _module_preset=&#8221;default&#8221; global_colors_info=&#8221;{}&#8221;][et_pb_heading title=&#8221;Wsparcie&#8221; _builder_version=&#8221;4.27.0&#8243; _module_preset=&#8221;default&#8221; title_level=&#8221;h2&#8243; title_font=&#8221;|800||on|||||&#8221; title_text_align=&#8221;left&#8221; title_text_color=&#8221;#FFFFFF&#8221; custom_margin=&#8221;||0px||false|false&#8221; custom_padding=&#8221;||||false|false&#8221; global_colors_info=&#8221;{}&#8221;][\/et_pb_heading][et_pb_divider color=&#8221;#000000&#8243; divider_weight=&#8221;2px&#8221; _builder_version=&#8221;4.27.0&#8243; _module_preset=&#8221;default&#8221; width=&#8221;100%&#8221; module_alignment=&#8221;center&#8221; custom_margin=&#8221;0px||0px||false|false&#8221; custom_padding=&#8221;0px||0px||false|false&#8221; global_colors_info=&#8221;{}&#8221;][\/et_pb_divider][et_pb_blurb title=&#8221;Skontaktuj si\u0119 z nami&#8221; use_icon=&#8221;on&#8221; font_icon=&#8221;&#xf4ad;||fa||400&#8243; _builder_version=&#8221;4.27.2&#8243; _module_preset=&#8221;b9157103-6796-4aad-a8d6-c31745bd1d76&#8243; global_colors_info=&#8221;{}&#8221;][\/et_pb_blurb][et_pb_blurb title=&#8221;Znajd\u017a sprzedawc\u0119&#8221; use_icon=&#8221;on&#8221; font_icon=&#8221;&#xe01d;||divi||400&#8243; _builder_version=&#8221;4.27.2&#8243; _module_preset=&#8221;b9157103-6796-4aad-a8d6-c31745bd1d76&#8243; global_colors_info=&#8221;{}&#8221;][\/et_pb_blurb][\/et_pb_column][et_pb_column type=&#8221;1_4&#8243; _builder_version=&#8221;4.27.0&#8243; _module_preset=&#8221;default&#8221; global_colors_info=&#8221;{}&#8221;][et_pb_heading title=&#8221;Globalny zasi\u0119g&#8221; _builder_version=&#8221;4.27.0&#8243; _module_preset=&#8221;default&#8221; title_level=&#8221;h2&#8243; title_font=&#8221;|800||on|||||&#8221; title_text_align=&#8221;left&#8221; title_text_color=&#8221;#FFFFFF&#8221; custom_margin=&#8221;||0px||false|false&#8221; custom_padding=&#8221;||||false|false&#8221; global_colors_info=&#8221;{}&#8221;][\/et_pb_heading][et_pb_divider color=&#8221;#000000&#8243; divider_weight=&#8221;2px&#8221; _builder_version=&#8221;4.27.0&#8243; _module_preset=&#8221;default&#8221; width=&#8221;100%&#8221; module_alignment=&#8221;center&#8221; custom_margin=&#8221;0px||0px||false|false&#8221; custom_padding=&#8221;0px||0px||false|false&#8221; global_colors_info=&#8221;{}&#8221;][\/et_pb_divider][et_pb_blurb title=&#8221;Znajd\u017a sprzedawc\u0119&#8221; use_icon=&#8221;on&#8221; font_icon=&#8221;&#xe01d;||divi||400&#8243; _builder_version=&#8221;4.27.2&#8243; _module_preset=&#8221;b9157103-6796-4aad-a8d6-c31745bd1d76&#8243; global_colors_info=&#8221;{}&#8221;][\/et_pb_blurb][et_pb_blurb title=&#8221;Zosta\u0144 partnerem&#8221; use_icon=&#8221;on&#8221; font_icon=&#8221;&#xe031;||divi||400&#8243; _builder_version=&#8221;4.27.2&#8243; _module_preset=&#8221;b9157103-6796-4aad-a8d6-c31745bd1d76&#8243; global_colors_info=&#8221;{}&#8221;][\/et_pb_blurb][\/et_pb_column][\/et_pb_row][et_pb_row column_structure=&#8221;1_3,1_3,1_3&#8243; _builder_version=&#8221;4.27.2&#8243; _module_preset=&#8221;default&#8221; global_colors_info=&#8221;{}&#8221;][et_pb_column type=&#8221;1_3&#8243; _builder_version=&#8221;4.27.2&#8243; _module_preset=&#8221;default&#8221; global_colors_info=&#8221;{}&#8221;][\/et_pb_column][et_pb_column type=&#8221;1_3&#8243; _builder_version=&#8221;4.27.2&#8243; _module_preset=&#8221;default&#8221; global_colors_info=&#8221;{}&#8221;][et_pb_text _builder_version=&#8221;4.27.2&#8243; _module_preset=&#8221;default&#8221; text_font=&#8221;&#8211;et_global_body_font|800||on|||||&#8221; text_text_color=&#8221;#FFFFFF&#8221; text_font_size=&#8221;1.5rem&#8221; text_line_height=&#8221;1.2em&#8221; quote_font=&#8221;&#8211;et_global_body_font|700|||||||&#8221; header_line_height=&#8221;1.2em&#8221; background_color=&#8221;#000000&#8243; text_orientation=&#8221;center&#8221; custom_padding=&#8221;17px||17px||true|false&#8221; custom_css_free_form=&#8221;selector span {color:#eb6618;}&#8221; border_radii=&#8221;on|5px|5px|5px|5px&#8221; locked=&#8221;off&#8221; global_colors_info=&#8221;{}&#8221;]<\/p>\n<p>Uzyskaj <span>wycen\u0119<\/span><\/p>\n<p>[\/et_pb_text][\/et_pb_column][et_pb_column type=&#8221;1_3&#8243; _builder_version=&#8221;4.27.2&#8243; _module_preset=&#8221;default&#8221; global_colors_info=&#8221;{}&#8221;][\/et_pb_column][\/et_pb_row][\/et_pb_section]<\/p>\n<span class=\"et_bloom_bottom_trigger\"><\/span>","protected":false},"excerpt":{"rendered":"<p>I. Definicje Poni\u017csze warunki maj\u0105 nast\u0119puj\u0105ce wy\u0142\u0105czne znaczenie: Administrator \u2013 podmiot administruj\u0105cy danymi osobowymi 1.1. Us\u0142ugobiorcy: OMNI3D sp\u00f3\u0142ka z ograniczon\u0105 odpowiedzialno\u015bci\u0105 z siedzib\u0105 w Poznaniu (61-119, adres: \u015awi\u0119tego Micha\u0142a 43, wpisana pod 0000464678 do rejestru przedsi\u0119biorc\u00f3w prowadzonego przez S\u0105d Rejonowy w Poznaniu \u2013 VIII Wydzia\u0142 Gospodarczy, NIP: 7831700117, REGON: 302451039, kapita\u0142 zak\u0142adowy: 133 100 PLN, [&hellip;]<\/p>\n","protected":false},"author":1,"featured_media":0,"parent":0,"menu_order":0,"comment_status":"closed","ping_status":"open","template":"","meta":{"_et_pb_use_builder":"on","_et_pb_old_content":"","_et_gb_content_width":"","footnotes":""},"class_list":["post-19626","page","type-page","status-publish","hentry"],"_links":{"self":[{"href":"https:\/\/omni3d.com\/pl\/wp-json\/wp\/v2\/pages\/19626","targetHints":{"allow":["GET"]}}],"collection":[{"href":"https:\/\/omni3d.com\/pl\/wp-json\/wp\/v2\/pages"}],"about":[{"href":"https:\/\/omni3d.com\/pl\/wp-json\/wp\/v2\/types\/page"}],"author":[{"embeddable":true,"href":"https:\/\/omni3d.com\/pl\/wp-json\/wp\/v2\/users\/1"}],"replies":[{"embeddable":true,"href":"https:\/\/omni3d.com\/pl\/wp-json\/wp\/v2\/comments?post=19626"}],"version-history":[{"count":3,"href":"https:\/\/omni3d.com\/pl\/wp-json\/wp\/v2\/pages\/19626\/revisions"}],"predecessor-version":[{"id":20434,"href":"https:\/\/omni3d.com\/pl\/wp-json\/wp\/v2\/pages\/19626\/revisions\/20434"}],"wp:attachment":[{"href":"https:\/\/omni3d.com\/pl\/wp-json\/wp\/v2\/media?parent=19626"}],"curies":[{"name":"wp","href":"https:\/\/api.w.org\/{rel}","templated":true}]}}