{"id":20804,"date":"2026-01-13T22:19:24","date_gmt":"2026-01-13T22:19:24","guid":{"rendered":"https:\/\/omni3d.com\/projekty\/"},"modified":"2026-01-19T20:29:21","modified_gmt":"2026-01-19T20:29:21","slug":"projekty","status":"publish","type":"page","link":"https:\/\/omni3d.com\/pl\/projekty\/","title":{"rendered":"Projekty"},"content":{"rendered":"<p>[et_pb_section fb_built=&#8221;1&#8243; admin_label=&#8221;Section&#8221; _builder_version=&#8221;4.27.5&#8243; _module_preset=&#8221;default&#8221; background_image=&#8221;https:\/\/omni3d.com\/web\/wp-content\/uploads\/2025\/11\/Omni3D-Printroom.webp&#8221; parallax=&#8221;on&#8221; locked=&#8221;off&#8221; global_colors_info=&#8221;{}&#8221;][et_pb_row make_equal=&#8221;on&#8221; custom_padding_last_edited=&#8221;on|tablet&#8221; _builder_version=&#8221;4.27.2&#8243; _module_preset=&#8221;default&#8221; min_height=&#8221;50vh&#8221; custom_padding=&#8221;|5%||5%|false|true&#8221; custom_padding_tablet=&#8221;|0%||0%|false|true&#8221; custom_padding_phone=&#8221;|0%||0%|false|true&#8221; custom_css_main_element=&#8221;align-items: center;&#8221; global_colors_info=&#8221;{}&#8221;][et_pb_column type=&#8221;4_4&#8243; _builder_version=&#8221;4.27.0&#8243; _module_preset=&#8221;default&#8221; global_colors_info=&#8221;{}&#8221;][et_pb_cta title=&#8221;FINANSOWANIE PROJEKTU Z FUNDUSZY UE&#8221; button_url=&#8221;#&#8221; _builder_version=&#8221;4.27.5&#8243; _module_preset=&#8221;default&#8221; header_font=&#8221;|800||on|||||&#8221; header_font_size=&#8221;3rem&#8221; header_line_height=&#8221;1.2em&#8221; background_enable_color=&#8221;off&#8221; custom_button=&#8221;on&#8221; button_text_size=&#8221;16px&#8221; button_text_color=&#8221;#000000&#8243; button_bg_color=&#8221;gcid-primary-color&#8221; button_border_width=&#8221;0px&#8221; button_font=&#8221;&#8211;et_global_heading_font|800||on|||||&#8221; button_use_icon=&#8221;off&#8221; button_custom_padding=&#8221;|40px||40px|false|true&#8221; position_origin_a=&#8221;top_center&#8221; custom_padding=&#8221;||||false|false&#8221; header_text_shadow_style=&#8221;preset1&#8243; global_colors_info=&#8221;{%22gcid-primary-color%22:%91%22button_bg_color%22%93}&#8221;][\/et_pb_cta][\/et_pb_column][\/et_pb_row][\/et_pb_section][et_pb_section fb_built=&#8221;1&#8243; _builder_version=&#8221;4.27.5&#8243; _module_preset=&#8221;default&#8221; background_color=&#8221;RGBA(255,255,255,0)&#8221; use_background_color_gradient=&#8221;on&#8221; background_color_gradient_stops=&#8221;rgba(255,255,255,0) 0%|rgba(255, 255, 255, 0.04) 82%|#ffffff 100%&#8221; background_color_gradient_overlays_image=&#8221;on&#8221; background_image=&#8221;https:\/\/omni3d.com\/web\/wp-content\/uploads\/2024\/09\/bg-hex-header-2.webp&#8221; background_size=&#8221;custom&#8221; background_image_width=&#8221;100%&#8221; background_position=&#8221;top_center&#8221; background_vertical_offset=&#8221;0%&#8221; z_index=&#8221;4&#8243; custom_margin=&#8221;-190px||||false|false&#8221; custom_margin_tablet=&#8221;-190px||||false|false&#8221; custom_margin_phone=&#8221;-100px||||false|false&#8221; custom_margin_last_edited=&#8221;on|phone&#8221; bottom_divider_color=&#8221;#FFFFFF&#8221; bottom_divider_height=&#8221;77px&#8221; bottom_divider_arrangement=&#8221;above_content&#8221; locked=&#8221;off&#8221; global_colors_info=&#8221;{}&#8221;][et_pb_row _builder_version=&#8221;4.27.5&#8243; _module_preset=&#8221;default&#8221; custom_margin=&#8221;200px||||false|false&#8221; custom_margin_tablet=&#8221;100px||||false|false&#8221; custom_margin_phone=&#8221;100px||||false|false&#8221; custom_margin_last_edited=&#8221;on|tablet&#8221; global_colors_info=&#8221;{}&#8221;][et_pb_column type=&#8221;4_4&#8243; _builder_version=&#8221;4.27.0&#8243; _module_preset=&#8221;default&#8221; global_colors_info=&#8221;{}&#8221;][et_pb_text _builder_version=&#8221;4.27.5&#8243; _module_preset=&#8221;default&#8221; header_font=&#8221;&#8211;et_global_heading_font|300|||||||&#8221; header_5_font=&#8221;&#8211;et_global_heading_font|300|||||||&#8221; header_5_line_height=&#8221;1.3em&#8221; text_orientation=&#8221;center&#8221; global_colors_info=&#8221;{}&#8221;]<\/p>\n<section class=\"section section--projekty\">\n<div class=\"container\">\n<div class=\"row\">\n<div class=\"col-lg-6 col-lg-offset-3\">\n<div class=\"text-center\">\n<h2 class=\"main-title main-title--large\">Go To Brand EXPO Dubaj<\/h2>\n<div class=\"main-subtitle main-subtitle--large\">Rozw\u00f3j dzia\u0142alno\u015bci eksportowej Omni3D Sp. z o.o. poprzez udzia\u0142 w Programie promocji o charakterze og\u00f3lnym w zwi\u0105zku z udzia\u0142em Polski w \u015awiatowej Wystawie EXPO 2020 w Dubaju, w celu promowania marki Omni3D (drukarek 3D, filament\u00f3w i us\u0142ug zwi\u0105zanych z drukiem 3D) na rynkach zagranicznych w tym w krajach z Zatoki Perskiej oraz promowania Marki Polskiej Gospodarki. <\/div>\n<div class=\"main-subtitle main-subtitle--large\"><strong><\/strong><\/div>\n<div class=\"main-subtitle main-subtitle--large\"><strong><img loading=\"lazy\" decoding=\"async\" src=\"https:\/\/omni3d.com\/web\/wp-content\/uploads\/2026\/01\/go-to-brand-scaled-1-1024x130.jpg\" width=\"1024\" height=\"130\" alt=\"\" class=\"wp-image-20792 alignnone size-large\" srcset=\"https:\/\/omni3d.com\/web\/wp-content\/uploads\/2026\/01\/go-to-brand-scaled-1-980x124.jpg 980w, https:\/\/omni3d.com\/web\/wp-content\/uploads\/2026\/01\/go-to-brand-scaled-1-480x61.jpg 480w\" sizes=\"(min-width: 0px) and (max-width: 480px) 480px, (min-width: 481px) and (max-width: 980px) 980px, (min-width: 981px) 1024px, 100vw\" \/><\/strong><\/div>\n<p data-start=\"566\" data-end=\"942\" style=\"text-align: left;\"><strong data-start=\"566\" data-end=\"606\">Projekt nr POIR.03.03.03-30-0028\/21 <\/strong> jest dofinansowany z Funduszy Europejskich w ramach Programu Operacyjnego Inteligentny Rozw\u00f3j 2014-2020, o\u015b priorytetowa.<br \/>3 Wsparcie innowacji w przedsi\u0119biorstwach, dzia\u0142anie<br \/>3.3 Wsparcie promocji oraz internacjonalizacji innowacyjnych przedsi\u0119biorstw, poddzia\u0142anie<br \/>3.3.3 Wsparcie M\u015aP w promocji marek produktowych \u2013 GO TO BRAND (POIR)<\/p>\n<p data-start=\"944\" data-end=\"1165\" style=\"text-align: left;\">Celem projektu jest promowanie produkt\u00f3w Omni3D w krajach z Zatoki Perskiej (Arabia Saudyjska, Bahrajn, Katar, Kuwejt, Oman, Zjednoczone Emiraty Arabskie), co jest zgodne z d\u0142ugofalow\u0105 strategi\u0105 eksportu i rozwoju dzia\u0142alno\u015bci Omni3D.<\/p>\n<p data-start=\"1167\" data-end=\"1676\" style=\"text-align: left;\">Spodziewane efekty: W wyniku realizacji Projektu Sp\u00f3\u0142ka spodziewa si\u0119 pozyska\u0107 nowych kontrahent\u00f3w oraz nawi\u0105za\u0107 d\u0142ugofalowe kontakty biznesowe. Prze\u0142o\u017cy si\u0119 to na wzrost przychod\u00f3w Sp\u00f3\u0142ki z dzia\u0142alno\u015bci eksportowej (przych\u00f3d ze sprzeda\u017cy na wskazanym rynku ma wynosi\u0107 do ko\u0144ca 2023 roku 360.000,00PLN). Efektem Projektu b\u0119dzie tak\u017ce zwi\u0119kszenie rozpoznawalno\u015bci przemys\u0142owych drukarek 3D oferowanych pod mark\u0105 Omni3D w krajach Zatoki Perskiej, co przyczyni si\u0119 tak\u017ce do wzrostu rozpoznawalno\u015bci Marki Polskiej Gospodarki.  <\/p>\n<p data-start=\"1678\" data-end=\"1791\" style=\"text-align: left;\"><strong data-start=\"1678\" data-end=\"1696\">Warto\u015b\u0107 projektu: <\/strong>122.600,00 PLN<br data-start=\"1711\" data-end=\"1714\"><strong data-start=\"1714\" data-end=\"1734\">Dofinansowanie projektu z UE: <\/strong>91.950,00 PLN<br data-start=\"1748\" data-end=\"1751\"><strong data-start=\"1751\" data-end=\"1783\"><a href=\"https:\/\/www.parp.gov.pl\/component\/grants\/grants\/go-to-brand-expo-2020\" target=\"_blank\" rel=\"noopener\">Strona www projekt\u00f3w Go to Brand<\/a><\/strong><\/p>\n<ol><\/ol>\n<\/div>\n<\/div>\n<\/div>\n<\/div>\n<\/section>\n<p>[\/et_pb_text][et_pb_divider _builder_version=&#8221;4.27.5&#8243; _module_preset=&#8221;default&#8221; global_colors_info=&#8221;{}&#8221;][\/et_pb_divider][et_pb_text _builder_version=&#8221;4.27.5&#8243; _module_preset=&#8221;default&#8221; header_font=&#8221;&#8211;et_global_heading_font|300|||||||&#8221; header_5_font=&#8221;&#8211;et_global_heading_font|300|||||||&#8221; header_5_line_height=&#8221;1.3em&#8221; text_orientation=&#8221;center&#8221; global_colors_info=&#8221;{}&#8221;]<\/p>\n<section class=\"section section--projekty\">\n<div class=\"container\">\n<div class=\"row\">\n<div class=\"col-lg-6 col-lg-offset-3\">\n<div class=\"text-center\">\n<h2 class=\"main-title main-title--large\">Projekt Go to Brand<\/h2>\n<div class=\"main-subtitle main-subtitle--large\">Omni3D Sp. z o.o. realizuje projekt dofinansowany z Funduszy Europejskich <\/div>\n<div class=\"main-subtitle main-subtitle--large\"><strong><\/strong><\/div>\n<div class=\"main-subtitle main-subtitle--large\"><strong><img loading=\"lazy\" decoding=\"async\" src=\"https:\/\/omni3d.com\/web\/wp-content\/uploads\/2026\/01\/go-to-brand-scaled-1-1024x130.jpg\" width=\"1024\" height=\"130\" alt=\"\" class=\"wp-image-20792 alignnone size-large\" srcset=\"https:\/\/omni3d.com\/web\/wp-content\/uploads\/2026\/01\/go-to-brand-scaled-1-980x124.jpg 980w, https:\/\/omni3d.com\/web\/wp-content\/uploads\/2026\/01\/go-to-brand-scaled-1-480x61.jpg 480w\" sizes=\"(min-width: 0px) and (max-width: 480px) 480px, (min-width: 481px) and (max-width: 980px) 980px, (min-width: 981px) 1024px, 100vw\" \/><\/strong><\/div>\n<p data-start=\"169\" data-end=\"303\" style=\"text-align: left;\"><strong data-start=\"169\" data-end=\"202\">Wzrost rozpoznawalno\u015bci marki produktowej jako efekt dzia\u0142a\u0144 promocyjnych na wybranych rynkach mi\u0119dzynarodowych, w tym perspektywicznych.<\/strong><\/p>\n<p data-start=\"305\" data-end=\"645\" style=\"text-align: left;\">Projekt jest dofinansowany z Funduszy Europejskich w ramach Programu Operacyjnego Inteligentny Rozw\u00f3j 2014-2020, o\u015b priorytetowa 3 Wsparcie innowacji w przedsi\u0119biorstwach, dzia\u0142anie 3.3 Wsparcie promocji oraz internacjonalizacji innowacyjnych przedsi\u0119biorstw, poddzia\u0142anie 3.3.3 Wsparcie M\u015aP w promocji marek produktowych \u2013 Go to Brand.<\/p>\n<p data-start=\"647\" data-end=\"880\" style=\"text-align: left;\">Celem projektu jest ekspansja produktowa rozwi\u0105zania w\u0142asnego Wnioskodawcy w kierunku nowych rynk\u00f3w oraz poszerzenie obecnych w obszarze Unii Europejskiej, co jest zgodne z d\u0142ugofalow\u0105 strategi\u0105 eksportu i rozwoju dzia\u0142alno\u015bci Omni3D.<\/p>\n<p data-start=\"882\" data-end=\"1348\" style=\"text-align: left;\"><strong data-start=\"882\" data-end=\"903\">Spodziewane efekty:<\/strong><br \/>W wyniku realizacji Projektu Sp\u00f3\u0142ka spodziewa si\u0119 pozyska\u0107 nowych kontrahent\u00f3w oraz nawi\u0105za\u0107 d\u0142ugofalowe kontakty biznesowe. Prze\u0142o\u017cy si\u0119 to na wzrost przychod\u00f3w Sp\u00f3\u0142ki z dzia\u0142alno\u015bci eksportowej (warto\u015b\u0107 docelowa osi\u0105gni\u0119ta w roku 2022 wynosi\u0107 b\u0119dzie 500 000,00 PLN). Efektem Projektu b\u0119dzie tak\u017ce zwi\u0119kszenie rozpoznawalno\u015bci przemys\u0142owych drukarek 3D oferowanych pod mark\u0105 Omni3D na rynkach zagranicznych, co przyczyni si\u0119 tak\u017ce do wzrostu rozpoznawalno\u015bci Marki Polskiej Gospodarki.  <\/p>\n<p data-start=\"1350\" data-end=\"1464\" style=\"text-align: left;\"><strong data-start=\"1350\" data-end=\"1368\">Warto\u015b\u0107 projektu: <\/strong>370.000,00 PLN<br data-start=\"1383\" data-end=\"1386\"><strong data-start=\"1386\" data-end=\"1406\">Dofinansowanie projektu z UE:<\/strong> 277.500,00 PLN<br data-start=\"1421\" data-end=\"1424\"><strong data-start=\"1424\" data-end=\"1456\"><a href=\"https:\/\/www.parp.gov.pl\/component\/grants\/grants\/go-to-brand\" target=\"_blank\" rel=\"noopener\">Strona www projekt\u00f3w Go to Brand<\/a><\/strong><\/p>\n<ol><\/ol>\n<\/div>\n<\/div>\n<\/div>\n<\/div>\n<\/section>\n<p>[\/et_pb_text][et_pb_divider _builder_version=&#8221;4.27.5&#8243; _module_preset=&#8221;default&#8221; global_colors_info=&#8221;{}&#8221;][\/et_pb_divider][et_pb_text _builder_version=&#8221;4.27.5&#8243; _module_preset=&#8221;default&#8221; header_font=&#8221;&#8211;et_global_heading_font|300|||||||&#8221; header_5_font=&#8221;&#8211;et_global_heading_font|300|||||||&#8221; header_5_line_height=&#8221;1.3em&#8221; text_orientation=&#8221;center&#8221; global_colors_info=&#8221;{}&#8221;]<\/p>\n<section class=\"section section--projekty\">\n<div class=\"container\">\n<div class=\"row\">\n<div class=\"col-lg-6 col-lg-offset-3\">\n<div class=\"text-center\">\n<h2 class=\"main-title main-title--large\">Projekt PRO<\/h2>\n<div class=\"main-subtitle main-subtitle--large\">Celem projektu jest stworzenie drukarki 3D do wysokotemperaturowego druku w technologii FFF, dedykowanej do zastosowa\u0144 przemys\u0142owych.<\/div>\n<div class=\"main-subtitle main-subtitle--large\"><strong><\/strong><\/div>\n<div class=\"main-subtitle main-subtitle--large\"><img loading=\"lazy\" decoding=\"async\" src=\"https:\/\/omni3d.com\/web\/wp-content\/uploads\/2026\/01\/belka_brigealfa.png\" width=\"692\" height=\"104\" alt=\"\" class=\"wp-image-20793 alignnone size-full\" srcset=\"https:\/\/omni3d.com\/web\/wp-content\/uploads\/2026\/01\/belka_brigealfa.png 692w, https:\/\/omni3d.com\/web\/wp-content\/uploads\/2026\/01\/belka_brigealfa-480x72.png 480w\" sizes=\"(min-width: 0px) and (max-width: 480px) 480px, (min-width: 481px) 692px, 100vw\" \/><\/div>\n<p data-start=\"231\" data-end=\"471\" style=\"text-align: left;\"><strong data-start=\"231\" data-end=\"253\">Cel projektu: <\/strong>stworzenie drukarki 3D do wysokotemperaturowego druku w technologii FFF, dedykowanej do zastosowa\u0144 przemys\u0142owych. Urz\u0105dzenie b\u0119dzie charakteryzowa\u0107 si\u0119 du\u017cym polem roboczym, zintegrowan\u0105 komor\u0105 suszenia i automatycznym podawaniem filament\u00f3w. <\/p>\n<p data-start=\"473\" data-end=\"1066\" style=\"text-align: left;\"><strong data-start=\"473\" data-end=\"493\">Planowane efekty:<\/strong><br data-start=\"493\" data-end=\"496\">Drukarka PRO zaoferuje szybki i precyzyjny proces produkcji, co przyczyni si\u0119 do znacz\u0105cego skr\u00f3cenia czasu oraz obni\u017cenia koszt\u00f3w wytwarzania niskoseryjnego i prototypowania. Finalny produkt b\u0119dzie charakteryzowa\u0142 si\u0119 ergonomicznym designem oraz dedykowanym oprogramowaniem steruj\u0105cym, co zapewni intuicyjn\u0105 obs\u0142ug\u0119 u\u017cytkownika. Urz\u0105dzenie znajdzie zastosowanie w zak\u0142adach produkcyjnych oraz laboratoriach, wspieraj\u0105c produkcj\u0119 element\u00f3w z zaawansowanych materia\u0142\u00f3w in\u017cynieryjnych. Dzi\u0119ki zaawansowanej technologii, PRO stanie si\u0119 kluczowym narz\u0119dziem w przemy\u015ble lotniczym, kosmicznym, motoryzacyjnym i innych bran\u017cach wymagaj\u0105cych wysokotemperaturowych polimer\u00f3w.<\/p>\n<p data-start=\"1068\" data-end=\"1147\" style=\"text-align: left;\"><strong data-start=\"1068\" data-end=\"1086\">Warto\u015b\u0107 projektu:<\/strong> 1 000 000 z\u0142<br data-start=\"1100\" data-end=\"1103\"><strong data-start=\"1103\" data-end=\"1135\">Wk\u0142ad Funduszy Europejskich: <\/strong>800 000 z\u0142<\/p>\n<p data-start=\"1149\" data-end=\"1579\" style=\"text-align: left;\">Projekt wsp\u00f3\u0142finansowany przez Uni\u0119 Europejsk\u0105 ze \u015brodk\u00f3w Europejskiego Funduszu Rozwoju Regionalnego w ramach Programu Operacyjnego Inteligentny Rozw\u00f3j 2014-2020. Projekt realizowany w ramach konkursu Narodowego Centrum Bada\u0144 i Rozwoju: Dzia\u0142anie 1.3 Prace B+R finansowane z udzia\u0142em funduszy kapita\u0142owych, Poddzia\u0142anie 1.3.1 Wsparcie projekt\u00f3w badawczo \u2013 rozwojowych w fazie preseed przez fundusze typu proof of concept \u2013 BridgeAlfa <\/p>\n<ol><\/ol>\n<\/div>\n<\/div>\n<\/div>\n<\/div>\n<\/section>\n<p>[\/et_pb_text][et_pb_divider _builder_version=&#8221;4.27.5&#8243; _module_preset=&#8221;default&#8221; global_colors_info=&#8221;{}&#8221;][\/et_pb_divider][et_pb_text _builder_version=&#8221;4.27.5&#8243; _module_preset=&#8221;default&#8221; header_font=&#8221;&#8211;et_global_heading_font|300|||||||&#8221; header_5_font=&#8221;&#8211;et_global_heading_font|300|||||||&#8221; header_5_line_height=&#8221;1.3em&#8221; text_orientation=&#8221;center&#8221; global_colors_info=&#8221;{}&#8221;]<\/p>\n<section class=\"section section--projekty\">\n<div class=\"container\">\n<div class=\"row\">\n<div class=\"col-lg-6 col-lg-offset-3\">\n<div class=\"text-center\">\n<h2 class=\"main-title main-title--large\">Re_Open UK<\/h2>\n<div class=\"main-subtitle main-subtitle--large\"><strong data-start=\"84\" data-end=\"96\">Projekt:<\/strong> \u201ePrzeciwdzia\u0142anie negatywnym skutkom brexit przez Omni3D poprzez poszukiwanie nowych kierunk\u00f3w eksportu, zakup warto\u015bci niematerialnych i prawnych oraz adaptacj\u0119 przedsi\u0119biorstwa do zmian wywo\u0142anych brexitem\u201d w ramach Programu dzia\u0142a\u0144 dotycz\u0105cych wk\u0142adu finansowego z pobrexitowej rezerwy dostosowawczej w cz\u0119\u015bci przeznaczonej dla przedsi\u0119biorc\u00f3w, zwanego dalej \u201eProgramem Re_Open UK\u201d dla Dzia\u0142ania nr 1: Wsparcie przedsi\u0119biorstw niekorzystnie dotkni\u0119tych skutkami brexit Typ 1. Nowe kierunki eksportu Typ 2. Re_start inwestycyjny Typ 3. Akcja adaptacja do zmian<\/div>\n<div class=\"main-subtitle main-subtitle--large\"><strong><\/strong><\/div>\n<div class=\"main-subtitle main-subtitle--large\"><img loading=\"lazy\" decoding=\"async\" src=\"https:\/\/omni3d.com\/web\/wp-content\/uploads\/2026\/01\/dscdsdc-1024x166.png\" width=\"1024\" height=\"166\" alt=\"\" class=\"wp-image-20774 alignnone size-large\" srcset=\"https:\/\/omni3d.com\/web\/wp-content\/uploads\/2026\/01\/dscdsdc-980x159.png 980w, https:\/\/omni3d.com\/web\/wp-content\/uploads\/2026\/01\/dscdsdc-480x78.png 480w\" sizes=\"(min-width: 0px) and (max-width: 480px) 480px, (min-width: 481px) and (max-width: 980px) 980px, (min-width: 981px) 1024px, 100vw\" \/><\/div>\n<p data-start=\"670\" data-end=\"1203\" style=\"text-align: left;\">Celem projektu, kt\u00f3ry wpisuje si\u0119 cel Programu Re_Open UK, jest podj\u0119cie przez Omni3D dzia\u0142a\u0144<br \/>efektem, kt\u00f3rych b\u0119dzie przeciwdzia\u0142anie negatywnym skutkom wyst\u0105pienia Zjednoczonego<br \/>Kr\u00f3lestwa z UE, kt\u00f3re dotkn\u0119\u0142y przedsi\u0119biorc\u0119. Projekt zak\u0142ada nawi\u0105zanie nowych kontakt\u00f3w<br \/>handlowych z potencjalnymi partnerami zagranicznymi poprzez uczestnictwo w targach bran\u017cowych<br \/>w Wielkiej Brytanii oraz udzia\u0142 w misjach gospodarczych maj\u0105cych na celu otwarcie si\u0119 Omni3D na<br \/>rynki azjatyckie. W ramach projektu zaplanowano misje wyjazdowe do Singapuru, Japonii, oraz Korei.  <\/p>\n<p data-start=\"1205\" data-end=\"1305\" data-is-last-node=\"\" data-is-only-node=\"\" style=\"text-align: left;\">DOFINANSOWANIE PROJEKTU Nr UDA-PBAR.02.01.00-00-0085\/22-00<br data-start=\"1266\" data-end=\"1269\"><strong data-start=\"1269\" data-end=\"1287\">Warto\u015b\u0107 projektu: <\/strong><strong data-start=\"1288\" data-end=\"1305\" data-is-last-node=\"\" data-is-only-node=\"\">92.415,00 EUR<\/strong><\/p>\n<ol><\/ol>\n<\/div>\n<\/div>\n<\/div>\n<\/div>\n<\/section>\n<p>[\/et_pb_text][et_pb_divider _builder_version=&#8221;4.27.5&#8243; _module_preset=&#8221;default&#8221; global_colors_info=&#8221;{}&#8221;][\/et_pb_divider][et_pb_text _builder_version=&#8221;4.27.5&#8243; _module_preset=&#8221;default&#8221; header_font=&#8221;&#8211;et_global_heading_font|300|||||||&#8221; header_5_font=&#8221;&#8211;et_global_heading_font|300|||||||&#8221; header_5_line_height=&#8221;1.3em&#8221; text_orientation=&#8221;center&#8221; hover_enabled=&#8221;0&#8243; global_colors_info=&#8221;{}&#8221; sticky_enabled=&#8221;0&#8243;]<\/p>\n<section class=\"section section--projekty\">\n<div class=\"container\">\n<div class=\"row\">\n<div class=\"col-lg-6 col-lg-offset-3\">\n<div class=\"text-center\">\n<h2 class=\"main-title main-title--large\">Hybrydowy druk 3D z u\u017cyciem wyt\u0142aczania materia\u0142\u00f3w Polimerowych i Metalowych<\/h2>\n<div class=\"main-subtitle main-subtitle--large\">Projekt wsp\u00f3\u0142finansowany\/finansowany przez Narodowe Centrum Bada\u0144 i Rozwoju w ramach programu M-ERA.NET 3 Call 2021.<\/div>\n<div class=\"main-subtitle main-subtitle--large\"><strong><\/strong><\/div>\n<div class=\"main-subtitle main-subtitle--large\"><img loading=\"lazy\" decoding=\"async\" src=\"https:\/\/omni3d.com\/web\/wp-content\/uploads\/2026\/01\/bavrdfbvaeb-e1688472788883.png\" width=\"300\" height=\"86\" alt=\"\" class=\"wp-image-20794 alignnone size-full\"><\/div>\n<p data-start=\"264\" data-end=\"563\" style=\"text-align: left;\">Zawansowane technologie przyrostowe pozwalaj\u0105 nie tylko na wygodn\u0105 produkcj\u0119 spersonalizowanych przedmiot\u00f3w, ale tak\u017ce otwieraj\u0105 nowe mo\u017cliwo\u015bci do integracji urz\u0105dze\u0144 elektrycznych w struktur\u0119 wyrob\u00f3w. Do dzisiejszych wyzwa\u0144 zaliczy\u0107 nale\u017cy przetw\u00f3rstwo wielomateria\u0142owe, kontrol\u0119 jako\u015bci procesu, niezawodno\u015b\u0107 i wydajno\u015b\u0107. <\/p>\n<p data-start=\"565\" data-end=\"843\" style=\"text-align: left;\">G\u0142\u00f3wnym celem projektu Pompey jest powstanie hybrydowego urz\u0105dzenia wytw\u00f3rczego, zdolnego do wykonywania wyrob\u00f3w z tworzyw sztucznych w technologii FFF oraz wyt\u0142aczania niskotopliwych stop\u00f3w metali. Wysok\u0105 jako\u015b\u0107 wyrob\u00f3w zapewnia\u0107 b\u0119dzie analiza danych zebranych przez nowatorski system czujnik\u00f3w. <\/p>\n<p data-start=\"845\" data-end=\"1233\" style=\"text-align: left;\">Efektami ko\u0144cowymi b\u0119d\u0105 nowe jak i odnowione wyroby, takie jak p\u0142ytki drukowane czy urz\u0105dzenia elektroniczne. Uczestnicy projektu bior\u0105 te\u017c pod uwag\u0119 \u015brodowiskowe aspekty przedsi\u0119wzi\u0119cia takie jak oszcz\u0119dno\u015b\u0107 materia\u0142ow\u0105 i energetyczn\u0105 czy te\u017c promocj\u0119 idei gospodarki o obiegu zamkni\u0119tym. Projekt pozwoli na zwi\u0119kszenie pozycji jego uczestnik\u00f3w w bran\u017cy oraz rozszerzenie ich zasi\u0119gu o nowe bran\u017ce.  <\/p>\n<p data-start=\"1235\" data-end=\"1316\" style=\"text-align: left;\"><strong data-start=\"1235\" data-end=\"1253\"><a href=\"https:\/\/www.gov.pl\/web\/ncbr\" title=\"Narodowe Centrum Bada\u0144 i Rozwoju\" target=\"_blank\" rel=\"noopener\"><strong data-start=\"1235\" data-end=\"1253\"><img loading=\"lazy\" decoding=\"async\" src=\"https:\/\/omni3d.com\/web\/wp-content\/uploads\/2026\/01\/Zrzut-ekranu-2024-11-08-141807-300x118-1.png\" width=\"300\" height=\"118\" alt=\"\" class=\"wp-image-20797 alignnone size-full\"><\/strong> <img loading=\"lazy\" decoding=\"async\" src=\"https:\/\/omni3d.com\/web\/wp-content\/uploads\/2026\/01\/e312c16c47ae2d44978fb4286c2e7082-e1688471523154-768x217-1.jpg\" width=\"389\" height=\"110\" alt=\"\" class=\"wp-image-20795 alignnone size-full\"><\/a><\/strong><\/p>\n<p data-start=\"1235\" data-end=\"1316\" style=\"text-align: left;\"><strong data-start=\"1235\" data-end=\"1253\">Warto\u015b\u0107 projektu: <\/strong>1 767 689,00 PLN <br data-start=\"1270\" data-end=\"1273\"><strong data-start=\"1273\" data-end=\"1299\">Dofinansowanie projektu ze \u015brodk\u00f3w krajowych: <\/strong>1 358 282,18 PLN<\/p>\n<p data-start=\"1235\" data-end=\"1316\" style=\"text-align: left;\"><a href=\"https:\/\/www.gov.pl\/web\/ncbr\/m-eranet-3-call-2021\" title=\"M-ERA.NET\" target=\"_blank\" rel=\"noopener\"><img loading=\"lazy\" decoding=\"async\" src=\"https:\/\/omni3d.com\/web\/wp-content\/uploads\/2026\/01\/a5018166-753e-4c3d-91e8-5404de00e194.svg\" width=\"292\" height=\"76\" alt=\"\" class=\"wp-image-20796 alignnone size-full\"><\/a><\/p>\n<p data-start=\"1318\" data-end=\"1584\" style=\"text-align: left;\">Zrealizowane prace<br data-start=\"1336\" data-end=\"1339\">11\/2022 \u2013 W ramach prac zmierzaj\u0105cych do stworzenia hybrydowego systemu drukuj\u0105cego przeprowadzona zosta\u0142a analiza mo\u017cliwo\u015b\u0107 wykorzystania oprogramowania typu slicer do generowania plik\u00f3w wykonawczych gcode, kt\u00f3re pozwol\u0105 na naprzemienny druk polimerem i metalem.<\/p>\n<p data-start=\"1586\" data-end=\"1607\" data-is-last-node=\"\" data-is-only-node=\"\" style=\"text-align: left;\"><a href=\"https:\/\/omni3d.com\/web\/wp-content\/uploads\/2026\/01\/Path-planning-software-report-v3.2-1.pdf\" target=\"_blank\" rel=\"noopener\"><strong data-start=\"1586\" data-end=\"1607\" data-is-last-node=\"\">\u00bbPOBIERZ RAPORT\u00ab<\/strong><\/a><\/p>\n<ol><\/ol>\n<\/div>\n<\/div>\n<\/div>\n<\/div>\n<\/section>\n<p>[\/et_pb_text][\/et_pb_column][\/et_pb_row][\/et_pb_section]<\/p>\n<span class=\"et_bloom_bottom_trigger\"><\/span>","protected":false},"excerpt":{"rendered":"<p>Go To Brand EXPO Dubaj Rozw\u00f3j dzia\u0142alno\u015bci eksportowej Omni3D Sp. z o.o. poprzez udzia\u0142 w Programie promocji o charakterze og\u00f3lnym w zwi\u0105zku z udzia\u0142em Polski w \u015awiatowej Wystawie EXPO 2020 w Dubaju, w celu promowania marki Omni3D (drukarek 3D, filament\u00f3w i us\u0142ug zwi\u0105zanych z drukiem 3D) na rynkach zagranicznych w tym w krajach z Zatoki [&hellip;]<\/p>\n","protected":false},"author":1,"featured_media":0,"parent":0,"menu_order":0,"comment_status":"closed","ping_status":"closed","template":"","meta":{"_et_pb_use_builder":"on","_et_pb_old_content":"","_et_gb_content_width":"","footnotes":""},"class_list":["post-20804","page","type-page","status-publish","hentry"],"_links":{"self":[{"href":"https:\/\/omni3d.com\/pl\/wp-json\/wp\/v2\/pages\/20804","targetHints":{"allow":["GET"]}}],"collection":[{"href":"https:\/\/omni3d.com\/pl\/wp-json\/wp\/v2\/pages"}],"about":[{"href":"https:\/\/omni3d.com\/pl\/wp-json\/wp\/v2\/types\/page"}],"author":[{"embeddable":true,"href":"https:\/\/omni3d.com\/pl\/wp-json\/wp\/v2\/users\/1"}],"replies":[{"embeddable":true,"href":"https:\/\/omni3d.com\/pl\/wp-json\/wp\/v2\/comments?post=20804"}],"version-history":[{"count":4,"href":"https:\/\/omni3d.com\/pl\/wp-json\/wp\/v2\/pages\/20804\/revisions"}],"predecessor-version":[{"id":20815,"href":"https:\/\/omni3d.com\/pl\/wp-json\/wp\/v2\/pages\/20804\/revisions\/20815"}],"wp:attachment":[{"href":"https:\/\/omni3d.com\/pl\/wp-json\/wp\/v2\/media?parent=20804"}],"curies":[{"name":"wp","href":"https:\/\/api.w.org\/{rel}","templated":true}]}}