{"id":3001,"date":"2020-06-01T11:30:44","date_gmt":"2020-06-01T09:30:44","guid":{"rendered":"http:\/\/omni3d.com\/shop\/?page_id=3001"},"modified":"2020-11-05T12:16:13","modified_gmt":"2020-11-05T11:16:13","slug":"polityka-prywatnosci","status":"publish","type":"page","link":"https:\/\/omni3d.com\/shop\/pl\/polityka-prywatnosci\/","title":{"rendered":"Polityka prywatno\u015bci i wykorzystanie plik\u00f3w cookies"},"content":{"rendered":"\n<p>w serwisie internetowym: omni3d.com\/shop\/pl<\/p>\n\n\n\n<p><strong>Jakie s\u0105 podstawowe cele przyj\u0119tej przez sp\u00f3\u0142k\u0119 Omni3d Sp. z o.o. z siedzib\u0105 w Poznaniu, przy ul<\/strong><strong>. <\/strong><strong>\u015aw. Micha\u0142a 43, 61-119 Pozna\u0144, wpisan\u0105 do rejestru przedsi\u0119biorc\u00f3w Krajowego Rejestru S\u0105dowego prowadzonego przez S\u0105d Rejonowy Pozna\u0144 \u2013 Nowe Miasto i Wilda w Poznaniu, VIII Wydzia\u0142 Gospodarczy KRS, pod numerem KRS 0000464678, legitymuj\u0105c\u0105 si\u0119 numerem NIP 7831700117, REGON 30245103900000<\/strong>, <strong>polityki prywatno\u015bci i wykorzystywania plik\u00f3w cookies w naszym serwisie internetowych?<\/strong><strong><\/strong><\/p>\n\n\n\n<p>Niniejszy dokument zawieraj\u0105cy Polityk\u0119 prywatno\u015bci i wykorzystywania plik\u00f3w cookies naszym serwisie internetowym w domenie: omni3d.com\/shop\/pl zosta\u0142 stworzony i przyj\u0119ty przez sp\u00f3\u0142k\u0119 Omni3d Sp. z o.o. z siedzib\u0105 w Poznaniu, przy ul. \u015aw. Micha\u0142a 43, 61-119 Pozna\u0144, wpisan\u0105 do rejestru przedsi\u0119biorc\u00f3w Krajowego Rejestru S\u0105dowego prowadzonego przez S\u0105d Rejonowy Pozna\u0144 \u2013 Nowe Miasto i Wilda w Poznaniu, VIII Wydzia\u0142 Gospodarczy KRS, pod numerem KRS 0000464678, legitymuj\u0105c\u0105 si\u0119 numerem NIP 7831700117, REGON 30245103900000 (zwan\u0105 dalej \u201eAdministratorem\u201d) w celu:<\/p>\n\n\n\n<ul><li>podkre\u015blenia szczeg\u00f3lnego znaczenia, jakie przypisujemy problematyce ochrony prywatno\u015bci u\u017cytkownik\u00f3w odwiedzaj\u0105cych nasz Serwis,<\/li><li>udzielenia U\u017cytkownikom informacji dot. wykorzystywania plik\u00f3w cookies, oraz narz\u0119dzi analitycznych oraz informacji dot. podstaw, cel\u00f3w oraz okresu przetwarzania danych osobowych<\/li><\/ul>\n\n\n\n<p>Poni\u017cej zosta\u0142y zawarte zasady zbierania i wykorzystywania informacji o u\u017cytkownikach obowi\u0105zuj\u0105ce w Serwisie.<\/p>\n\n\n\n<p>Zapewniamy, \u017ce naszym nadrz\u0119dnym celem jest zapewnienie U\u017cytkownikom Serwisu ochrony prywatno\u015bci na poziomie, co najmniej odpowiadaj\u0105cym standardom okre\u015blonym w obowi\u0105zuj\u0105cych przepisach prawnych, w szczeg\u00f3lno\u015bci w rozporz\u0105dzeniu Parlamentu Europejskiego i Rady (UE) 2016\/679 z dnia 27 kwietnia 2016r. w sprawie ochrony os\u00f3b fizycznych w zwi\u0105zku z przetwarzaniem danych osobowych i w sprawie swobodnego przep\u0142ywu takich danych, dalej zwanego <strong>\u201e<\/strong>Rozporz\u0105dzeniem\u201d.<\/p>\n\n\n\n<p>Zapewniamy tak\u017ce, \u017ce zale\u017cy nam na przestrzeganiu obowi\u0105zuj\u0105cych przepis\u00f3w prawnych, zw\u0142aszcza tych, kt\u00f3re chroni\u0105 prywatno\u015b\u0107 U\u017cytkownik\u00f3w serwis\u00f3w internetowych.<\/p>\n\n\n\n<p>Zastrzegamy jednocze\u015bnie, \u017ce w ramach Serwisu mog\u0105 zosta\u0107 zamieszczone linki umo\u017cliwiaj\u0105ce U\u017cytkownikom bezpo\u015brednie dotarcie do innych stron internetowych. Administrator nie ma wp\u0142ywu na prowadzon\u0105 przez administrator\u00f3w tych stron polityk\u0119 prywatno\u015bci, ani polityk\u0119 wykorzystywania plik\u00f3w cookies i nie ponosi za nie odpowiedzialno\u015bci.<\/p>\n\n\n\n<p>Administrator odpowiednio zabezpiecza dane osobowe U\u017cytkownik\u00f3w przed niezgodnym z prawem dost\u0119pem do danych osobowych przez osoby trzecie, w szczeg\u00f3lno\u015bci szyfruje dane osobowe, archiwizuje dane osobowe, dokonuje oceny \u015brodk\u00f3w zabezpieczaj\u0105cych dane osobowe, zapewnia poufno\u015b\u0107, integralno\u015b\u0107, dost\u0119pno\u015b\u0107 i odporno\u015b\u0107 system\u00f3w i us\u0142ug przetwarzania.<\/p>\n\n\n\n<h4>Jakie s\u0105 podstawy przetwarzania danych osobowych?<\/h4>\n\n\n\n<p>Przetwarzanie jest zgodne z&nbsp;prawem wy\u0142\u0105cznie w&nbsp;przypadkach, gdy \u2013 i&nbsp;w&nbsp;takim zakresie, w&nbsp;jakim \u2013 spe\u0142niony jest co najmniej jeden z&nbsp;poni\u017cszych warunk\u00f3w:<\/p>\n\n\n\n<ul><li>osoba, kt\u00f3rej dane dotycz\u0105 wyrazi\u0142a zgod\u0119 na przetwarzanie swoich danych osobowych w&nbsp;jednym lub wi\u0119kszej liczbie okre\u015blonych cel\u00f3w;<\/li><li>przetwarzanie jest niezb\u0119dne do wykonania umowy, kt\u00f3rej stron\u0105 jest osoba, kt\u00f3rej dane dotycz\u0105, lub do podj\u0119cia dzia\u0142a\u0144 na \u017c\u0105danie osoby, kt\u00f3rej dane dotycz\u0105, przed zawarciem umowy;<\/li><li>przetwarzanie jest niezb\u0119dne do wype\u0142nienia obowi\u0105zku prawnego ci\u0105\u017c\u0105cego na&nbsp;administratorze;<\/li><li>przetwarzanie jest niezb\u0119dne do ochrony \u017cywotnych interes\u00f3w osoby, kt\u00f3rej dane dotycz\u0105, lub innej osoby fizycznej;<\/li><li>przetwarzanie jest niezb\u0119dne do wykonania zadania realizowanego w&nbsp;interesie publicznym lub w&nbsp;ramach sprawowania w\u0142adzy publicznej powierzonej administratorowi;<\/li><li>przetwarzanie jest niezb\u0119dne do cel\u00f3w wynikaj\u0105cych z&nbsp;prawnie uzasadnionych interes\u00f3w realizowanych przez administratora lub przez stron\u0119 trzeci\u0105, z&nbsp;wyj\u0105tkiem sytuacji, w&nbsp;kt\u00f3rych nadrz\u0119dny charakter wobec tych interes\u00f3w maj\u0105 interesy lub podstawowe prawa i&nbsp;wolno\u015bci osoby, kt\u00f3rej dane dotycz\u0105, wymagaj\u0105ce ochrony danych osobowych, w&nbsp;szczeg\u00f3lno\u015bci gdy osoba, kt\u00f3rej dane dotycz\u0105, jest dzieckiem.<\/li><\/ul>\n\n\n\n<h4>Jakie informacje o u\u017cytkownikach gromadzi Serwis i w jaki spos\u00f3b s\u0105 wykorzystywane?<\/h4>\n\n\n\n<p>Serwis ogranicza zbieranie i wykorzystywanie informacji o ich u\u017cytkownikach do niezb\u0119dnego minimum, wymaganego do \u015bwiadczenia na ich rzecz us\u0142ug na po\u017c\u0105danym poziomie, stosownie do art. 18 ustawy o \u015bwiadczeniu us\u0142ug drog\u0105 elektroniczn\u0105. W szczeg\u00f3lno\u015bci zbieraj\u0105c dane osobowe wyr\u00f3\u017cniamy te spo\u015br\u00f3d nich, kt\u00f3rych podanie jest rzeczywi\u015bcie niezb\u0119dne do \u015bwiadczenia us\u0142ugi drog\u0105 elektroniczn\u0105. Podanie innych danych osobowych (tj. danych, kt\u00f3re nie s\u0105 niezb\u0119dne do realizacji us\u0142ugi drog\u0105 elektroniczn\u0105) nie jest obligatoryjne, le\u017cy w sferze uznania osoby, kt\u00f3rej dane te dotycz\u0105, a ich przetwarzanie przez Sp\u00f3\u0142k\u0119 zale\u017cy od wyra\u017cenia przez U\u017cytkownika zgody.<\/p>\n\n\n\n<h4>Jakie s\u0105 cele przetwarzania danych?<\/h4>\n\n\n\n<p>Zapewniamy, \u017ce wszelkie dane osobowe, je\u017celi zosta\u0142y zebrane w ramach Serwisu, s\u0142u\u017c\u0105 g\u0142\u00f3wnie do realizacji zobowi\u0105za\u0144 wobec U\u017cytkownik\u00f3w. Informacje te nie s\u0105 udost\u0119pniane osobom trzecim, chyba, \u017ce: po uzyskaniu uprzedniej wyra\u017anej zgody os\u00f3b, kt\u00f3rych one dotycz\u0105, na takie dzia\u0142anie lub je\u017celi obowi\u0105zek przekazania tych danych wynika (b\u0119dzie wynika\u0107) z przepis\u00f3w prawnych lub je\u017celi ich przekazanie osobom trzecim jest niezb\u0119dne do prawid\u0142owej realizacji umowy.<\/p>\n\n\n\n<p>Dane przetwarzane s\u0105 w szczeg\u00f3lno\u015bci w celu:<\/p>\n\n\n\n<ol type=\"a\"><li>zawarcia umowy;<\/li><li>wykonania umowy;<\/li><li>wype\u0142nienia obowi\u0105zk\u00f3w prawnych ci\u0105\u017c\u0105cych na administratorze;<\/li><li>stosowania marketingu;<\/li><li>ustalenia, dochodzenia lub obrony roszcze\u0144 jakie mo\u017ce podnosi\u0107 Administrator lub jakie mog\u0105 by\u0107 podnoszone wobec Administratora;<\/li><li>prowadzenia statystyk i analizy ruchu w Sklepie Internetowym<\/li><\/ol>\n\n\n\n<h4>Jaki jest okres przechowywania przez Administratora danych osobowych?<\/h4>\n\n\n\n<p>Dane osobowe U\u017cytkownik\u00f3w przetwarzane w celu wykonania zawartej z Administratorem umowy oraz wype\u0142nienia ci\u0105\u017c\u0105cego na Administratorze obowi\u0105zku prawnego b\u0119d\u0105 przetwarzane przez okres obowi\u0105zywania umowy, a po jego up\u0142ywie przez okres:<\/p>\n\n\n\n<ol type=\"a\"><li>w kt\u00f3rym mog\u0105 ujawni\u0107 si\u0119 roszczenia zwi\u0105zane z t\u0105 umow\u0105,&nbsp;<\/li><li>posprzeda\u017cowej obs\u0142ugi ( w tym rozpatrzenia reklamacji),<\/li><li>wype\u0142nienia obowi\u0105zku prawnego ci\u0105\u017c\u0105cego na nas (np. wynikaj\u0105cego z przepis\u00f3w rachunkowych lub podatkowych).<\/li><\/ol>\n\n\n\n<p>Dane osobowe przetwarzane dla potrzeb marketingu Administrator mo\u017ce do czasu, a\u017c U\u017cytkownik nie zg\u0142osi sprzeciwu wzgl\u0119dem ich przetwarzania w tym celu lub Administrator nie ustali, \u017ce si\u0119 zdezaktualizowa\u0142y.<\/p>\n\n\n\n<p>Dane osobowe przetwarzane na podstawie odr\u0119bnej zgody b\u0119d\u0105 przechowywane do czasy jej odwo\u0142ania.<\/p>\n\n\n\n<p>Dane osobowe przetwarzane w celu prowadzenia statystyk i analizy ruchu w Sklepie Internetowym przechowywane s\u0105 przez okres istnienia prawnie uzasadnionego interesu realizowanego przez Administratora.<\/p>\n\n\n\n<h4>Kto ma dost\u0119p do udost\u0119pnionych przez U\u017cytkownika w sklepie internetowym danych?<\/h4>\n\n\n\n<p>Dla prawid\u0142owego funkcjonowania Sklepu Internetowego, w tym dla realizacji zawieranych Um\u00f3w Sprzeda\u017cy konieczne jest korzystanie przez Administratora z us\u0142ug podmiot\u00f3w zewn\u0119trznych (takich jak np. dostawca oprogramowania, kurier, czy podmiot obs\u0142uguj\u0105cy p\u0142atno\u015bci). Administrator korzysta wy\u0142\u0105cznie z us\u0142ug takich podmiot\u00f3w przetwarzaj\u0105cych, kt\u00f3rzy zapewniaj\u0105 wystarczaj\u0105ce gwarancje wdro\u017cenia odpowiednich \u015brodk\u00f3w technicznych i organizacyjnych, tak by przetwarzanie spe\u0142nia\u0142o wymogi Rozporz\u0105dzenia i chroni\u0142o prawa os\u00f3b, kt\u00f3rych dane dotycz\u0105.<\/p>\n\n\n\n<p>W zwi\u0105zku z powy\u017cszym dane osobowe U\u017cytkownik\u00f3w mog\u0105 zosta\u0107 ujawnione podmiotom z kt\u00f3rymi wsp\u00f3\u0142pracujemy, w szczeg\u00f3lno\u015bci: naszym partnerom handlowym, firmom informatycznym, firmie ksi\u0119gowej, firmie windykacyjnej, firmie ubezpieczeniowej, operatorom pocztowym i firmom kurierskim, firmom archiwizuj\u0105cym dokumenty, agencjom marketingowym, kancelarii prawniczej.<\/p>\n\n\n\n<h4>Na czym polega profilowanie w sklepie internetowym?<\/h4>\n\n\n\n<p>Profilowanie oznacza dowoln\u0105 form\u0119 zautomatyzowanego przetwarzania danych osobowych, kt\u00f3re polega na wykorzystaniu danych osobowych do oceny niekt\u00f3rych czynnik\u00f3w osobowych osoby fizycznej, w szczeg\u00f3lno\u015bci do analizy lub prognozy aspekt\u00f3w dotycz\u0105cych efekt\u00f3w pracy tej osoby fizycznej, jej sytuacji ekonomicznej, zdrowia, osobistych preferencji, zainteresowa\u0144, wiarygodno\u015bci, zachowania, lokalizacji lub przemieszczania si\u0119.<\/p>\n\n\n\n<p>Profilowanie stosowane jest przez przedsi\u0119biorc\u00f3w w celach marketingowych. Umo\u017cliwia ono dopasowanie oferty do klienta na podstawie analizy jego dzia\u0142a\u0144 w internecie.<\/p>\n\n\n\n<p>Osoba, kt\u00f3rej dane dotycz\u0105, ma prawo do tego, by nie podlega\u0107 decyzji, kt\u00f3ra opiera si\u0119 wy\u0142\u0105cznie na zautomatyzowanym przetwarzaniu, w&nbsp;tym profilowaniu, i&nbsp;wywo\u0142uje wobec tej osoby skutki prawne lub w&nbsp;podobny spos\u00f3b istotnie na ni\u0105 wp\u0142ywa.<\/p>\n\n\n\n<h4>Jakie maj\u0105 prawa osoby, kt\u00f3rych dane osobowe s\u0105 przetwarzane?<\/h4>\n\n\n\n<p>Osoba, kt\u00f3rej dane dotycz\u0105, ma nast\u0119puj\u0105ce prawa: prawo dost\u0119pu do danych (art. 15 Rozporz\u0105dzenia), prawo do sprostowania danych (art. 16 Rozporz\u0105dzenia), prawo do bycia zapomnianym, tj. do usuni\u0119cia danych (art. 17 Rozporz\u0105dzenia), prawo do ograniczenia przetwarzania (art. 18 RODO), prawo do przenoszenia danych (art. 20 Rozporz\u0105dzenia), prawo do sprzeciwu (art. 21 Rozporz\u0105dzenia), prawo do tego, by nie podlega\u0107 decyzji, kt\u00f3ra opiera si\u0119 wy\u0142\u0105cznie na zautomatyzowanym przetwarzaniu, w&nbsp;tym profilowaniu, i&nbsp;wywo\u0142uje wobec tej osoby skutki prawne lub w&nbsp;podobny spos\u00f3b istotnie na ni\u0105 wp\u0142ywa (art. 22 Rozporz\u0105dzenia).<\/p>\n\n\n\n<p>Ponadto administrator ma obowi\u0105zek przekazania osobie, kt\u00f3rej dane dotycz\u0105, informacji o&nbsp;przetwarzaniu danych osobowych (art. 13 i&nbsp;14 RODO), a&nbsp;w przypadku realizacji \u017c\u0105dania w&nbsp;zakresie sprostowania, usuni\u0119cia lub ograniczenia przetwarzania danych \u2013 tak\u017ce obowi\u0105zek poinformowania o&nbsp;tym odbiorc\u00f3w, kt\u00f3rym ujawniono te dane (art. 19 RODO).<\/p>\n\n\n\n<h4>Co to jest plik cookie?<\/h4>\n\n\n\n<p>Pliki Cookies to ma\u0142e pliki tekstowe zapisywane na komputerze u\u017cytkownika lub innym urz\u0105dzeniu mobilnym, w czasie korzystania przez niego z serwis\u00f3w internetowych. Pliki te s\u0142u\u017c\u0105 m.in. korzystaniu z r\u00f3\u017cnych funkcji przewidzianych na danej stronie internetowej lub potwierdzeniu, \u017ce dany u\u017cytkownik widzia\u0142 okre\u015blone tre\u015bci z danej witryny internetowej.<\/p>\n\n\n\n<h4>W jakich celach wykorzystywane s\u0105 pliki cookies w sklepie internetowym?<\/h4>\n\n\n\n<p>W\u015br\u00f3d plik\u00f3w cookies wyr\u00f3\u017cni\u0107 mo\u017cne te, kt\u00f3re s\u0105 niezb\u0119dne do dzia\u0142ania serwisu. Nale\u017c\u0105ce do tej kategorii pliki cookies wykorzystywane s\u0105, aby zapewni\u0107 m.in. monitoring dost\u0119pno\u015bci us\u0142ug. Kolejna kategoria plik\u00f3w cookies, to pliki, kt\u00f3re wprawdzie nie s\u0105 niezb\u0119dne do korzystania z Serwisu, ale u\u0142atwiaj\u0105 korzystanie z nich. Wykorzystuje si\u0119 je, aby umo\u017cliwi\u0107: przywr\u00f3cenie ostatnio odwiedzanego widoku, przywr\u00f3cenie sesji u\u017cytkownika, sprawdzenie czy zapis do plik\u00f3w cookies funkcjonuje prawid\u0142owo; ustawienie preferowanego j\u0119zyka, waluty, rozmiaru czcionki i innych tego typu w\u0142a\u015bciwo\u015bci u\u0142atwiaj\u0105cych prac\u0119 z aplikacj\u0105.<\/p>\n\n\n\n<p>Administrator korzysta te\u017c z us\u0142ug podmiot\u00f3w trzecich, kt\u00f3rych lista stale zmienia si\u0119, a kt\u00f3re wykorzystuj\u0105 pliki cookies w nast\u0119puj\u0105cych celach:<\/p>\n\n\n\n<ol type=\"a\"><li>monitorowanie ruchu na naszych stronach WWW;<\/li><li>zbieranie anonimowych, zbiorczych statystyk, kt\u00f3re pozwalaj\u0105 nam zrozumie\u0107, w jaki spos\u00f3b u\u017cytkownicy korzystaj\u0105 z naszej strony internetowej i umo\u017cliwiaj\u0105 nam ci\u0105g\u0142e doskonalenie naszych produkt\u00f3w;<\/li><li>ustalanie liczby anonimowych u\u017cytkownik\u00f3w naszych stron WWW.<\/li><li>potrzebne do analizy korzystania z Serwisu;<\/li><li>kontrolowanie jak cz\u0119sto pokazywana jest u\u017cytkownikom wybrana tre\u015b\u0107;<\/li><li>kontrolowanie jak cz\u0119sto u\u017cytkownicy wybieraj\u0105 dan\u0105 us\u0142ug\u0119;<\/li><li>badanie zapis\u00f3w na newslettery;<\/li><li>wykorzystanie systemu personalizowanych rekomendacji dla e-commerce;<\/li><li>wykorzystanie narz\u0119dzia do komunikacji;<\/li><li>integracja z portalem spo\u0142eczno\u015bciom;<\/li><\/ol>\n\n\n\n<p>W\u015br\u00f3d podmiot\u00f3w tych w dacie sporz\u0105dzenia niniejszego dokumentu zaliczamy:<\/p>\n\n\n\n<ul><li>Google Analytics&nbsp;<\/li><\/ul>\n\n\n\n<h4>Jak mo\u017cna zarz\u0105dza\u0107 plikami cookies?<\/h4>\n\n\n\n<p>U\u017cytkownik mo\u017ce zarz\u0105dza\u0107 plikami cookies wykorzystywanymi przez Administraora lub przez jakichkolwiek innych zewn\u0119trznych dostawc\u00f3w, zmieniaj\u0105c ustawienia swojej przegl\u0105darki internetowej.<\/p>\n\n\n\n<h4>W jaki spos\u00f3b Administrator chroni prywatno\u015b\u0107 os\u00f3b, kt\u00f3re nie maj\u0105 pe\u0142nej zdolno\u015bci do czynno\u015bci prawnych?<\/h4>\n\n\n\n<p>Zastrzegamy, \u017ce Serwis nie zbiera, nie monituje, ani nie weryfikuje informacji na temat wieku os\u00f3b odwiedzaj\u0105cych go ani innych, kt\u00f3rych zebranie pozwoli\u0142oby na ustalenie, czy U\u017cytkownik ma zdolno\u015b\u0107 do czynno\u015bci prawnych.<\/p>\n\n\n\n<h4>Jakie zabezpieczenia stosuje Administrator?<\/h4>\n\n\n\n<p>Serwis jest zaopatrzony w \u015brodki bezpiecze\u0144stwa, maj\u0105ce na celu ochron\u0119 danych pozostaj\u0105cych pod nasz\u0105 kontrol\u0105 przed ich utrat\u0105, niew\u0142a\u015bciwym wykorzystaniem czy modyfikacj\u0105. Zobowi\u0105zujemy si\u0119 chroni\u0107 wszelkie informacje ujawnione nam przez U\u017cytkownik\u00f3w zgodnie z normami ochrony bezpiecze\u0144stwa i zachowania poufno\u015bci.<\/p>\n\n\n\n<p>Prawa dost\u0119pu do danych osobowych u\u017cytkownik\u00f3w serwisu zosta\u0142y w restrykcyjny spos\u00f3b ograniczone, tak, aby informacje te nie znalaz\u0142y si\u0119 w r\u0119kach os\u00f3b niepowo\u0142anych. Dost\u0119p do danych osobowych ma tylko ograniczona liczba uprawnionych pracownik\u00f3w dzia\u0142u obs\u0142ugi klienta zgodnie z Rozporz\u0105dzeniem.<\/p>\n\n\n\n<h4>Czy mog\u0105 nast\u0105pi\u0107 zmiany w polityce ochrony prywatno\u015bci?<\/h4>\n\n\n\n<p>Rozw\u00f3j naszego Serwisu, post\u0119p technologiczny, jak i zmiany przepis\u00f3w prawnych mog\u0105 spowodowa\u0107 konieczno\u015b\u0107, a nawet obowi\u0105zek prawny, wprowadzenia zmian w dotychczas prowadzonej polityce w zakresie ochrony prywatno\u015bci. Je\u017celi zmiany takie b\u0119d\u0105 mia\u0142y miejsce, poinformujemy o nich U\u017cytkownik\u00f3w Serwisu natychmiast, w ramach zak\u0142adki \u201ePolityka prywatno\u015bci\u201d.<\/p>\n\n\n\n<p>Zach\u0119camy, zatem wszystkich U\u017cytkownik\u00f3w do zagl\u0105dania do tego miejsca w ka\u017cdym przypadku po\u0142\u0105czenia si\u0119 z Serwisem.<\/p>\n\n\n\n<h4>W jaki spos\u00f3b skontaktowa\u0107 si\u0119 z Administratorem<\/h4>\n\n\n\n<p>Wszystkich U\u017cytkownik\u00f3w, kt\u00f3rzy maj\u0105 jakiekolwiek pytania, uwagi lub zastrze\u017cenia dotycz\u0105ce stosowanej przez Administratora polityki w zakresie ochrony prywatno\u015bci w ramach Serwisu, w tym dotycz\u0105ce wyja\u015bnienia ewentualnych w\u0105tpliwo\u015bci zwi\u0105zanych z tre\u015bci\u0105 niniejszej informacji, prosimy o wys\u0142anie ich pod adres: kontakt@omni3d.com<\/p>\n","protected":false},"excerpt":{"rendered":"<p>w serwisie internetowym: omni3d.com\/shop\/pl Jakie s\u0105 podstawowe cele przyj\u0119tej przez sp\u00f3\u0142k\u0119 Omni3d Sp. z o.o. z siedzib\u0105 w Poznaniu, przy<\/p>\n","protected":false},"author":1,"featured_media":0,"parent":0,"menu_order":0,"comment_status":"closed","ping_status":"closed","template":"","meta":[],"yoast_head":"<!-- This site is optimized with the Yoast SEO plugin v18.6 - https:\/\/yoast.com\/wordpress\/plugins\/seo\/ -->\n<title>Polityka prywatno\u015bci i wykorzystanie plik\u00f3w cookies - Omni3D<\/title>\n<meta name=\"robots\" content=\"index, follow, max-snippet:-1, max-image-preview:large, max-video-preview:-1\" \/>\n<link rel=\"canonical\" href=\"https:\/\/omni3d.com\/shop\/pl\/polityka-prywatnosci\/\" \/>\n<meta property=\"og:locale\" content=\"pl_PL\" \/>\n<meta property=\"og:type\" content=\"article\" \/>\n<meta property=\"og:title\" content=\"Polityka prywatno\u015bci i wykorzystanie plik\u00f3w cookies - Omni3D\" \/>\n<meta property=\"og:description\" content=\"w serwisie internetowym: omni3d.com\/shop\/pl Jakie s\u0105 podstawowe cele przyj\u0119tej przez sp\u00f3\u0142k\u0119 Omni3d Sp. z o.o. z siedzib\u0105 w Poznaniu, przy\" \/>\n<meta property=\"og:url\" content=\"https:\/\/omni3d.com\/shop\/pl\/polityka-prywatnosci\/\" \/>\n<meta property=\"og:site_name\" content=\"Omni3D\" \/>\n<meta property=\"article:modified_time\" content=\"2020-11-05T11:16:13+00:00\" \/>\n<meta name=\"twitter:card\" content=\"summary_large_image\" \/>\n<meta name=\"twitter:label1\" content=\"Szacowany czas czytania\" \/>\n\t<meta name=\"twitter:data1\" content=\"11 minut\" \/>\n<script type=\"application\/ld+json\" class=\"yoast-schema-graph\">{\"@context\":\"https:\/\/schema.org\",\"@graph\":[{\"@type\":\"Organization\",\"@id\":\"https:\/\/omni3d.com\/shop\/#organization\",\"name\":\"Sklep Omni3D \/ Filamenty 3D, Drukarki 3D, Cz\u0119\u015bci zamienne\",\"url\":\"https:\/\/omni3d.com\/shop\/\",\"sameAs\":[],\"logo\":{\"@type\":\"ImageObject\",\"@id\":\"https:\/\/omni3d.com\/shop\/#logo\",\"inLanguage\":\"pl-PL\",\"url\":\"https:\/\/omni3d.com\/shop\/wp-content\/uploads\/2020\/06\/Omni3D-logo.svg\",\"contentUrl\":\"https:\/\/omni3d.com\/shop\/wp-content\/uploads\/2020\/06\/Omni3D-logo.svg\",\"width\":220,\"height\":102,\"caption\":\"Sklep Omni3D \/ Filamenty 3D, Drukarki 3D, Cz\u0119\u015bci zamienne\"},\"image\":{\"@id\":\"https:\/\/omni3d.com\/shop\/#logo\"}},{\"@type\":\"WebSite\",\"@id\":\"https:\/\/omni3d.com\/shop\/#website\",\"url\":\"https:\/\/omni3d.com\/shop\/\",\"name\":\"Omni3D\",\"description\":\"Omni3D - Drukarki 3D, Cz\u0119\u015bci zamienne, Filamenty\",\"publisher\":{\"@id\":\"https:\/\/omni3d.com\/shop\/#organization\"},\"potentialAction\":[{\"@type\":\"SearchAction\",\"target\":{\"@type\":\"EntryPoint\",\"urlTemplate\":\"https:\/\/omni3d.com\/shop\/?s={search_term_string}\"},\"query-input\":\"required name=search_term_string\"}],\"inLanguage\":\"pl-PL\"},{\"@type\":\"WebPage\",\"@id\":\"https:\/\/omni3d.com\/shop\/pl\/polityka-prywatnosci\/#webpage\",\"url\":\"https:\/\/omni3d.com\/shop\/pl\/polityka-prywatnosci\/\",\"name\":\"Polityka prywatno\u015bci i wykorzystanie plik\u00f3w cookies - Omni3D\",\"isPartOf\":{\"@id\":\"https:\/\/omni3d.com\/shop\/#website\"},\"datePublished\":\"2020-06-01T09:30:44+00:00\",\"dateModified\":\"2020-11-05T11:16:13+00:00\",\"breadcrumb\":{\"@id\":\"https:\/\/omni3d.com\/shop\/pl\/polityka-prywatnosci\/#breadcrumb\"},\"inLanguage\":\"pl-PL\",\"potentialAction\":[{\"@type\":\"ReadAction\",\"target\":[\"https:\/\/omni3d.com\/shop\/pl\/polityka-prywatnosci\/\"]}]},{\"@type\":\"BreadcrumbList\",\"@id\":\"https:\/\/omni3d.com\/shop\/pl\/polityka-prywatnosci\/#breadcrumb\",\"itemListElement\":[{\"@type\":\"ListItem\",\"position\":1,\"name\":\"Homepage\",\"item\":\"https:\/\/omni3d.com\/shop\/pl\/\"},{\"@type\":\"ListItem\",\"position\":2,\"name\":\"Polityka prywatno\u015bci i wykorzystanie plik\u00f3w cookies\"}]}]}<\/script>\n<!-- \/ Yoast SEO plugin. -->","yoast_head_json":{"title":"Polityka prywatno\u015bci i wykorzystanie plik\u00f3w cookies - Omni3D","robots":{"index":"index","follow":"follow","max-snippet":"max-snippet:-1","max-image-preview":"max-image-preview:large","max-video-preview":"max-video-preview:-1"},"canonical":"https:\/\/omni3d.com\/shop\/pl\/polityka-prywatnosci\/","og_locale":"pl_PL","og_type":"article","og_title":"Polityka prywatno\u015bci i wykorzystanie plik\u00f3w cookies - Omni3D","og_description":"w serwisie internetowym: omni3d.com\/shop\/pl Jakie s\u0105 podstawowe cele przyj\u0119tej przez sp\u00f3\u0142k\u0119 Omni3d Sp. z o.o. z siedzib\u0105 w Poznaniu, przy","og_url":"https:\/\/omni3d.com\/shop\/pl\/polityka-prywatnosci\/","og_site_name":"Omni3D","article_modified_time":"2020-11-05T11:16:13+00:00","twitter_card":"summary_large_image","twitter_misc":{"Szacowany czas czytania":"11 minut"},"schema":{"@context":"https:\/\/schema.org","@graph":[{"@type":"Organization","@id":"https:\/\/omni3d.com\/shop\/#organization","name":"Sklep Omni3D \/ Filamenty 3D, Drukarki 3D, Cz\u0119\u015bci zamienne","url":"https:\/\/omni3d.com\/shop\/","sameAs":[],"logo":{"@type":"ImageObject","@id":"https:\/\/omni3d.com\/shop\/#logo","inLanguage":"pl-PL","url":"https:\/\/omni3d.com\/shop\/wp-content\/uploads\/2020\/06\/Omni3D-logo.svg","contentUrl":"https:\/\/omni3d.com\/shop\/wp-content\/uploads\/2020\/06\/Omni3D-logo.svg","width":220,"height":102,"caption":"Sklep Omni3D \/ Filamenty 3D, Drukarki 3D, Cz\u0119\u015bci zamienne"},"image":{"@id":"https:\/\/omni3d.com\/shop\/#logo"}},{"@type":"WebSite","@id":"https:\/\/omni3d.com\/shop\/#website","url":"https:\/\/omni3d.com\/shop\/","name":"Omni3D","description":"Omni3D - Drukarki 3D, Cz\u0119\u015bci zamienne, Filamenty","publisher":{"@id":"https:\/\/omni3d.com\/shop\/#organization"},"potentialAction":[{"@type":"SearchAction","target":{"@type":"EntryPoint","urlTemplate":"https:\/\/omni3d.com\/shop\/?s={search_term_string}"},"query-input":"required name=search_term_string"}],"inLanguage":"pl-PL"},{"@type":"WebPage","@id":"https:\/\/omni3d.com\/shop\/pl\/polityka-prywatnosci\/#webpage","url":"https:\/\/omni3d.com\/shop\/pl\/polityka-prywatnosci\/","name":"Polityka prywatno\u015bci i wykorzystanie plik\u00f3w cookies - Omni3D","isPartOf":{"@id":"https:\/\/omni3d.com\/shop\/#website"},"datePublished":"2020-06-01T09:30:44+00:00","dateModified":"2020-11-05T11:16:13+00:00","breadcrumb":{"@id":"https:\/\/omni3d.com\/shop\/pl\/polityka-prywatnosci\/#breadcrumb"},"inLanguage":"pl-PL","potentialAction":[{"@type":"ReadAction","target":["https:\/\/omni3d.com\/shop\/pl\/polityka-prywatnosci\/"]}]},{"@type":"BreadcrumbList","@id":"https:\/\/omni3d.com\/shop\/pl\/polityka-prywatnosci\/#breadcrumb","itemListElement":[{"@type":"ListItem","position":1,"name":"Homepage","item":"https:\/\/omni3d.com\/shop\/pl\/"},{"@type":"ListItem","position":2,"name":"Polityka prywatno\u015bci i wykorzystanie plik\u00f3w cookies"}]}]}},"lang":"pl","translations":{"pl":3001},"pll_sync_post":[],"_links":{"self":[{"href":"https:\/\/omni3d.com\/shop\/wp-json\/wp\/v2\/pages\/3001"}],"collection":[{"href":"https:\/\/omni3d.com\/shop\/wp-json\/wp\/v2\/pages"}],"about":[{"href":"https:\/\/omni3d.com\/shop\/wp-json\/wp\/v2\/types\/page"}],"author":[{"embeddable":true,"href":"https:\/\/omni3d.com\/shop\/wp-json\/wp\/v2\/users\/1"}],"replies":[{"embeddable":true,"href":"https:\/\/omni3d.com\/shop\/wp-json\/wp\/v2\/comments?post=3001"}],"version-history":[{"count":8,"href":"https:\/\/omni3d.com\/shop\/wp-json\/wp\/v2\/pages\/3001\/revisions"}],"predecessor-version":[{"id":3604,"href":"https:\/\/omni3d.com\/shop\/wp-json\/wp\/v2\/pages\/3001\/revisions\/3604"}],"wp:attachment":[{"href":"https:\/\/omni3d.com\/shop\/wp-json\/wp\/v2\/media?parent=3001"}],"curies":[{"name":"wp","href":"https:\/\/api.w.org\/{rel}","templated":true}]}}