{"id":3003,"date":"2020-06-01T11:31:19","date_gmt":"2020-06-01T09:31:19","guid":{"rendered":"http:\/\/omni3d.com\/shop\/?page_id=3003"},"modified":"2020-12-07T09:31:05","modified_gmt":"2020-12-07T08:31:05","slug":"dostawa-i-platnosc","status":"publish","type":"page","link":"https:\/\/omni3d.com\/shop\/pl\/dostawa-i-platnosc\/","title":{"rendered":"Dostawa i p\u0142atno\u015b\u0107"},"content":{"rendered":"\n<p><strong>Koszt, sposoby i termin dostawy oraz odbioru produktu<\/strong><\/p>\n\n\n\n<ol type=\"1\"><li>Koszty dostawy Produktu s\u0105 wskazywane kupuj\u0105cemu przed z\u0142o\u017ceniem zam\u00f3wienia w podsumowaniu &#8211; Koszyk.<\/li><li>Sprzedawca udost\u0119pnia Kupuj\u0105cemu nast\u0119puj\u0105ce sposoby dostawy:<br>Przesy\u0142ka kurierska na terenie Polski<br>Przesy\u0142ka Paczkomaty InPost na terenie Polski<\/li><li>Bezp\u0142atny odbi\u00f3r osobisty w sklepie stacjonarnym w Poznaniu, przy ul. \u015awi\u0119tego Micha\u0142a 43, od poniedzia\u0142ku do pi\u0105tku w godzinach od 8:00 do 16:00<br><\/li><li>Termin dostawy Produktu wynosi do 30 dni od dnia zawarcia Umowy Sprzeda\u017cy, je\u017celi Strony nie um\u00f3wi\u0142y si\u0119 inaczej. W przypadku produkt\u00f3w o r\u00f3\u017cnych terminach dostawy, terminem dostawy jest najd\u0142u\u017cszy podany termin. Pocz\u0105tek biegu terminu dostawy Produktu liczy si\u0119 od dnia zawarcia umowy sprzeda\u017cy.<\/li><li>Omni3D prze\u015ble na adres poczty elektronicznej kupuj\u0105cego potwierdzenie nadania produktu lub potwierdzenie przygotowania produktu do odbioru w sklepie stacjonarnym.<\/li><\/ol>\n","protected":false},"excerpt":{"rendered":"<p>Koszt, sposoby i termin dostawy oraz odbioru produktu Koszty dostawy Produktu s\u0105 wskazywane kupuj\u0105cemu przed z\u0142o\u017ceniem zam\u00f3wienia w podsumowaniu &#8211;<\/p>\n","protected":false},"author":1,"featured_media":0,"parent":0,"menu_order":0,"comment_status":"closed","ping_status":"closed","template":"","meta":[],"yoast_head":"<!-- This site is optimized with the Yoast SEO plugin v18.6 - https:\/\/yoast.com\/wordpress\/plugins\/seo\/ -->\n<title>Dostawa i p\u0142atno\u015b\u0107 - Omni3D<\/title>\n<meta name=\"robots\" content=\"index, follow, max-snippet:-1, max-image-preview:large, max-video-preview:-1\" \/>\n<link rel=\"canonical\" href=\"https:\/\/omni3d.com\/shop\/pl\/dostawa-i-platnosc\/\" \/>\n<meta property=\"og:locale\" content=\"pl_PL\" \/>\n<meta property=\"og:type\" content=\"article\" \/>\n<meta property=\"og:title\" content=\"Dostawa i p\u0142atno\u015b\u0107 - Omni3D\" \/>\n<meta property=\"og:description\" content=\"Koszt, sposoby i termin dostawy oraz odbioru produktu Koszty dostawy Produktu s\u0105 wskazywane kupuj\u0105cemu przed z\u0142o\u017ceniem zam\u00f3wienia w podsumowaniu &#8211;\" \/>\n<meta property=\"og:url\" content=\"https:\/\/omni3d.com\/shop\/pl\/dostawa-i-platnosc\/\" \/>\n<meta property=\"og:site_name\" content=\"Omni3D\" \/>\n<meta property=\"article:modified_time\" content=\"2020-12-07T08:31:05+00:00\" \/>\n<meta name=\"twitter:card\" content=\"summary_large_image\" \/>\n<meta name=\"twitter:label1\" content=\"Szacowany czas czytania\" \/>\n\t<meta name=\"twitter:data1\" content=\"1 minuta\" \/>\n<script type=\"application\/ld+json\" class=\"yoast-schema-graph\">{\"@context\":\"https:\/\/schema.org\",\"@graph\":[{\"@type\":\"Organization\",\"@id\":\"https:\/\/omni3d.com\/shop\/#organization\",\"name\":\"Sklep Omni3D \/ Filamenty 3D, Drukarki 3D, Cz\u0119\u015bci zamienne\",\"url\":\"https:\/\/omni3d.com\/shop\/\",\"sameAs\":[],\"logo\":{\"@type\":\"ImageObject\",\"@id\":\"https:\/\/omni3d.com\/shop\/#logo\",\"inLanguage\":\"pl-PL\",\"url\":\"https:\/\/omni3d.com\/shop\/wp-content\/uploads\/2020\/06\/Omni3D-logo.svg\",\"contentUrl\":\"https:\/\/omni3d.com\/shop\/wp-content\/uploads\/2020\/06\/Omni3D-logo.svg\",\"width\":220,\"height\":102,\"caption\":\"Sklep Omni3D \/ Filamenty 3D, Drukarki 3D, Cz\u0119\u015bci zamienne\"},\"image\":{\"@id\":\"https:\/\/omni3d.com\/shop\/#logo\"}},{\"@type\":\"WebSite\",\"@id\":\"https:\/\/omni3d.com\/shop\/#website\",\"url\":\"https:\/\/omni3d.com\/shop\/\",\"name\":\"Omni3D\",\"description\":\"Omni3D - Drukarki 3D, Cz\u0119\u015bci zamienne, Filamenty\",\"publisher\":{\"@id\":\"https:\/\/omni3d.com\/shop\/#organization\"},\"potentialAction\":[{\"@type\":\"SearchAction\",\"target\":{\"@type\":\"EntryPoint\",\"urlTemplate\":\"https:\/\/omni3d.com\/shop\/?s={search_term_string}\"},\"query-input\":\"required name=search_term_string\"}],\"inLanguage\":\"pl-PL\"},{\"@type\":\"WebPage\",\"@id\":\"https:\/\/omni3d.com\/shop\/pl\/dostawa-i-platnosc\/#webpage\",\"url\":\"https:\/\/omni3d.com\/shop\/pl\/dostawa-i-platnosc\/\",\"name\":\"Dostawa i p\u0142atno\u015b\u0107 - Omni3D\",\"isPartOf\":{\"@id\":\"https:\/\/omni3d.com\/shop\/#website\"},\"datePublished\":\"2020-06-01T09:31:19+00:00\",\"dateModified\":\"2020-12-07T08:31:05+00:00\",\"breadcrumb\":{\"@id\":\"https:\/\/omni3d.com\/shop\/pl\/dostawa-i-platnosc\/#breadcrumb\"},\"inLanguage\":\"pl-PL\",\"potentialAction\":[{\"@type\":\"ReadAction\",\"target\":[\"https:\/\/omni3d.com\/shop\/pl\/dostawa-i-platnosc\/\"]}]},{\"@type\":\"BreadcrumbList\",\"@id\":\"https:\/\/omni3d.com\/shop\/pl\/dostawa-i-platnosc\/#breadcrumb\",\"itemListElement\":[{\"@type\":\"ListItem\",\"position\":1,\"name\":\"Homepage\",\"item\":\"https:\/\/omni3d.com\/shop\/pl\/\"},{\"@type\":\"ListItem\",\"position\":2,\"name\":\"Dostawa i p\u0142atno\u015b\u0107\"}]}]}<\/script>\n<!-- \/ Yoast SEO plugin. -->","yoast_head_json":{"title":"Dostawa i p\u0142atno\u015b\u0107 - Omni3D","robots":{"index":"index","follow":"follow","max-snippet":"max-snippet:-1","max-image-preview":"max-image-preview:large","max-video-preview":"max-video-preview:-1"},"canonical":"https:\/\/omni3d.com\/shop\/pl\/dostawa-i-platnosc\/","og_locale":"pl_PL","og_type":"article","og_title":"Dostawa i p\u0142atno\u015b\u0107 - Omni3D","og_description":"Koszt, sposoby i termin dostawy oraz odbioru produktu Koszty dostawy Produktu s\u0105 wskazywane kupuj\u0105cemu przed z\u0142o\u017ceniem zam\u00f3wienia w podsumowaniu &#8211;","og_url":"https:\/\/omni3d.com\/shop\/pl\/dostawa-i-platnosc\/","og_site_name":"Omni3D","article_modified_time":"2020-12-07T08:31:05+00:00","twitter_card":"summary_large_image","twitter_misc":{"Szacowany czas czytania":"1 minuta"},"schema":{"@context":"https:\/\/schema.org","@graph":[{"@type":"Organization","@id":"https:\/\/omni3d.com\/shop\/#organization","name":"Sklep Omni3D \/ Filamenty 3D, Drukarki 3D, Cz\u0119\u015bci zamienne","url":"https:\/\/omni3d.com\/shop\/","sameAs":[],"logo":{"@type":"ImageObject","@id":"https:\/\/omni3d.com\/shop\/#logo","inLanguage":"pl-PL","url":"https:\/\/omni3d.com\/shop\/wp-content\/uploads\/2020\/06\/Omni3D-logo.svg","contentUrl":"https:\/\/omni3d.com\/shop\/wp-content\/uploads\/2020\/06\/Omni3D-logo.svg","width":220,"height":102,"caption":"Sklep Omni3D \/ Filamenty 3D, Drukarki 3D, Cz\u0119\u015bci zamienne"},"image":{"@id":"https:\/\/omni3d.com\/shop\/#logo"}},{"@type":"WebSite","@id":"https:\/\/omni3d.com\/shop\/#website","url":"https:\/\/omni3d.com\/shop\/","name":"Omni3D","description":"Omni3D - Drukarki 3D, Cz\u0119\u015bci zamienne, Filamenty","publisher":{"@id":"https:\/\/omni3d.com\/shop\/#organization"},"potentialAction":[{"@type":"SearchAction","target":{"@type":"EntryPoint","urlTemplate":"https:\/\/omni3d.com\/shop\/?s={search_term_string}"},"query-input":"required name=search_term_string"}],"inLanguage":"pl-PL"},{"@type":"WebPage","@id":"https:\/\/omni3d.com\/shop\/pl\/dostawa-i-platnosc\/#webpage","url":"https:\/\/omni3d.com\/shop\/pl\/dostawa-i-platnosc\/","name":"Dostawa i p\u0142atno\u015b\u0107 - Omni3D","isPartOf":{"@id":"https:\/\/omni3d.com\/shop\/#website"},"datePublished":"2020-06-01T09:31:19+00:00","dateModified":"2020-12-07T08:31:05+00:00","breadcrumb":{"@id":"https:\/\/omni3d.com\/shop\/pl\/dostawa-i-platnosc\/#breadcrumb"},"inLanguage":"pl-PL","potentialAction":[{"@type":"ReadAction","target":["https:\/\/omni3d.com\/shop\/pl\/dostawa-i-platnosc\/"]}]},{"@type":"BreadcrumbList","@id":"https:\/\/omni3d.com\/shop\/pl\/dostawa-i-platnosc\/#breadcrumb","itemListElement":[{"@type":"ListItem","position":1,"name":"Homepage","item":"https:\/\/omni3d.com\/shop\/pl\/"},{"@type":"ListItem","position":2,"name":"Dostawa i p\u0142atno\u015b\u0107"}]}]}},"lang":"pl","translations":{"pl":3003},"pll_sync_post":[],"_links":{"self":[{"href":"https:\/\/omni3d.com\/shop\/wp-json\/wp\/v2\/pages\/3003"}],"collection":[{"href":"https:\/\/omni3d.com\/shop\/wp-json\/wp\/v2\/pages"}],"about":[{"href":"https:\/\/omni3d.com\/shop\/wp-json\/wp\/v2\/types\/page"}],"author":[{"embeddable":true,"href":"https:\/\/omni3d.com\/shop\/wp-json\/wp\/v2\/users\/1"}],"replies":[{"embeddable":true,"href":"https:\/\/omni3d.com\/shop\/wp-json\/wp\/v2\/comments?post=3003"}],"version-history":[{"count":3,"href":"https:\/\/omni3d.com\/shop\/wp-json\/wp\/v2\/pages\/3003\/revisions"}],"predecessor-version":[{"id":3705,"href":"https:\/\/omni3d.com\/shop\/wp-json\/wp\/v2\/pages\/3003\/revisions\/3705"}],"wp:attachment":[{"href":"https:\/\/omni3d.com\/shop\/wp-json\/wp\/v2\/media?parent=3003"}],"curies":[{"name":"wp","href":"https:\/\/api.w.org\/{rel}","templated":true}]}}