{"id":646,"date":"2017-06-26T14:07:05","date_gmt":"2017-06-26T14:07:05","guid":{"rendered":"http:\/\/dummy.xtemos.com\/woodmart\/demos\/?page_id=646"},"modified":"2020-12-07T09:54:58","modified_gmt":"2020-12-07T08:54:58","slug":"kontakt","status":"publish","type":"page","link":"https:\/\/omni3d.com\/shop\/pl\/kontakt\/","title":{"rendered":"Kontakt"},"content":{"rendered":"<p>[vc_row css_animation=&#8221;none&#8221; css=&#8221;.vc_custom_1591090153953{margin-top: -40px !important;margin-bottom: 8vh !important;}&#8221; mobile_bg_img_hidden=&#8221;no&#8221; tablet_bg_img_hidden=&#8221;no&#8221; woodmart_parallax=&#8221;0&#8243; woodmart_gradient_switch=&#8221;no&#8221; row_reverse_mobile=&#8221;0&#8243; row_reverse_tablet=&#8221;0&#8243; woodmart_disable_overflow=&#8221;0&#8243;][vc_column][vc_raw_html]JTNDaWZyYW1lJTIwc3JjJTNEJTIyaHR0cHMlM0ElMkYlMkZ3d3cuZ29vZ2xlLmNvbSUyRm1hcHMlMkZlbWJlZCUzRnBiJTNEJTIxMW0xOCUyMTFtMTIlMjExbTMlMjExZDI0MzMuNTcxMDc2NzE5MjYxJTIxMmQxNi45NjIxMDkwMTU5MzIzMiUyMTNkNTIuNDE0NDQ5NDc5Nzk0NDElMjEybTMlMjExZjAlMjEyZjAlMjEzZjAlMjEzbTIlMjExaTEwMjQlMjEyaTc2OCUyMTRmMTMuMSUyMTNtMyUyMTFtMiUyMTFzMHg0NzA0NWI0NjVlMGRkNjZiJTI1M0EweDg4MGE5MjM3ZGIzOTVlZDUlMjEyc09tbmkzRCUyNTIwSW5kdXN0cmlhbCUyNTIwM0QlMjUyMFByaW50ZXJzJTIxNWUwJTIxM20yJTIxMXNwbCUyMTJzcGwlMjE0djE1OTEwMDM0Nzk4NTUlMjE1bTIlMjExc3BsJTIxMnNwbCUyMiUyMHdpZHRoJTNEJTIyMTAwJTI1JTIyJTIwaGVpZ2h0JTNEJTIyNDI1JTIyJTIwZnJhbWVib3JkZXIlM0QlMjIwJTIyJTIwc3R5bGUlM0QlMjJib3JkZXIlM0EwJTNCJTIyJTIwYWxsb3dmdWxsc2NyZWVuJTNEJTIyJTIyJTIwYXJpYS1oaWRkZW4lM0QlMjJmYWxzZSUyMiUyMHRhYmluZGV4JTNEJTIyMCUyMiUzRSUzQyUyRmlmcmFtZSUzRQ==[\/vc_raw_html][\/vc_column][\/vc_row][vc_row equal_height=&#8221;yes&#8221; css_animation=&#8221;none&#8221; css=&#8221;.vc_custom_1496926452255{margin-right: -50px !important;margin-left: -50px !important;}&#8221;][vc_column css=&#8221;.vc_custom_1496927710186{border-right-width: 1px !important;padding-top: 20px !important;padding-right: 50px !important;padding-bottom: 10px !important;padding-left: 50px !important;border-right-color: #e8e8e8 !important;border-right-style: solid !important;}&#8221; offset=&#8221;vc_col-lg-6 vc_col-md-6&#8243;]\t\t\n\t\t<div id=\"wd-5ed6383996f95\" class=\"title-wrapper wd-wpb set-mb-s reset-last-child  wd-title-color-primary wd-title-style-default wd-width-100 text-left \">\n\t\t\t\t\t\t\t<div class=\"title-subtitle  subtitle-color-primary font-default subtitle-style-default wd-font-weight- wd-fontsize-xs\">PYTANIA INFORMACYJNE<\/div>\n\t\t\t\n\t\t\t<div class=\"liner-continer\">\n\t\t\t\t<h4 class=\"woodmart-title-container title  wd-font-weight- wd-fontsize-l\" >CZ\u0118STO ZADAWANE PYTANIA<\/h4>\n\t\t\t\t\t\t\t<\/div>\n\t\t\t\n\t\t\t\n\t\t\t\t\t<\/div>\n\t\t\n\t\t[vc_tta_accordion shape=&#8221;square&#8221; color=&#8221;white&#8221; c_icon=&#8221;chevron&#8221; c_position=&#8221;right&#8221; active_section=&#8221;1&#8243; no_fill=&#8221;true&#8221; collapsible_all=&#8221;true&#8221;][vc_tta_section title=&#8221;Czy mo\u017cliwy jest odbi\u00f3r osobisty zam\u00f3wienia?&#8221; tab_id=&#8221;1484056430132-f06cc1b5-a7ca&#8221;][vc_column_text text_larger=&#8221;no&#8221;]Bezp\u0142atny odbi\u00f3r osobisty mo\u017cliwy jest w siedzibie firmy Omni3D w Poznaniu, przy ul. \u015awi\u0119tego Micha\u0142a 43, od poniedzia\u0142ku do pi\u0105tku w godzinach od 8:00 do 16:00[\/vc_column_text][\/vc_tta_section][vc_tta_section title=&#8221;Czy mog\u0119 zwr\u00f3ci\u0107 zam\u00f3wiony towar?&#8221; tab_id=&#8221;1484049984302-e0b553b6-82dc&#8221;][vc_column_text text_larger=&#8221;no&#8221;]Tak, warunki odst\u0105pienia od umowy kupna znajduj\u0105 si\u0119 na podstronie Regulamin Sklepu.<br \/>\nDodatkowe pytania prosimy kierowa\u0107 na : \u00a0<a href=\"mailto:shop@omni3d.net\">shop@omni3d.net<\/a>[\/vc_column_text][\/vc_tta_section][vc_tta_section title=&#8221;Jaki jest czas realizacji mojego zam\u00f3wienia?&#8221; tab_id=&#8221;1484057271889-b3b2ad15-15f7&#8243;][vc_column_text text_larger=&#8221;no&#8221;]Wszystkie zam\u00f3wienia staramy si\u0119 realizowa\u0107 jak najszybciej, jednak w zale\u017cno\u015bci od dost\u0119pno\u015bci produktu termin dostawy wynosi do 30 dni od dnia z\u0142o\u017cenia zam\u00f3wienia[\/vc_column_text][\/vc_tta_section][\/vc_tta_accordion][\/vc_column][vc_column css=&#8221;.vc_custom_1496927688909{padding-top: 20px !important;padding-right: 50px !important;padding-bottom: 10px !important;padding-left: 50px !important;}&#8221; offset=&#8221;vc_col-lg-6 vc_col-md-6&#8243;]\t\t\n\t\t<div id=\"wd-5f8d6c4f439e0\" class=\"title-wrapper wd-wpb set-mb-s reset-last-child  wd-title-color-primary wd-title-style-default wd-width-100 text-left \">\n\t\t\t\t\t\t\t<div class=\"title-subtitle  subtitle-color-primary font-alt subtitle-style-default wd-font-weight- wd-fontsize-xs\">INFORMACJE O NAS<\/div>\n\t\t\t\n\t\t\t<div class=\"liner-continer\">\n\t\t\t\t<h4 class=\"woodmart-title-container title  wd-font-weight- wd-fontsize-l\" >SKONTAKTUJ SI\u0118 Z NAMI<\/h4>\n\t\t\t\t\t\t\t<\/div>\n\t\t\t\n\t\t\t\n\t\t\t\t\t<\/div>\n\t\t\n\t\t<div role=\"form\" class=\"wpcf7\" id=\"wpcf7-f608-o1\" lang=\"en-US\" dir=\"ltr\">\n<div class=\"screen-reader-response\"><p role=\"status\" aria-live=\"polite\" aria-atomic=\"true\"><\/p> <ul><\/ul><\/div>\n<form action=\"\/shop\/wp-json\/wp\/v2\/pages\/646#wpcf7-f608-o1\" method=\"post\" class=\"wpcf7-form init\" novalidate=\"novalidate\" data-status=\"init\">\n<div style=\"display: none;\">\n<input type=\"hidden\" name=\"_wpcf7\" value=\"608\" \/>\n<input type=\"hidden\" name=\"_wpcf7_version\" value=\"5.5.6\" \/>\n<input type=\"hidden\" name=\"_wpcf7_locale\" value=\"en_US\" \/>\n<input type=\"hidden\" name=\"_wpcf7_unit_tag\" value=\"wpcf7-f608-o1\" \/>\n<input type=\"hidden\" name=\"_wpcf7_container_post\" value=\"0\" \/>\n<input type=\"hidden\" name=\"_wpcf7_posted_data_hash\" value=\"\" \/>\n<\/div>\n<div class=\"row\">\n<div class=\"col-md-6\" style='margin-bottom:20px;'><label>Imi\u0119 i nazwisko*<\/label><span class=\"wpcf7-form-control-wrap your-name\"><input type=\"text\" name=\"your-name\" value=\"\" size=\"40\" class=\"wpcf7-form-control wpcf7-text wpcf7-validates-as-required\" aria-required=\"true\" aria-invalid=\"false\" \/><\/span><\/div>\n<div class=\"col-md-6\" style='margin-bottom:20px;'><label>Email*<\/label><span class=\"wpcf7-form-control-wrap your-email\"><input type=\"email\" name=\"your-email\" value=\"\" size=\"40\" class=\"wpcf7-form-control wpcf7-text wpcf7-email wpcf7-validates-as-required wpcf7-validates-as-email\" aria-required=\"true\" aria-invalid=\"false\" \/><\/span><\/div>\n<\/div>\n<div class=\"row\">\n<div class=\"col-md-6\" style='margin-bottom:20px;'><label>Numer telefonu<\/label><span class=\"wpcf7-form-control-wrap tel-767\"><input type=\"tel\" name=\"tel-767\" value=\"\" size=\"40\" class=\"wpcf7-form-control wpcf7-text wpcf7-tel wpcf7-validates-as-tel\" aria-invalid=\"false\" \/><\/span><\/div>\n<div class=\"col-md-6\" style='margin-bottom:20px;'><label>Firma<\/label><span class=\"wpcf7-form-control-wrap text-1\"><input type=\"text\" name=\"text-1\" value=\"\" size=\"40\" class=\"wpcf7-form-control wpcf7-text\" aria-invalid=\"false\" \/><\/span><\/div>\n<\/div>\n<p><label>Wiadomo\u015b\u0107<\/label><span class=\"wpcf7-form-control-wrap your-message\"><textarea name=\"your-message\" cols=\"40\" rows=\"10\" class=\"wpcf7-form-control wpcf7-textarea\" aria-invalid=\"false\"><\/textarea><\/span><\/p>\n<p><input type=\"submit\" value=\"WY\u015aLIJ\" class=\"wpcf7-form-control has-spinner wpcf7-submit btn-color-black\" \/><\/p>\n<input type='hidden' class='wpcf7-pum' value='{\"closepopup\":false,\"closedelay\":0,\"openpopup\":false,\"openpopup_id\":0}' \/><div class=\"wpcf7-response-output\" aria-hidden=\"true\"><\/div><\/form><\/div>[\/vc_column][\/vc_row]<\/p>\n","protected":false},"excerpt":{"rendered":"<p>[vc_row css_animation=&#8221;none&#8221; css=&#8221;.vc_custom_1591090153953{margin-top: -40px !important;margin-bottom: 8vh !important;}&#8221; mobile_bg_img_hidden=&#8221;no&#8221; tablet_bg_img_hidden=&#8221;no&#8221; woodmart_parallax=&#8221;0&#8243; woodmart_gradient_switch=&#8221;no&#8221; row_reverse_mobile=&#8221;0&#8243; row_reverse_tablet=&#8221;0&#8243; woodmart_disable_overflow=&#8221;0&#8243;][vc_column][vc_raw_html]JTNDaWZyYW1lJTIwc3JjJTNEJTIyaHR0cHMlM0ElMkYlMkZ3d3cuZ29vZ2xlLmNvbSUyRm1hcHMlMkZlbWJlZCUzRnBiJTNEJTIxMW0xOCUyMTFtMTIlMjExbTMlMjExZDI0MzMuNTcxMDc2NzE5MjYxJTIxMmQxNi45NjIxMDkwMTU5MzIzMiUyMTNkNTIuNDE0NDQ5NDc5Nzk0NDElMjEybTMlMjExZjAlMjEyZjAlMjEzZjAlMjEzbTIlMjExaTEwMjQlMjEyaTc2OCUyMTRmMTMuMSUyMTNtMyUyMTFtMiUyMTFzMHg0NzA0NWI0NjVlMGRkNjZiJTI1M0EweDg4MGE5MjM3ZGIzOTVlZDUlMjEyc09tbmkzRCUyNTIwSW5kdXN0cmlhbCUyNTIwM0QlMjUyMFByaW50ZXJzJTIxNWUwJTIxM20yJTIxMXNwbCUyMTJzcGwlMjE0djE1OTEwMDM0Nzk4NTUlMjE1bTIlMjExc3BsJTIxMnNwbCUyMiUyMHdpZHRoJTNEJTIyMTAwJTI1JTIyJTIwaGVpZ2h0JTNEJTIyNDI1JTIyJTIwZnJhbWVib3JkZXIlM0QlMjIwJTIyJTIwc3R5bGUlM0QlMjJib3JkZXIlM0EwJTNCJTIyJTIwYWxsb3dmdWxsc2NyZWVuJTNEJTIyJTIyJTIwYXJpYS1oaWRkZW4lM0QlMjJmYWxzZSUyMiUyMHRhYmluZGV4JTNEJTIyMCUyMiUzRSUzQyUyRmlmcmFtZSUzRQ==[\/vc_raw_html][\/vc_column][\/vc_row][vc_row equal_height=&#8221;yes&#8221; css_animation=&#8221;none&#8221; css=&#8221;.vc_custom_1496926452255{margin-right: -50px !important;margin-left: -50px<\/p>\n","protected":false},"author":1,"featured_media":0,"parent":0,"menu_order":0,"comment_status":"closed","ping_status":"closed","template":"","meta":[],"yoast_head":"<!-- This site is optimized with the Yoast SEO plugin v18.6 - https:\/\/yoast.com\/wordpress\/plugins\/seo\/ -->\n<title>Kontakt - Omni3D<\/title>\n<meta name=\"robots\" content=\"index, follow, max-snippet:-1, max-image-preview:large, max-video-preview:-1\" \/>\n<link rel=\"canonical\" href=\"https:\/\/omni3d.com\/shop\/pl\/kontakt\/\" \/>\n<meta property=\"og:locale\" content=\"pl_PL\" \/>\n<meta property=\"og:type\" content=\"article\" \/>\n<meta property=\"og:title\" content=\"Kontakt - Omni3D\" \/>\n<meta property=\"og:description\" content=\"[vc_row css_animation=&#8221;none&#8221; css=&#8221;.vc_custom_1591090153953{margin-top: -40px !important;margin-bottom: 8vh !important;}&#8221; mobile_bg_img_hidden=&#8221;no&#8221; tablet_bg_img_hidden=&#8221;no&#8221; woodmart_parallax=&#8221;0&#8243; woodmart_gradient_switch=&#8221;no&#8221; row_reverse_mobile=&#8221;0&#8243; row_reverse_tablet=&#8221;0&#8243; woodmart_disable_overflow=&#8221;0&#8243;][vc_column][vc_raw_html]JTNDaWZyYW1lJTIwc3JjJTNEJTIyaHR0cHMlM0ElMkYlMkZ3d3cuZ29vZ2xlLmNvbSUyRm1hcHMlMkZlbWJlZCUzRnBiJTNEJTIxMW0xOCUyMTFtMTIlMjExbTMlMjExZDI0MzMuNTcxMDc2NzE5MjYxJTIxMmQxNi45NjIxMDkwMTU5MzIzMiUyMTNkNTIuNDE0NDQ5NDc5Nzk0NDElMjEybTMlMjExZjAlMjEyZjAlMjEzZjAlMjEzbTIlMjExaTEwMjQlMjEyaTc2OCUyMTRmMTMuMSUyMTNtMyUyMTFtMiUyMTFzMHg0NzA0NWI0NjVlMGRkNjZiJTI1M0EweDg4MGE5MjM3ZGIzOTVlZDUlMjEyc09tbmkzRCUyNTIwSW5kdXN0cmlhbCUyNTIwM0QlMjUyMFByaW50ZXJzJTIxNWUwJTIxM20yJTIxMXNwbCUyMTJzcGwlMjE0djE1OTEwMDM0Nzk4NTUlMjE1bTIlMjExc3BsJTIxMnNwbCUyMiUyMHdpZHRoJTNEJTIyMTAwJTI1JTIyJTIwaGVpZ2h0JTNEJTIyNDI1JTIyJTIwZnJhbWVib3JkZXIlM0QlMjIwJTIyJTIwc3R5bGUlM0QlMjJib3JkZXIlM0EwJTNCJTIyJTIwYWxsb3dmdWxsc2NyZWVuJTNEJTIyJTIyJTIwYXJpYS1oaWRkZW4lM0QlMjJmYWxzZSUyMiUyMHRhYmluZGV4JTNEJTIyMCUyMiUzRSUzQyUyRmlmcmFtZSUzRQ==[\/vc_raw_html][\/vc_column][\/vc_row][vc_row equal_height=&#8221;yes&#8221; css_animation=&#8221;none&#8221; css=&#8221;.vc_custom_1496926452255{margin-right: -50px !important;margin-left: -50px\" \/>\n<meta property=\"og:url\" content=\"https:\/\/omni3d.com\/shop\/pl\/kontakt\/\" \/>\n<meta property=\"og:site_name\" content=\"Omni3D\" \/>\n<meta property=\"article:modified_time\" content=\"2020-12-07T08:54:58+00:00\" \/>\n<meta name=\"twitter:card\" content=\"summary_large_image\" \/>\n<meta name=\"twitter:label1\" content=\"Szacowany czas czytania\" \/>\n\t<meta name=\"twitter:data1\" content=\"2 minuty\" \/>\n<script type=\"application\/ld+json\" class=\"yoast-schema-graph\">{\"@context\":\"https:\/\/schema.org\",\"@graph\":[{\"@type\":\"Organization\",\"@id\":\"https:\/\/omni3d.com\/shop\/#organization\",\"name\":\"Sklep Omni3D \/ Filamenty 3D, Drukarki 3D, Cz\u0119\u015bci zamienne\",\"url\":\"https:\/\/omni3d.com\/shop\/\",\"sameAs\":[],\"logo\":{\"@type\":\"ImageObject\",\"@id\":\"https:\/\/omni3d.com\/shop\/#logo\",\"inLanguage\":\"pl-PL\",\"url\":\"https:\/\/omni3d.com\/shop\/wp-content\/uploads\/2020\/06\/Omni3D-logo.svg\",\"contentUrl\":\"https:\/\/omni3d.com\/shop\/wp-content\/uploads\/2020\/06\/Omni3D-logo.svg\",\"width\":220,\"height\":102,\"caption\":\"Sklep Omni3D \/ Filamenty 3D, Drukarki 3D, Cz\u0119\u015bci zamienne\"},\"image\":{\"@id\":\"https:\/\/omni3d.com\/shop\/#logo\"}},{\"@type\":\"WebSite\",\"@id\":\"https:\/\/omni3d.com\/shop\/#website\",\"url\":\"https:\/\/omni3d.com\/shop\/\",\"name\":\"Omni3D\",\"description\":\"Omni3D - Drukarki 3D, Cz\u0119\u015bci zamienne, Filamenty\",\"publisher\":{\"@id\":\"https:\/\/omni3d.com\/shop\/#organization\"},\"potentialAction\":[{\"@type\":\"SearchAction\",\"target\":{\"@type\":\"EntryPoint\",\"urlTemplate\":\"https:\/\/omni3d.com\/shop\/?s={search_term_string}\"},\"query-input\":\"required name=search_term_string\"}],\"inLanguage\":\"pl-PL\"},{\"@type\":\"WebPage\",\"@id\":\"https:\/\/omni3d.com\/shop\/pl\/kontakt\/#webpage\",\"url\":\"https:\/\/omni3d.com\/shop\/pl\/kontakt\/\",\"name\":\"Kontakt - Omni3D\",\"isPartOf\":{\"@id\":\"https:\/\/omni3d.com\/shop\/#website\"},\"datePublished\":\"2017-06-26T14:07:05+00:00\",\"dateModified\":\"2020-12-07T08:54:58+00:00\",\"breadcrumb\":{\"@id\":\"https:\/\/omni3d.com\/shop\/pl\/kontakt\/#breadcrumb\"},\"inLanguage\":\"pl-PL\",\"potentialAction\":[{\"@type\":\"ReadAction\",\"target\":[\"https:\/\/omni3d.com\/shop\/pl\/kontakt\/\"]}]},{\"@type\":\"BreadcrumbList\",\"@id\":\"https:\/\/omni3d.com\/shop\/pl\/kontakt\/#breadcrumb\",\"itemListElement\":[{\"@type\":\"ListItem\",\"position\":1,\"name\":\"Homepage\",\"item\":\"https:\/\/omni3d.com\/shop\/pl\/\"},{\"@type\":\"ListItem\",\"position\":2,\"name\":\"Kontakt\"}]}]}<\/script>\n<!-- \/ Yoast SEO plugin. -->","yoast_head_json":{"title":"Kontakt - Omni3D","robots":{"index":"index","follow":"follow","max-snippet":"max-snippet:-1","max-image-preview":"max-image-preview:large","max-video-preview":"max-video-preview:-1"},"canonical":"https:\/\/omni3d.com\/shop\/pl\/kontakt\/","og_locale":"pl_PL","og_type":"article","og_title":"Kontakt - Omni3D","og_description":"[vc_row css_animation=&#8221;none&#8221; css=&#8221;.vc_custom_1591090153953{margin-top: -40px !important;margin-bottom: 8vh !important;}&#8221; mobile_bg_img_hidden=&#8221;no&#8221; tablet_bg_img_hidden=&#8221;no&#8221; woodmart_parallax=&#8221;0&#8243; woodmart_gradient_switch=&#8221;no&#8221; row_reverse_mobile=&#8221;0&#8243; row_reverse_tablet=&#8221;0&#8243; woodmart_disable_overflow=&#8221;0&#8243;][vc_column][vc_raw_html]JTNDaWZyYW1lJTIwc3JjJTNEJTIyaHR0cHMlM0ElMkYlMkZ3d3cuZ29vZ2xlLmNvbSUyRm1hcHMlMkZlbWJlZCUzRnBiJTNEJTIxMW0xOCUyMTFtMTIlMjExbTMlMjExZDI0MzMuNTcxMDc2NzE5MjYxJTIxMmQxNi45NjIxMDkwMTU5MzIzMiUyMTNkNTIuNDE0NDQ5NDc5Nzk0NDElMjEybTMlMjExZjAlMjEyZjAlMjEzZjAlMjEzbTIlMjExaTEwMjQlMjEyaTc2OCUyMTRmMTMuMSUyMTNtMyUyMTFtMiUyMTFzMHg0NzA0NWI0NjVlMGRkNjZiJTI1M0EweDg4MGE5MjM3ZGIzOTVlZDUlMjEyc09tbmkzRCUyNTIwSW5kdXN0cmlhbCUyNTIwM0QlMjUyMFByaW50ZXJzJTIxNWUwJTIxM20yJTIxMXNwbCUyMTJzcGwlMjE0djE1OTEwMDM0Nzk4NTUlMjE1bTIlMjExc3BsJTIxMnNwbCUyMiUyMHdpZHRoJTNEJTIyMTAwJTI1JTIyJTIwaGVpZ2h0JTNEJTIyNDI1JTIyJTIwZnJhbWVib3JkZXIlM0QlMjIwJTIyJTIwc3R5bGUlM0QlMjJib3JkZXIlM0EwJTNCJTIyJTIwYWxsb3dmdWxsc2NyZWVuJTNEJTIyJTIyJTIwYXJpYS1oaWRkZW4lM0QlMjJmYWxzZSUyMiUyMHRhYmluZGV4JTNEJTIyMCUyMiUzRSUzQyUyRmlmcmFtZSUzRQ==[\/vc_raw_html][\/vc_column][\/vc_row][vc_row equal_height=&#8221;yes&#8221; css_animation=&#8221;none&#8221; css=&#8221;.vc_custom_1496926452255{margin-right: -50px !important;margin-left: -50px","og_url":"https:\/\/omni3d.com\/shop\/pl\/kontakt\/","og_site_name":"Omni3D","article_modified_time":"2020-12-07T08:54:58+00:00","twitter_card":"summary_large_image","twitter_misc":{"Szacowany czas czytania":"2 minuty"},"schema":{"@context":"https:\/\/schema.org","@graph":[{"@type":"Organization","@id":"https:\/\/omni3d.com\/shop\/#organization","name":"Sklep Omni3D \/ Filamenty 3D, Drukarki 3D, Cz\u0119\u015bci zamienne","url":"https:\/\/omni3d.com\/shop\/","sameAs":[],"logo":{"@type":"ImageObject","@id":"https:\/\/omni3d.com\/shop\/#logo","inLanguage":"pl-PL","url":"https:\/\/omni3d.com\/shop\/wp-content\/uploads\/2020\/06\/Omni3D-logo.svg","contentUrl":"https:\/\/omni3d.com\/shop\/wp-content\/uploads\/2020\/06\/Omni3D-logo.svg","width":220,"height":102,"caption":"Sklep Omni3D \/ Filamenty 3D, Drukarki 3D, Cz\u0119\u015bci zamienne"},"image":{"@id":"https:\/\/omni3d.com\/shop\/#logo"}},{"@type":"WebSite","@id":"https:\/\/omni3d.com\/shop\/#website","url":"https:\/\/omni3d.com\/shop\/","name":"Omni3D","description":"Omni3D - Drukarki 3D, Cz\u0119\u015bci zamienne, Filamenty","publisher":{"@id":"https:\/\/omni3d.com\/shop\/#organization"},"potentialAction":[{"@type":"SearchAction","target":{"@type":"EntryPoint","urlTemplate":"https:\/\/omni3d.com\/shop\/?s={search_term_string}"},"query-input":"required name=search_term_string"}],"inLanguage":"pl-PL"},{"@type":"WebPage","@id":"https:\/\/omni3d.com\/shop\/pl\/kontakt\/#webpage","url":"https:\/\/omni3d.com\/shop\/pl\/kontakt\/","name":"Kontakt - Omni3D","isPartOf":{"@id":"https:\/\/omni3d.com\/shop\/#website"},"datePublished":"2017-06-26T14:07:05+00:00","dateModified":"2020-12-07T08:54:58+00:00","breadcrumb":{"@id":"https:\/\/omni3d.com\/shop\/pl\/kontakt\/#breadcrumb"},"inLanguage":"pl-PL","potentialAction":[{"@type":"ReadAction","target":["https:\/\/omni3d.com\/shop\/pl\/kontakt\/"]}]},{"@type":"BreadcrumbList","@id":"https:\/\/omni3d.com\/shop\/pl\/kontakt\/#breadcrumb","itemListElement":[{"@type":"ListItem","position":1,"name":"Homepage","item":"https:\/\/omni3d.com\/shop\/pl\/"},{"@type":"ListItem","position":2,"name":"Kontakt"}]}]}},"lang":"pl","translations":{"en":3186,"pl":646},"pll_sync_post":[],"_links":{"self":[{"href":"https:\/\/omni3d.com\/shop\/wp-json\/wp\/v2\/pages\/646"}],"collection":[{"href":"https:\/\/omni3d.com\/shop\/wp-json\/wp\/v2\/pages"}],"about":[{"href":"https:\/\/omni3d.com\/shop\/wp-json\/wp\/v2\/types\/page"}],"author":[{"embeddable":true,"href":"https:\/\/omni3d.com\/shop\/wp-json\/wp\/v2\/users\/1"}],"replies":[{"embeddable":true,"href":"https:\/\/omni3d.com\/shop\/wp-json\/wp\/v2\/comments?post=646"}],"version-history":[{"count":19,"href":"https:\/\/omni3d.com\/shop\/wp-json\/wp\/v2\/pages\/646\/revisions"}],"predecessor-version":[{"id":3711,"href":"https:\/\/omni3d.com\/shop\/wp-json\/wp\/v2\/pages\/646\/revisions\/3711"}],"wp:attachment":[{"href":"https:\/\/omni3d.com\/shop\/wp-json\/wp\/v2\/media?parent=646"}],"curies":[{"name":"wp","href":"https:\/\/api.w.org\/{rel}","templated":true}]}}