{"id":3294,"date":"2020-07-28T10:37:53","date_gmt":"2020-07-28T08:37:53","guid":{"rendered":"http:\/\/omni3d.com\/shop\/?post_type=product&#038;p=3294"},"modified":"2024-12-19T15:25:49","modified_gmt":"2024-12-19T14:25:49","slug":"asa-39","status":"publish","type":"product","link":"https:\/\/omni3d.com\/shop\/pl\/produkt\/asa-39\/","title":{"rendered":"ASA 1kg"},"content":{"rendered":"<p><span style=\"vertical-align: inherit;\"><span style=\"vertical-align: inherit;\"><span style=\"vertical-align: inherit;\"><span style=\"vertical-align: inherit;\">[vc_row content_placement=&#8221;top&#8221;][vc_column szeroko\u015b\u0107=&#8221;1\/2&#8243;][vc_column_text text_larger=&#8221;no&#8221;]AUMENTO DE RESISTENCIA A LAS CONDICIONES CLIM\u00c1TICAS<\/span><\/span><\/span><\/span><\/p>\n<p><span style=\"vertical-align: inherit;\"><span style=\"vertical-align: inherit;\"><span style=\"vertical-align: inherit;\"><span style=\"vertical-align: inherit;\">Materia\u0142 ASA-39 stosowany tam, gdzie wymagana jest odporno\u015b\u0107 na warunki atmosferyczne, w szczeg\u00f3lno\u015bci na dzia\u0142anie promieni UV. Odporno\u015b\u0107 na wysok\u0105 temperatur\u0119 umo\u017cliwia testowanie modeli w bezpo\u015brednim \u015bwietle s\u0142onecznym bez ryzyka odkszta\u0142cenia lub odbarwienia.<\/span><\/span><\/span><\/span><\/p>\n<p><span style=\"vertical-align: inherit;\"><span style=\"vertical-align: inherit;\"><span style=\"vertical-align: inherit;\"><span style=\"vertical-align: inherit;\">ZASTOSOWANIE: modele wymagaj\u0105ce odporno\u015bci na promieniowanie UV, przemys\u0142 motoryzacyjny, elementy stosowane w terenie<\/span><\/span><\/span><\/span><\/p>\n<p><span style=\"vertical-align: inherit;\"><span style=\"vertical-align: inherit;\"><span style=\"vertical-align: inherit;\"><span style=\"vertical-align: inherit;\">[\/vc_column_text][\/vc_column][vc_column width=&#8221;1\/2&#8243; css=&#8221;.vc_custom_1490694541710{padding-top: 0px !important;}&#8221;][vc_row_inner content_placement=&#8221;top&#8221;][vc_column_inner css=&#8221;.vc_custom_1490695008312{ margin-bottom: 20px !important;}&#8221;]\t\t\t<div class=\"info-box-wrapper \">\n\t\t\t\t<div id=\"wd-62553ad106f33\" class=\" wd-info-box woodmart-info-box wd-wpb text-left box-icon-align-top box-style- color-scheme- wd-bg-none box-title-small vc_custom_1649752798125\"  >\n\t\t\t\t\t\t\t\t\t\t\t<div class=\"box-icon-wrapper  box-with-icon box-icon-simple\">\n\t\t\t\t\t\t\t<div class=\"info-box-icon\">\n\n\t\t\t\t\t\t\t\n\t\t\t\t\t\t\t\t\t\t\t\t\t\t\t\t\t<div class=\"info-svg-wrapper info-icon\" style=\"width: 50px;height: 50px;\"><svg xmlns=\"http:\/\/www.w3.org\/2000\/svg\" width=\"42\" height=\"40\" viewBox=\"0 0 42 40\">\n  <metadata><?xpacket begin=\"\ufeff\" id=\"svg-3997\"?>\n<x:xmpmeta xmlns:x=\"adobe:ns:meta\/\" x:xmptk=\"Adobe XMP Core 5.6-c138 79.159824, 2016\/09\/14-01:09:01        \">\n   <rdf:RDF xmlns:rdf=\"http:\/\/www.w3.org\/1999\/02\/22-rdf-syntax-ns#\">\n      <rdf:Description rdf:about=\"\"\/>\n   <\/rdf:RDF>\n<\/x:xmpmeta>\n                                                                                                    \n                                                                                                    \n                                                                                                    \n                                                                                                    \n                                                                                                    \n                                                                                                    \n                                                                                                    \n                                                                                                    \n                                                                                                    \n                                                                                                    \n                                                                                                    \n                                                                                                    \n                                                                                                    \n                                                                                                    \n                                                                                                    \n                                                                                                    \n                                                                                                    \n                                                                                                    \n                                                                                                    \n                                                                                                    \n                           \n<?xpacket end=\"w\"?><\/metadata>\n<defs>\n    <style>\n      .cls-1 {\n        fill: #f93;\n        fill-rule: evenodd;\n      }\n    <\/style>\n  <\/defs>\n  <path id=\"motorcycle-filters-ico\" class=\"cls-1\" d=\"M418.113,703.709A7.862,7.862,0,0,0,426,695.873a7.774,7.774,0,0,0-.2-1.739,0.749,0.749,0,0,0-.52-0.554,0.758,0.758,0,0,0-.754.187l-3.106,3.1-4.026-.3-0.3-4,3.113-3.094a0.745,0.745,0,0,0,0-1.06,0.754,0.754,0,0,0-.365-0.2,8.04,8.04,0,0,0-1.742-.2,7.829,7.829,0,0,0-7.554,10.084l-4.094,4.068-14.731-14.646a1.923,1.923,0,0,0-2.646,0l-4.524,4.494a1.851,1.851,0,0,0,0,2.628l0,0,14.709,14.684-3.423,3.4a7.357,7.357,0,0,0-1.779-.225,7.23,7.23,0,0,0-7.162,8.405,0.755,0.755,0,0,0,1.274.412l2.013-2,4.026,0.3,0.3,4-2.035,2a0.749,0.749,0,0,0,.452,1.274,7.356,7.356,0,0,0,1.176.1,7.251,7.251,0,0,0,7.245-7.259h0a7.235,7.235,0,0,0-.128-1.431l5.127-5.094,11.4,11.342a0.756,0.756,0,0,0,1.063,0l2.963-2.944a0.746,0.746,0,0,0,0-1.056l-11.414-11.342,5.8-5.761A8.051,8.051,0,0,0,418.113,703.709Zm-0.082-14.2-2.262,2.247a0.748,0.748,0,0,0-.219.585l0.37,4.989a0.751,0.751,0,0,0,.693.689l5.021,0.368a0.759,0.759,0,0,0,.588-0.218l2.262-2.247a6.282,6.282,0,0,1-1.855,4.42A6.379,6.379,0,1,1,418.031,689.512Zm-10.5,15.867a0.365,0.365,0,0,1,0,.509l-4.523,4.5a0.366,0.366,0,0,1-.513,0L400,707.9l5.067-5.035Zm-3.558-3.536-2.006,1.985-9.756-9.7,2-1.985ZM385.6,693.6a0.358,0.358,0,0,1,0-.508h0l4.524-4.5a0.362,0.362,0,0,1,.511,0h0l2.5,2.48-5.044,5.034Zm13.314,13.267-9.755-9.693,2-1.985,9.756,9.693Zm0.882,13.556a5.722,5.722,0,0,1-1.658,3.353l0.022,0.037a5.731,5.731,0,0,1-3.355,1.634l1.011-1a0.745,0.745,0,0,0,.218-0.584l-0.369-4.99a0.752,0.752,0,0,0-.694-0.689l-5.058-.375a0.756,0.756,0,0,0-.536.218l-1.04.966A5.774,5.774,0,0,1,399.793,720.425Zm0.875-3.682a7.227,7.227,0,0,0-3.28-3.4l2.941-2.921,1.078,1.079a1.879,1.879,0,0,0,2.644,0l0,0,0.264-.263,0.95,0.944Zm19.5,4.346-1.893,1.88-2.344-2.33,1.869-1.88Zm-3.408-3.386-1.892,1.88-9.492-9.432,1.87-1.88Zm-7.471-9.552-0.95-.944,0.256-.255a1.848,1.848,0,0,0,0-2.627,0,0,0,0,0,0,0l-1.078-1.064,3.656-3.633a7.85,7.85,0,0,0,3.416,3.266Z\" transform=\"translate(-384 -687)\"\/>\n<\/svg>\n<\/div>\t\t\t\t\t\t\t\t\t\t\t\t\t\t\t\n\t\t\t\t\t\t\t<\/div>\n\t\t\t\t\t\t<\/div>\n\t\t\t\t\t\t\t\t\t\t<div class=\"info-box-content\">\n\t\t\t\t\t\t<h4 class=\"info-box-title title wd-font-weight- box-title-style-default wd-fontsize-s\">Temperatura nadruku<\/h4>\t\t\t\t\t\t<div class=\"info-box-inner set-cont-mb-s reset-last-child\">\n\t\t\t\t\t\t\t<p><\/span><\/span><\/span><\/span><\/p>\n<p style=\"text-align: center;\"><span style=\"vertical-align: inherit;\"><span style=\"vertical-align: inherit;\"><span style=\"vertical-align: inherit;\"><span style=\"vertical-align: inherit;\">240-260\u00b0C<\/span><\/span><\/span><\/span><\/p>\n<p><span style=\"vertical-align: inherit;\"><span style=\"vertical-align: inherit;\"><span style=\"vertical-align: inherit;\"><span style=\"vertical-align: inherit;\"><\/p>\n\t\t\t\t\t\t<\/div>\n\n\t\t\t\t\t\t\n\t\t\t\t\t<\/div>\n\n\t\t\t\t\t\t\t\t\t<\/div>\n\t\t\t<\/div>\n\t\t\t\t\t<div class=\"info-box-wrapper \">\n\t\t\t\t<div id=\"wd-62553ae12147f\" class=\" wd-info-box woodmart-info-box wd-wpb text-left box-icon-align-top box-style- color-scheme- wd-bg-none box-title-small vc_custom_1649752811333\"  >\n\t\t\t\t\t\t\t\t\t\t<div class=\"info-box-content\">\n\t\t\t\t\t\t<h4 class=\"info-box-title title wd-font-weight- box-title-style-default wd-fontsize-s\">Temperatura sto\u0142u<\/h4>\t\t\t\t\t\t<div class=\"info-box-inner set-cont-mb-s reset-last-child\">\n\t\t\t\t\t\t\t<p><\/span><\/span><\/span><\/span><\/p>\n<p style=\"text-align: center;\"><span style=\"vertical-align: inherit;\"><span style=\"vertical-align: inherit;\"><span style=\"vertical-align: inherit;\"><span style=\"vertical-align: inherit;\">80-110\u00b0C<\/span><\/span><\/span><\/span><\/p>\n<p><span style=\"vertical-align: inherit;\"><span style=\"vertical-align: inherit;\"><span style=\"vertical-align: inherit;\"><span style=\"vertical-align: inherit;\"><\/p>\n\t\t\t\t\t\t<\/div>\n\n\t\t\t\t\t\t\n\t\t\t\t\t<\/div>\n\n\t\t\t\t\t\t\t\t\t<\/div>\n\t\t\t<\/div>\n\t\t\t\t\t<div class=\"info-box-wrapper \">\n\t\t\t\t<div id=\"wd-62553af13f410\" class=\" wd-info-box woodmart-info-box wd-wpb text-left box-icon-align-top box-style- color-scheme- wd-bg-none box-title-small vc_custom_1649752831597\"  >\n\t\t\t\t\t\t\t\t\t\t\t<div class=\"box-icon-wrapper  box-with-icon box-icon-simple\">\n\t\t\t\t\t\t\t<div class=\"info-box-icon\">\n\n\t\t\t\t\t\t\t\n\t\t\t\t\t\t\t\t\t\t\t\t\t\t\t\t\t\t\t\t\t\t\t\t\t\t\t\t\t\t\t\t\n\t\t\t\t\t\t\t<\/div>\n\t\t\t\t\t\t<\/div>\n\t\t\t\t\t\t\t\t\t\t<div class=\"info-box-content\">\n\t\t\t\t\t\t<h4 class=\"info-box-title title wd-font-weight- box-title-style-default wd-fontsize-s\">Temperatura kamery<\/h4>\t\t\t\t\t\t<div class=\"info-box-inner set-cont-mb-s reset-last-child\">\n\t\t\t\t\t\t\t<p><\/span><\/span><\/span><\/span><\/p>\n<p style=\"text-align: center;\"><span style=\"vertical-align: inherit;\"><span style=\"vertical-align: inherit;\"><span style=\"vertical-align: inherit;\"><span style=\"vertical-align: inherit;\">60-70\u00b0C<\/span><\/span><\/span><\/span><\/p>\n<p><span style=\"vertical-align: inherit;\"><span style=\"vertical-align: inherit;\"><span style=\"vertical-align: inherit;\"><span style=\"vertical-align: inherit;\"><\/p>\n\t\t\t\t\t\t<\/div>\n\n\t\t\t\t\t\t\n\t\t\t\t\t<\/div>\n\n\t\t\t\t\t\t\t\t\t<\/div>\n\t\t\t<\/div>\n\t\t[\/vc_column_inner][\/vc_row_inner][\/vc_column][\/vc_row]<\/span><\/span><\/span><\/span><\/p>\n","protected":false},"excerpt":{"rendered":"<p><span style=\"vertical-align: inherit;\"><span style=\"vertical-align: inherit;\"><span style=\"vertical-align: inherit;\"><span style=\"vertical-align: inherit;\">Odporno\u015b\u0107 na wysok\u0105 temperatur\u0119 umo\u017cliwia testowanie modeli w bezpo\u015brednim \u015bwietle s\u0142onecznym bez ryzyka odkszta\u0142cenia lub odbarwienia. \u015arednica \u017carnika: 1,75 mm.<\/span><\/span><\/span><\/span><\/p>\n","protected":false},"featured_media":3298,"template":"","meta":[],"product_cat":[74],"product_tag":[],"yoast_head":"<!-- This site is optimized with the Yoast SEO plugin v18.6 - https:\/\/yoast.com\/wordpress\/plugins\/seo\/ -->\n<title>Filament ASA 1kg Sklep \/ Cena 2021 i Opinie \/ Gdzie kupi\u0107?<\/title>\n<meta name=\"robots\" content=\"index, follow, max-snippet:-1, max-image-preview:large, max-video-preview:-1\" \/>\n<link rel=\"canonical\" href=\"https:\/\/omni3d.com\/shop\/pl\/produkt\/asa-39\/\" \/>\n<meta property=\"og:locale\" content=\"pl_PL\" \/>\n<meta property=\"og:type\" content=\"article\" \/>\n<meta property=\"og:title\" content=\"Filament ASA 1kg Sklep \/ Cena 2021 i Opinie \/ Gdzie kupi\u0107?\" \/>\n<meta property=\"og:description\" content=\"Odporno\u015b\u0107 na wysok\u0105 temperatur\u0119 umo\u017cliwia testowanie modeli w bezpo\u015brednim \u015bwietle s\u0142onecznym bez ryzyka odkszta\u0142cenia lub odbarwienia. \u015arednica \u017carnika: 1,75 mm.\" \/>\n<meta property=\"og:url\" content=\"https:\/\/omni3d.com\/shop\/pl\/produkt\/asa-39\/\" \/>\n<meta property=\"og:site_name\" content=\"Omni3D\" \/>\n<meta property=\"article:modified_time\" content=\"2024-12-19T14:25:49+00:00\" \/>\n<meta property=\"og:image\" content=\"https:\/\/omni3d.com\/shop\/wp-content\/uploads\/2020\/07\/ASA-39.jpg\" \/>\n\t<meta property=\"og:image:width\" content=\"400\" \/>\n\t<meta property=\"og:image:height\" content=\"400\" \/>\n\t<meta property=\"og:image:type\" content=\"image\/jpeg\" \/>\n<meta name=\"twitter:card\" content=\"summary_large_image\" \/>\n<meta name=\"twitter:label1\" content=\"Szacowany czas czytania\" \/>\n\t<meta name=\"twitter:data1\" content=\"1 minuta\" \/>\n<script type=\"application\/ld+json\" class=\"yoast-schema-graph\">{\"@context\":\"https:\/\/schema.org\",\"@graph\":[{\"@type\":\"Organization\",\"@id\":\"https:\/\/omni3d.com\/shop\/#organization\",\"name\":\"Sklep Omni3D \/ Filamenty 3D, Drukarki 3D, Cz\u0119\u015bci zamienne\",\"url\":\"https:\/\/omni3d.com\/shop\/\",\"sameAs\":[],\"logo\":{\"@type\":\"ImageObject\",\"@id\":\"https:\/\/omni3d.com\/shop\/#logo\",\"inLanguage\":\"pl-PL\",\"url\":\"https:\/\/omni3d.com\/shop\/wp-content\/uploads\/2020\/06\/Omni3D-logo.svg\",\"contentUrl\":\"https:\/\/omni3d.com\/shop\/wp-content\/uploads\/2020\/06\/Omni3D-logo.svg\",\"width\":220,\"height\":102,\"caption\":\"Sklep Omni3D \/ Filamenty 3D, Drukarki 3D, Cz\u0119\u015bci zamienne\"},\"image\":{\"@id\":\"https:\/\/omni3d.com\/shop\/#logo\"}},{\"@type\":\"WebSite\",\"@id\":\"https:\/\/omni3d.com\/shop\/#website\",\"url\":\"https:\/\/omni3d.com\/shop\/\",\"name\":\"Omni3D\",\"description\":\"Omni3D - Drukarki 3D, Cz\u0119\u015bci zamienne, Filamenty\",\"publisher\":{\"@id\":\"https:\/\/omni3d.com\/shop\/#organization\"},\"potentialAction\":[{\"@type\":\"SearchAction\",\"target\":{\"@type\":\"EntryPoint\",\"urlTemplate\":\"https:\/\/omni3d.com\/shop\/?s={search_term_string}\"},\"query-input\":\"required name=search_term_string\"}],\"inLanguage\":\"pl-PL\"},{\"@type\":\"ImageObject\",\"@id\":\"https:\/\/omni3d.com\/shop\/pl\/produkt\/asa-39\/#primaryimage\",\"inLanguage\":\"pl-PL\",\"url\":\"https:\/\/omni3d.com\/shop\/wp-content\/uploads\/2020\/07\/ASA-39.jpg\",\"contentUrl\":\"https:\/\/omni3d.com\/shop\/wp-content\/uploads\/2020\/07\/ASA-39.jpg\",\"width\":400,\"height\":400},{\"@type\":\"WebPage\",\"@id\":\"https:\/\/omni3d.com\/shop\/pl\/produkt\/asa-39\/#webpage\",\"url\":\"https:\/\/omni3d.com\/shop\/pl\/produkt\/asa-39\/\",\"name\":\"Filament ASA 1kg Sklep \/ Cena 2021 i Opinie \/ Gdzie kupi\u0107?\",\"isPartOf\":{\"@id\":\"https:\/\/omni3d.com\/shop\/#website\"},\"primaryImageOfPage\":{\"@id\":\"https:\/\/omni3d.com\/shop\/pl\/produkt\/asa-39\/#primaryimage\"},\"datePublished\":\"2020-07-28T08:37:53+00:00\",\"dateModified\":\"2024-12-19T14:25:49+00:00\",\"breadcrumb\":{\"@id\":\"https:\/\/omni3d.com\/shop\/pl\/produkt\/asa-39\/#breadcrumb\"},\"inLanguage\":\"pl-PL\",\"potentialAction\":[{\"@type\":\"ReadAction\",\"target\":[\"https:\/\/omni3d.com\/shop\/pl\/produkt\/asa-39\/\"]}]},{\"@type\":\"BreadcrumbList\",\"@id\":\"https:\/\/omni3d.com\/shop\/pl\/produkt\/asa-39\/#breadcrumb\",\"itemListElement\":[{\"@type\":\"ListItem\",\"position\":1,\"name\":\"Homepage\",\"item\":\"https:\/\/omni3d.com\/shop\/pl\/\"},{\"@type\":\"ListItem\",\"position\":2,\"name\":\"Sklep\",\"item\":\"https:\/\/omni3d.com\/shop\/pl\/sklep\/\"},{\"@type\":\"ListItem\",\"position\":3,\"name\":\"ASA 1kg\"}]}]}<\/script>\n<!-- \/ Yoast SEO plugin. -->","yoast_head_json":{"title":"Filament ASA 1kg Sklep \/ Cena 2021 i Opinie \/ Gdzie kupi\u0107?","robots":{"index":"index","follow":"follow","max-snippet":"max-snippet:-1","max-image-preview":"max-image-preview:large","max-video-preview":"max-video-preview:-1"},"canonical":"https:\/\/omni3d.com\/shop\/pl\/produkt\/asa-39\/","og_locale":"pl_PL","og_type":"article","og_title":"Filament ASA 1kg Sklep \/ Cena 2021 i Opinie \/ Gdzie kupi\u0107?","og_description":"Odporno\u015b\u0107 na wysok\u0105 temperatur\u0119 umo\u017cliwia testowanie modeli w bezpo\u015brednim \u015bwietle s\u0142onecznym bez ryzyka odkszta\u0142cenia lub odbarwienia. \u015arednica \u017carnika: 1,75 mm.","og_url":"https:\/\/omni3d.com\/shop\/pl\/produkt\/asa-39\/","og_site_name":"Omni3D","article_modified_time":"2024-12-19T14:25:49+00:00","og_image":[{"width":400,"height":400,"url":"https:\/\/omni3d.com\/shop\/wp-content\/uploads\/2020\/07\/ASA-39.jpg","type":"image\/jpeg"}],"twitter_card":"summary_large_image","twitter_misc":{"Szacowany czas czytania":"1 minuta"},"schema":{"@context":"https:\/\/schema.org","@graph":[{"@type":"Organization","@id":"https:\/\/omni3d.com\/shop\/#organization","name":"Sklep Omni3D \/ Filamenty 3D, Drukarki 3D, Cz\u0119\u015bci zamienne","url":"https:\/\/omni3d.com\/shop\/","sameAs":[],"logo":{"@type":"ImageObject","@id":"https:\/\/omni3d.com\/shop\/#logo","inLanguage":"pl-PL","url":"https:\/\/omni3d.com\/shop\/wp-content\/uploads\/2020\/06\/Omni3D-logo.svg","contentUrl":"https:\/\/omni3d.com\/shop\/wp-content\/uploads\/2020\/06\/Omni3D-logo.svg","width":220,"height":102,"caption":"Sklep Omni3D \/ Filamenty 3D, Drukarki 3D, Cz\u0119\u015bci zamienne"},"image":{"@id":"https:\/\/omni3d.com\/shop\/#logo"}},{"@type":"WebSite","@id":"https:\/\/omni3d.com\/shop\/#website","url":"https:\/\/omni3d.com\/shop\/","name":"Omni3D","description":"Omni3D - Drukarki 3D, Cz\u0119\u015bci zamienne, Filamenty","publisher":{"@id":"https:\/\/omni3d.com\/shop\/#organization"},"potentialAction":[{"@type":"SearchAction","target":{"@type":"EntryPoint","urlTemplate":"https:\/\/omni3d.com\/shop\/?s={search_term_string}"},"query-input":"required name=search_term_string"}],"inLanguage":"pl-PL"},{"@type":"ImageObject","@id":"https:\/\/omni3d.com\/shop\/pl\/produkt\/asa-39\/#primaryimage","inLanguage":"pl-PL","url":"https:\/\/omni3d.com\/shop\/wp-content\/uploads\/2020\/07\/ASA-39.jpg","contentUrl":"https:\/\/omni3d.com\/shop\/wp-content\/uploads\/2020\/07\/ASA-39.jpg","width":400,"height":400},{"@type":"WebPage","@id":"https:\/\/omni3d.com\/shop\/pl\/produkt\/asa-39\/#webpage","url":"https:\/\/omni3d.com\/shop\/pl\/produkt\/asa-39\/","name":"Filament ASA 1kg Sklep \/ Cena 2021 i Opinie \/ Gdzie kupi\u0107?","isPartOf":{"@id":"https:\/\/omni3d.com\/shop\/#website"},"primaryImageOfPage":{"@id":"https:\/\/omni3d.com\/shop\/pl\/produkt\/asa-39\/#primaryimage"},"datePublished":"2020-07-28T08:37:53+00:00","dateModified":"2024-12-19T14:25:49+00:00","breadcrumb":{"@id":"https:\/\/omni3d.com\/shop\/pl\/produkt\/asa-39\/#breadcrumb"},"inLanguage":"pl-PL","potentialAction":[{"@type":"ReadAction","target":["https:\/\/omni3d.com\/shop\/pl\/produkt\/asa-39\/"]}]},{"@type":"BreadcrumbList","@id":"https:\/\/omni3d.com\/shop\/pl\/produkt\/asa-39\/#breadcrumb","itemListElement":[{"@type":"ListItem","position":1,"name":"Homepage","item":"https:\/\/omni3d.com\/shop\/pl\/"},{"@type":"ListItem","position":2,"name":"Sklep","item":"https:\/\/omni3d.com\/shop\/pl\/sklep\/"},{"@type":"ListItem","position":3,"name":"ASA 1kg"}]}]}},"lang":"pl","translations":{"en":3771,"pl":3294},"pll_sync_post":[],"_links":{"self":[{"href":"https:\/\/omni3d.com\/shop\/wp-json\/wp\/v2\/product\/3294"}],"collection":[{"href":"https:\/\/omni3d.com\/shop\/wp-json\/wp\/v2\/product"}],"about":[{"href":"https:\/\/omni3d.com\/shop\/wp-json\/wp\/v2\/types\/product"}],"wp:featuredmedia":[{"embeddable":true,"href":"https:\/\/omni3d.com\/shop\/wp-json\/wp\/v2\/media\/3298"}],"wp:attachment":[{"href":"https:\/\/omni3d.com\/shop\/wp-json\/wp\/v2\/media?parent=3294"}],"wp:term":[{"taxonomy":"product_cat","embeddable":true,"href":"https:\/\/omni3d.com\/shop\/wp-json\/wp\/v2\/product_cat?post=3294"},{"taxonomy":"product_tag","embeddable":true,"href":"https:\/\/omni3d.com\/shop\/wp-json\/wp\/v2\/product_tag?post=3294"}],"curies":[{"name":"wp","href":"https:\/\/api.w.org\/{rel}","templated":true}]}}