{"id":3340,"date":"2020-10-19T14:03:38","date_gmt":"2020-10-19T12:03:38","guid":{"rendered":"http:\/\/omni3d.com\/shop\/?post_type=product&#038;p=3340"},"modified":"2024-05-29T01:03:36","modified_gmt":"2024-05-28T23:03:36","slug":"omni-nova","status":"publish","type":"product","link":"https:\/\/omni3d.com\/shop\/pl\/produkt\/omni-nova\/","title":{"rendered":"Omni NOVA"},"content":{"rendered":"<p>[vc_row content_placement=&#8221;top&#8221;][vc_column width=&#8221;1\/2&#8243;][vc_column_text text_larger=&#8221;no&#8221; woodmart_inline=&#8221;no&#8221;]<\/p>\n<ul>\n<li>\n<div class=\"printer-info__title\"><strong>Automatyczna kalibracja platformy, kontrola przep\u0142ywu filamentu<\/strong><\/div>\n<div class=\"printer-info__text\">To tylko wybrane funkcje, kt\u00f3re optymalizuj\u0105 Twoj\u0105 prac\u0119, pozwalaj\u0105c na realizacj\u0119 wydruk\u00f3w 3D szybko, sprawnie i efektywnie. Opcjonalnie filtr CARBON + HEPA.<\/div>\n<\/li>\n<li>\n<div class=\"printer-info__title\"><strong>500 x 500 x 570 mm POWIERZCHNI DRUKU<\/strong><\/div>\n<div class=\"printer-info__text\">Mo\u017cesz drukowa\u0107 du\u017ce elementy lub kilka mniejszych jednocze\u015bnie.<\/div>\n<\/li>\n<li>\n<div class=\"printer-info__title\"><strong>2 EKSTRUDERY<\/strong><\/div>\n<div class=\"printer-info__text\">Drukuj skomplikowane i nietypowe kszta\u0142ty z wykorzystaniem dedykowanego materia\u0142u podporowego. Drukarka 3D zosta\u0142a dodatkowo wyposa\u017cona w system unoszenia nieaktywnej g\u0142owicy. Opcjonalnie g\u0142owica wysokotemperaturowa do 420 \u00b0C .<\/div>\n<\/li>\n<li>\n<div class=\"printer-info__title\"><strong>ZAMKNI\u0118TA I GRZANA KOMORA<\/strong><\/div>\n<div class=\"printer-info__text\">Umo\u017cliwia skuteczne drukowanie du\u017cych obiekt\u00f3w z przemys\u0142owych materia\u0142\u00f3w termoplastycznych, np. z ABSu.<\/div>\n<p><strong>\u00a0<\/strong><\/li>\n<\/ul>\n<p>[\/vc_column_text][\/vc_column][vc_column width=&#8221;1\/2&#8243; css=&#8221;.vc_custom_1490694541710{padding-top: 0px !important;}&#8221;][vc_row_inner content_placement=&#8221;top&#8221;][vc_column_inner width=&#8221;1\/2&#8243; css=&#8221;.vc_custom_1490695008312{margin-bottom: 20px !important;}&#8221;]\t\t\t<div class=\"info-box-wrapper \">\n\t\t\t\t<div id=\"wd-66565e7f4ff72\" class=\" wd-info-box woodmart-info-box wd-wpb text-center box-icon-align-top box-style- color-scheme- wd-bg-none box-title-small vc_custom_1716936330371\"  >\n\t\t\t\t\t\t\t\t\t\t\t<div class=\"box-icon-wrapper  box-with-icon box-icon-simple\">\n\t\t\t\t\t\t\t<div class=\"info-box-icon\">\n\n\t\t\t\t\t\t\t\n\t\t\t\t\t\t\t\t\t\t\t\t\t\t\t\t\t\t\t\t\t\t\t\t\t\t\t\t\t\t\t\t\n\t\t\t\t\t\t\t<\/div>\n\t\t\t\t\t\t<\/div>\n\t\t\t\t\t\t\t\t\t\t<div class=\"info-box-content\">\n\t\t\t\t\t\t<h4 class=\"info-box-title title wd-font-weight- box-title-style-default wd-fontsize-s\">Przestrze\u0144 robocza XYZ<\/h4>\t\t\t\t\t\t<div class=\"info-box-inner set-cont-mb-s reset-last-child\">\n\t\t\t\t\t\t\t<\/p>\n<p style=\"text-align: center;\">500 x 500 x 570 mm<\/p>\n<p>\n\t\t\t\t\t\t<\/div>\n\n\t\t\t\t\t\t\n\t\t\t\t\t<\/div>\n\n\t\t\t\t\t\t\t\t\t<\/div>\n\t\t\t<\/div>\n\t\t[\/vc_column_inner][vc_column_inner width=&#8221;1\/2&#8243; css=&#8221;.vc_custom_1490695011353{margin-bottom: 20px !important;}&#8221;]\t\t\t<div class=\"info-box-wrapper \">\n\t\t\t\t<div id=\"wd-5f8d80e51f1c1\" class=\" wd-info-box woodmart-info-box wd-wpb text-center box-icon-align-top box-style- color-scheme- wd-bg-none box-title-small vc_custom_1603109120954\"  >\n\t\t\t\t\t\t\t\t\t\t\t<div class=\"box-icon-wrapper  box-with-icon box-icon-simple\">\n\t\t\t\t\t\t\t<div class=\"info-box-icon\">\n\n\t\t\t\t\t\t\t\n\t\t\t\t\t\t\t\t\t\t\t\t\t\t\t\t\t\t\t\t\t\t\t\t\t\t\t\t\t\t\t\t\n\t\t\t\t\t\t\t<\/div>\n\t\t\t\t\t\t<\/div>\n\t\t\t\t\t\t\t\t\t\t<div class=\"info-box-content\">\n\t\t\t\t\t\t<h4 class=\"info-box-title title wd-font-weight- box-title-style-default wd-fontsize-s\">Max. temperatura g\u0142owicy<\/h4>\t\t\t\t\t\t<div class=\"info-box-inner set-cont-mb-s reset-last-child\">\n\t\t\t\t\t\t\t<\/p>\n<p style=\"text-align: center;\">360 \u00b0C (opcjonalnie 420 \u00b0C)<\/p>\n<p>\n\t\t\t\t\t\t<\/div>\n\n\t\t\t\t\t\t\n\t\t\t\t\t<\/div>\n\n\t\t\t\t\t\t\t\t\t<\/div>\n\t\t\t<\/div>\n\t\t[\/vc_column_inner][vc_column_inner width=&#8221;1\/2&#8243; css=&#8221;.vc_custom_1490694847874{margin-bottom: 20px !important;}&#8221;]\t\t\t<div class=\"info-box-wrapper \">\n\t\t\t\t<div id=\"wd-5fcdfbb5a169d\" class=\" wd-info-box woodmart-info-box wd-wpb text-center box-icon-align-top box-style- color-scheme- wd-bg-none box-title-small vc_custom_1607334845783\"  >\n\t\t\t\t\t\t\t\t\t\t\t<div class=\"box-icon-wrapper  box-with-icon box-icon-simple\">\n\t\t\t\t\t\t\t<div class=\"info-box-icon\">\n\n\t\t\t\t\t\t\t\n\t\t\t\t\t\t\t\t\t\t\t\t\t\t\t\t\t\t\t\t\t\t\t\t\t\t\t\t\t\t\t\t\n\t\t\t\t\t\t\t<\/div>\n\t\t\t\t\t\t<\/div>\n\t\t\t\t\t\t\t\t\t\t<div class=\"info-box-content\">\n\t\t\t\t\t\t<h4 class=\"info-box-title title wd-font-weight- box-title-style-default wd-fontsize-s\">Max. temp. platformy roboczej<\/h4>\t\t\t\t\t\t<div class=\"info-box-inner set-cont-mb-s reset-last-child\">\n\t\t\t\t\t\t\t<\/p>\n<p style=\"text-align: center;\">130 \u00b0C<\/p>\n<p>\n\t\t\t\t\t\t<\/div>\n\n\t\t\t\t\t\t\n\t\t\t\t\t<\/div>\n\n\t\t\t\t\t\t\t\t\t<\/div>\n\t\t\t<\/div>\n\t\t[\/vc_column_inner][vc_column_inner width=&#8221;1\/2&#8243; css=&#8221;.vc_custom_1490694856753{margin-bottom: 20px !important;}&#8221;]\t\t\t<div class=\"info-box-wrapper \">\n\t\t\t\t<div id=\"wd-5f8d7e8345338\" class=\" wd-info-box woodmart-info-box wd-wpb text-center box-icon-align-top box-style- color-scheme- wd-bg-none box-title-small vc_custom_1603108500991\"  >\n\t\t\t\t\t\t\t\t\t\t\t<div class=\"box-icon-wrapper  box-with-icon box-icon-simple\">\n\t\t\t\t\t\t\t<div class=\"info-box-icon\">\n\n\t\t\t\t\t\t\t\n\t\t\t\t\t\t\t\t\t\t\t\t\t\t\t\t\t\t\t\t\t\t\t\t\t\t\t\t\t\t\t\t\n\t\t\t\t\t\t\t<\/div>\n\t\t\t\t\t\t<\/div>\n\t\t\t\t\t\t\t\t\t\t<div class=\"info-box-content\">\n\t\t\t\t\t\t<h4 class=\"info-box-title title wd-font-weight- box-title-style-default wd-fontsize-s\">Max. temp. w komorze roboczej<\/h4>\t\t\t\t\t\t<div class=\"info-box-inner set-cont-mb-s reset-last-child\">\n\t\t\t\t\t\t\t<\/p>\n<p style=\"text-align: center;\">70 \u00b0C<\/p>\n<p>\n\t\t\t\t\t\t<\/div>\n\n\t\t\t\t\t\t\n\t\t\t\t\t<\/div>\n\n\t\t\t\t\t\t\t\t\t<\/div>\n\t\t\t<\/div>\n\t\t[\/vc_column_inner][\/vc_row_inner][\/vc_column][\/vc_row]<\/p>\n","protected":false},"excerpt":{"rendered":"<p><strong>PRZEMYS\u0141OWA DRUKARKA 3D<\/strong><br \/>\nDedykowana dla wymagaj\u0105cych klient\u00f3w, kt\u00f3rych celem jest<br \/>\noptymalizacja koszt\u00f3w i czasu produkcji.<\/p>\n","protected":false},"featured_media":5626,"template":"","meta":[],"product_cat":[72],"product_tag":[],"yoast_head":"<!-- This site is optimized with the Yoast SEO plugin v18.6 - https:\/\/yoast.com\/wordpress\/plugins\/seo\/ -->\n<title>Drukarka 3D Omni NOVA Sklep \/ Cena 2021 i Opinie \/ Gdzie kupi\u0107?<\/title>\n<meta name=\"robots\" content=\"index, follow, max-snippet:-1, max-image-preview:large, max-video-preview:-1\" \/>\n<link rel=\"canonical\" href=\"https:\/\/omni3d.com\/shop\/pl\/produkt\/omni-nova\/\" \/>\n<meta property=\"og:locale\" content=\"pl_PL\" \/>\n<meta property=\"og:type\" content=\"article\" \/>\n<meta property=\"og:title\" content=\"Drukarka 3D Omni NOVA Sklep \/ Cena 2021 i Opinie \/ Gdzie kupi\u0107?\" \/>\n<meta property=\"og:description\" content=\"PRZEMYS\u0141OWA DRUKARKA 3D Dedykowana dla wymagaj\u0105cych klient\u00f3w, kt\u00f3rych celem jest optymalizacja koszt\u00f3w i czasu produkcji.\" \/>\n<meta property=\"og:url\" content=\"https:\/\/omni3d.com\/shop\/pl\/produkt\/omni-nova\/\" \/>\n<meta property=\"og:site_name\" content=\"Omni3D\" \/>\n<meta property=\"article:modified_time\" content=\"2024-05-28T23:03:36+00:00\" \/>\n<meta property=\"og:image\" content=\"https:\/\/omni3d.com\/shop\/wp-content\/uploads\/2020\/10\/O3D_NOVA_Front-print2-844x1024.png\" \/>\n\t<meta property=\"og:image:width\" content=\"844\" \/>\n\t<meta property=\"og:image:height\" content=\"1024\" \/>\n\t<meta property=\"og:image:type\" content=\"image\/png\" \/>\n<meta name=\"twitter:card\" content=\"summary_large_image\" \/>\n<meta name=\"twitter:label1\" content=\"Szacowany czas czytania\" \/>\n\t<meta name=\"twitter:data1\" content=\"2 minuty\" \/>\n<script type=\"application\/ld+json\" class=\"yoast-schema-graph\">{\"@context\":\"https:\/\/schema.org\",\"@graph\":[{\"@type\":\"Organization\",\"@id\":\"https:\/\/omni3d.com\/shop\/#organization\",\"name\":\"Sklep Omni3D \/ Filamenty 3D, Drukarki 3D, Cz\u0119\u015bci zamienne\",\"url\":\"https:\/\/omni3d.com\/shop\/\",\"sameAs\":[],\"logo\":{\"@type\":\"ImageObject\",\"@id\":\"https:\/\/omni3d.com\/shop\/#logo\",\"inLanguage\":\"pl-PL\",\"url\":\"https:\/\/omni3d.com\/shop\/wp-content\/uploads\/2020\/06\/Omni3D-logo.svg\",\"contentUrl\":\"https:\/\/omni3d.com\/shop\/wp-content\/uploads\/2020\/06\/Omni3D-logo.svg\",\"width\":220,\"height\":102,\"caption\":\"Sklep Omni3D \/ Filamenty 3D, Drukarki 3D, Cz\u0119\u015bci zamienne\"},\"image\":{\"@id\":\"https:\/\/omni3d.com\/shop\/#logo\"}},{\"@type\":\"WebSite\",\"@id\":\"https:\/\/omni3d.com\/shop\/#website\",\"url\":\"https:\/\/omni3d.com\/shop\/\",\"name\":\"Omni3D\",\"description\":\"Omni3D - Drukarki 3D, Cz\u0119\u015bci zamienne, Filamenty\",\"publisher\":{\"@id\":\"https:\/\/omni3d.com\/shop\/#organization\"},\"potentialAction\":[{\"@type\":\"SearchAction\",\"target\":{\"@type\":\"EntryPoint\",\"urlTemplate\":\"https:\/\/omni3d.com\/shop\/?s={search_term_string}\"},\"query-input\":\"required name=search_term_string\"}],\"inLanguage\":\"pl-PL\"},{\"@type\":\"ImageObject\",\"@id\":\"https:\/\/omni3d.com\/shop\/pl\/produkt\/omni-nova\/#primaryimage\",\"inLanguage\":\"pl-PL\",\"url\":\"https:\/\/omni3d.com\/shop\/wp-content\/uploads\/2020\/10\/O3D_NOVA_Front-print2.png\",\"contentUrl\":\"https:\/\/omni3d.com\/shop\/wp-content\/uploads\/2020\/10\/O3D_NOVA_Front-print2.png\",\"width\":2017,\"height\":2447},{\"@type\":\"WebPage\",\"@id\":\"https:\/\/omni3d.com\/shop\/pl\/produkt\/omni-nova\/#webpage\",\"url\":\"https:\/\/omni3d.com\/shop\/pl\/produkt\/omni-nova\/\",\"name\":\"Drukarka 3D Omni NOVA Sklep \/ Cena 2021 i Opinie \/ Gdzie kupi\u0107?\",\"isPartOf\":{\"@id\":\"https:\/\/omni3d.com\/shop\/#website\"},\"primaryImageOfPage\":{\"@id\":\"https:\/\/omni3d.com\/shop\/pl\/produkt\/omni-nova\/#primaryimage\"},\"datePublished\":\"2020-10-19T12:03:38+00:00\",\"dateModified\":\"2024-05-28T23:03:36+00:00\",\"breadcrumb\":{\"@id\":\"https:\/\/omni3d.com\/shop\/pl\/produkt\/omni-nova\/#breadcrumb\"},\"inLanguage\":\"pl-PL\",\"potentialAction\":[{\"@type\":\"ReadAction\",\"target\":[\"https:\/\/omni3d.com\/shop\/pl\/produkt\/omni-nova\/\"]}]},{\"@type\":\"BreadcrumbList\",\"@id\":\"https:\/\/omni3d.com\/shop\/pl\/produkt\/omni-nova\/#breadcrumb\",\"itemListElement\":[{\"@type\":\"ListItem\",\"position\":1,\"name\":\"Homepage\",\"item\":\"https:\/\/omni3d.com\/shop\/pl\/\"},{\"@type\":\"ListItem\",\"position\":2,\"name\":\"Sklep\",\"item\":\"https:\/\/omni3d.com\/shop\/pl\/sklep\/\"},{\"@type\":\"ListItem\",\"position\":3,\"name\":\"Omni NOVA\"}]}]}<\/script>\n<!-- \/ Yoast SEO plugin. -->","yoast_head_json":{"title":"Drukarka 3D Omni NOVA Sklep \/ Cena 2021 i Opinie \/ Gdzie kupi\u0107?","robots":{"index":"index","follow":"follow","max-snippet":"max-snippet:-1","max-image-preview":"max-image-preview:large","max-video-preview":"max-video-preview:-1"},"canonical":"https:\/\/omni3d.com\/shop\/pl\/produkt\/omni-nova\/","og_locale":"pl_PL","og_type":"article","og_title":"Drukarka 3D Omni NOVA Sklep \/ Cena 2021 i Opinie \/ Gdzie kupi\u0107?","og_description":"PRZEMYS\u0141OWA DRUKARKA 3D Dedykowana dla wymagaj\u0105cych klient\u00f3w, kt\u00f3rych celem jest optymalizacja koszt\u00f3w i czasu produkcji.","og_url":"https:\/\/omni3d.com\/shop\/pl\/produkt\/omni-nova\/","og_site_name":"Omni3D","article_modified_time":"2024-05-28T23:03:36+00:00","og_image":[{"width":844,"height":1024,"url":"https:\/\/omni3d.com\/shop\/wp-content\/uploads\/2020\/10\/O3D_NOVA_Front-print2-844x1024.png","type":"image\/png"}],"twitter_card":"summary_large_image","twitter_misc":{"Szacowany czas czytania":"2 minuty"},"schema":{"@context":"https:\/\/schema.org","@graph":[{"@type":"Organization","@id":"https:\/\/omni3d.com\/shop\/#organization","name":"Sklep Omni3D \/ Filamenty 3D, Drukarki 3D, Cz\u0119\u015bci zamienne","url":"https:\/\/omni3d.com\/shop\/","sameAs":[],"logo":{"@type":"ImageObject","@id":"https:\/\/omni3d.com\/shop\/#logo","inLanguage":"pl-PL","url":"https:\/\/omni3d.com\/shop\/wp-content\/uploads\/2020\/06\/Omni3D-logo.svg","contentUrl":"https:\/\/omni3d.com\/shop\/wp-content\/uploads\/2020\/06\/Omni3D-logo.svg","width":220,"height":102,"caption":"Sklep Omni3D \/ Filamenty 3D, Drukarki 3D, Cz\u0119\u015bci zamienne"},"image":{"@id":"https:\/\/omni3d.com\/shop\/#logo"}},{"@type":"WebSite","@id":"https:\/\/omni3d.com\/shop\/#website","url":"https:\/\/omni3d.com\/shop\/","name":"Omni3D","description":"Omni3D - Drukarki 3D, Cz\u0119\u015bci zamienne, Filamenty","publisher":{"@id":"https:\/\/omni3d.com\/shop\/#organization"},"potentialAction":[{"@type":"SearchAction","target":{"@type":"EntryPoint","urlTemplate":"https:\/\/omni3d.com\/shop\/?s={search_term_string}"},"query-input":"required name=search_term_string"}],"inLanguage":"pl-PL"},{"@type":"ImageObject","@id":"https:\/\/omni3d.com\/shop\/pl\/produkt\/omni-nova\/#primaryimage","inLanguage":"pl-PL","url":"https:\/\/omni3d.com\/shop\/wp-content\/uploads\/2020\/10\/O3D_NOVA_Front-print2.png","contentUrl":"https:\/\/omni3d.com\/shop\/wp-content\/uploads\/2020\/10\/O3D_NOVA_Front-print2.png","width":2017,"height":2447},{"@type":"WebPage","@id":"https:\/\/omni3d.com\/shop\/pl\/produkt\/omni-nova\/#webpage","url":"https:\/\/omni3d.com\/shop\/pl\/produkt\/omni-nova\/","name":"Drukarka 3D Omni NOVA Sklep \/ Cena 2021 i Opinie \/ Gdzie kupi\u0107?","isPartOf":{"@id":"https:\/\/omni3d.com\/shop\/#website"},"primaryImageOfPage":{"@id":"https:\/\/omni3d.com\/shop\/pl\/produkt\/omni-nova\/#primaryimage"},"datePublished":"2020-10-19T12:03:38+00:00","dateModified":"2024-05-28T23:03:36+00:00","breadcrumb":{"@id":"https:\/\/omni3d.com\/shop\/pl\/produkt\/omni-nova\/#breadcrumb"},"inLanguage":"pl-PL","potentialAction":[{"@type":"ReadAction","target":["https:\/\/omni3d.com\/shop\/pl\/produkt\/omni-nova\/"]}]},{"@type":"BreadcrumbList","@id":"https:\/\/omni3d.com\/shop\/pl\/produkt\/omni-nova\/#breadcrumb","itemListElement":[{"@type":"ListItem","position":1,"name":"Homepage","item":"https:\/\/omni3d.com\/shop\/pl\/"},{"@type":"ListItem","position":2,"name":"Sklep","item":"https:\/\/omni3d.com\/shop\/pl\/sklep\/"},{"@type":"ListItem","position":3,"name":"Omni NOVA"}]}]}},"lang":"pl","translations":{"en":3812,"pl":3340},"pll_sync_post":[],"_links":{"self":[{"href":"https:\/\/omni3d.com\/shop\/wp-json\/wp\/v2\/product\/3340"}],"collection":[{"href":"https:\/\/omni3d.com\/shop\/wp-json\/wp\/v2\/product"}],"about":[{"href":"https:\/\/omni3d.com\/shop\/wp-json\/wp\/v2\/types\/product"}],"wp:featuredmedia":[{"embeddable":true,"href":"https:\/\/omni3d.com\/shop\/wp-json\/wp\/v2\/media\/5626"}],"wp:attachment":[{"href":"https:\/\/omni3d.com\/shop\/wp-json\/wp\/v2\/media?parent=3340"}],"wp:term":[{"taxonomy":"product_cat","embeddable":true,"href":"https:\/\/omni3d.com\/shop\/wp-json\/wp\/v2\/product_cat?post=3340"},{"taxonomy":"product_tag","embeddable":true,"href":"https:\/\/omni3d.com\/shop\/wp-json\/wp\/v2\/product_tag?post=3340"}],"curies":[{"name":"wp","href":"https:\/\/api.w.org\/{rel}","templated":true}]}}