{"id":3596,"date":"2020-11-04T16:56:36","date_gmt":"2020-11-04T15:56:36","guid":{"rendered":"https:\/\/omni3d.com\/shop\/?post_type=product&#038;p=3596"},"modified":"2023-01-17T09:16:31","modified_gmt":"2023-01-17T08:16:31","slug":"plyta-glowna-elektroniki-omnistart-omni200","status":"publish","type":"product","link":"https:\/\/omni3d.com\/shop\/pl\/produkt\/plyta-glowna-elektroniki-omnistart-omni200\/","title":{"rendered":"P\u0142yta g\u0142\u00f3wna elektroniki (OmniSTART \/Omni200)"},"content":{"rendered":"<p>[vc_row content_placement=&#8221;top&#8221;][vc_column width=&#8221;1\/2&#8243;][vc_column_text text_larger=&#8221;no&#8221;]P\u0142yta g\u0142owna elektroniki <strong>OmniSTART \/ Omni200<\/strong>[\/vc_column_text][\/vc_column][vc_column width=&#8221;1\/2&#8243; css=&#8221;.vc_custom_1490694541710{padding-top: 0px !important;}&#8221;][\/vc_column][\/vc_row]<\/p>\n","protected":false},"excerpt":{"rendered":"<p>P\u0142yta g\u0142\u00f3wna elektroniki kompatybilna z drukarkami 3D OmniSTART \/ Omni200<\/p>\n<p>&nbsp;<\/p>\n","protected":false},"featured_media":3597,"template":"","meta":[],"product_cat":[125,129,73],"product_tag":[],"yoast_head":"<!-- This site is optimized with the Yoast SEO plugin v18.6 - https:\/\/yoast.com\/wordpress\/plugins\/seo\/ -->\n<title>P\u0142yta g\u0142\u00f3wna elektroniki (OmniSTART \/Omni200) Sklep \/ Cena 2021 i Opinie \/ Gdzie kupi\u0107?<\/title>\n<meta name=\"robots\" content=\"index, follow, max-snippet:-1, max-image-preview:large, max-video-preview:-1\" \/>\n<link rel=\"canonical\" href=\"https:\/\/omni3d.com\/shop\/pl\/produkt\/plyta-glowna-elektroniki-omnistart-omni200\/\" \/>\n<meta property=\"og:locale\" content=\"pl_PL\" \/>\n<meta property=\"og:type\" content=\"article\" \/>\n<meta property=\"og:title\" content=\"P\u0142yta g\u0142\u00f3wna elektroniki (OmniSTART \/Omni200) Sklep \/ Cena 2021 i Opinie \/ Gdzie kupi\u0107?\" \/>\n<meta property=\"og:description\" content=\"P\u0142yta g\u0142\u00f3wna elektroniki kompatybilna z drukarkami 3D OmniSTART \/ Omni200  &nbsp;\" \/>\n<meta property=\"og:url\" content=\"https:\/\/omni3d.com\/shop\/pl\/produkt\/plyta-glowna-elektroniki-omnistart-omni200\/\" \/>\n<meta property=\"og:site_name\" content=\"Omni3D\" \/>\n<meta property=\"article:modified_time\" content=\"2023-01-17T08:16:31+00:00\" \/>\n<meta property=\"og:image\" content=\"https:\/\/omni3d.com\/shop\/wp-content\/uploads\/2020\/11\/p\u0142yta-g\u0142owna-elektroniki.jpg\" \/>\n\t<meta property=\"og:image:width\" content=\"283\" \/>\n\t<meta property=\"og:image:height\" content=\"178\" \/>\n\t<meta property=\"og:image:type\" content=\"image\/jpeg\" \/>\n<meta name=\"twitter:card\" content=\"summary_large_image\" \/>\n<script type=\"application\/ld+json\" class=\"yoast-schema-graph\">{\"@context\":\"https:\/\/schema.org\",\"@graph\":[{\"@type\":\"Organization\",\"@id\":\"https:\/\/omni3d.com\/shop\/#organization\",\"name\":\"Sklep Omni3D \/ Filamenty 3D, Drukarki 3D, Cz\u0119\u015bci zamienne\",\"url\":\"https:\/\/omni3d.com\/shop\/\",\"sameAs\":[],\"logo\":{\"@type\":\"ImageObject\",\"@id\":\"https:\/\/omni3d.com\/shop\/#logo\",\"inLanguage\":\"pl-PL\",\"url\":\"https:\/\/omni3d.com\/shop\/wp-content\/uploads\/2020\/06\/Omni3D-logo.svg\",\"contentUrl\":\"https:\/\/omni3d.com\/shop\/wp-content\/uploads\/2020\/06\/Omni3D-logo.svg\",\"width\":220,\"height\":102,\"caption\":\"Sklep Omni3D \/ Filamenty 3D, Drukarki 3D, Cz\u0119\u015bci zamienne\"},\"image\":{\"@id\":\"https:\/\/omni3d.com\/shop\/#logo\"}},{\"@type\":\"WebSite\",\"@id\":\"https:\/\/omni3d.com\/shop\/#website\",\"url\":\"https:\/\/omni3d.com\/shop\/\",\"name\":\"Omni3D\",\"description\":\"Omni3D - Drukarki 3D, Cz\u0119\u015bci zamienne, Filamenty\",\"publisher\":{\"@id\":\"https:\/\/omni3d.com\/shop\/#organization\"},\"potentialAction\":[{\"@type\":\"SearchAction\",\"target\":{\"@type\":\"EntryPoint\",\"urlTemplate\":\"https:\/\/omni3d.com\/shop\/?s={search_term_string}\"},\"query-input\":\"required name=search_term_string\"}],\"inLanguage\":\"pl-PL\"},{\"@type\":\"ImageObject\",\"@id\":\"https:\/\/omni3d.com\/shop\/pl\/produkt\/plyta-glowna-elektroniki-omnistart-omni200\/#primaryimage\",\"inLanguage\":\"pl-PL\",\"url\":\"https:\/\/omni3d.com\/shop\/wp-content\/uploads\/2020\/11\/p\u0142yta-g\u0142owna-elektroniki.jpg\",\"contentUrl\":\"https:\/\/omni3d.com\/shop\/wp-content\/uploads\/2020\/11\/p\u0142yta-g\u0142owna-elektroniki.jpg\",\"width\":283,\"height\":178},{\"@type\":\"WebPage\",\"@id\":\"https:\/\/omni3d.com\/shop\/pl\/produkt\/plyta-glowna-elektroniki-omnistart-omni200\/#webpage\",\"url\":\"https:\/\/omni3d.com\/shop\/pl\/produkt\/plyta-glowna-elektroniki-omnistart-omni200\/\",\"name\":\"P\u0142yta g\u0142\u00f3wna elektroniki (OmniSTART \/Omni200) Sklep \/ Cena 2021 i Opinie \/ Gdzie kupi\u0107?\",\"isPartOf\":{\"@id\":\"https:\/\/omni3d.com\/shop\/#website\"},\"primaryImageOfPage\":{\"@id\":\"https:\/\/omni3d.com\/shop\/pl\/produkt\/plyta-glowna-elektroniki-omnistart-omni200\/#primaryimage\"},\"datePublished\":\"2020-11-04T15:56:36+00:00\",\"dateModified\":\"2023-01-17T08:16:31+00:00\",\"breadcrumb\":{\"@id\":\"https:\/\/omni3d.com\/shop\/pl\/produkt\/plyta-glowna-elektroniki-omnistart-omni200\/#breadcrumb\"},\"inLanguage\":\"pl-PL\",\"potentialAction\":[{\"@type\":\"ReadAction\",\"target\":[\"https:\/\/omni3d.com\/shop\/pl\/produkt\/plyta-glowna-elektroniki-omnistart-omni200\/\"]}]},{\"@type\":\"BreadcrumbList\",\"@id\":\"https:\/\/omni3d.com\/shop\/pl\/produkt\/plyta-glowna-elektroniki-omnistart-omni200\/#breadcrumb\",\"itemListElement\":[{\"@type\":\"ListItem\",\"position\":1,\"name\":\"Homepage\",\"item\":\"https:\/\/omni3d.com\/shop\/pl\/\"},{\"@type\":\"ListItem\",\"position\":2,\"name\":\"Sklep\",\"item\":\"https:\/\/omni3d.com\/shop\/pl\/sklep\/\"},{\"@type\":\"ListItem\",\"position\":3,\"name\":\"P\u0142yta g\u0142\u00f3wna elektroniki (OmniSTART \/Omni200)\"}]}]}<\/script>\n<!-- \/ Yoast SEO plugin. -->","yoast_head_json":{"title":"P\u0142yta g\u0142\u00f3wna elektroniki (OmniSTART \/Omni200) Sklep \/ Cena 2021 i Opinie \/ Gdzie kupi\u0107?","robots":{"index":"index","follow":"follow","max-snippet":"max-snippet:-1","max-image-preview":"max-image-preview:large","max-video-preview":"max-video-preview:-1"},"canonical":"https:\/\/omni3d.com\/shop\/pl\/produkt\/plyta-glowna-elektroniki-omnistart-omni200\/","og_locale":"pl_PL","og_type":"article","og_title":"P\u0142yta g\u0142\u00f3wna elektroniki (OmniSTART \/Omni200) Sklep \/ Cena 2021 i Opinie \/ Gdzie kupi\u0107?","og_description":"P\u0142yta g\u0142\u00f3wna elektroniki kompatybilna z drukarkami 3D OmniSTART \/ Omni200  &nbsp;","og_url":"https:\/\/omni3d.com\/shop\/pl\/produkt\/plyta-glowna-elektroniki-omnistart-omni200\/","og_site_name":"Omni3D","article_modified_time":"2023-01-17T08:16:31+00:00","og_image":[{"width":283,"height":178,"url":"https:\/\/omni3d.com\/shop\/wp-content\/uploads\/2020\/11\/p\u0142yta-g\u0142owna-elektroniki.jpg","type":"image\/jpeg"}],"twitter_card":"summary_large_image","schema":{"@context":"https:\/\/schema.org","@graph":[{"@type":"Organization","@id":"https:\/\/omni3d.com\/shop\/#organization","name":"Sklep Omni3D \/ Filamenty 3D, Drukarki 3D, Cz\u0119\u015bci zamienne","url":"https:\/\/omni3d.com\/shop\/","sameAs":[],"logo":{"@type":"ImageObject","@id":"https:\/\/omni3d.com\/shop\/#logo","inLanguage":"pl-PL","url":"https:\/\/omni3d.com\/shop\/wp-content\/uploads\/2020\/06\/Omni3D-logo.svg","contentUrl":"https:\/\/omni3d.com\/shop\/wp-content\/uploads\/2020\/06\/Omni3D-logo.svg","width":220,"height":102,"caption":"Sklep Omni3D \/ Filamenty 3D, Drukarki 3D, Cz\u0119\u015bci zamienne"},"image":{"@id":"https:\/\/omni3d.com\/shop\/#logo"}},{"@type":"WebSite","@id":"https:\/\/omni3d.com\/shop\/#website","url":"https:\/\/omni3d.com\/shop\/","name":"Omni3D","description":"Omni3D - Drukarki 3D, Cz\u0119\u015bci zamienne, Filamenty","publisher":{"@id":"https:\/\/omni3d.com\/shop\/#organization"},"potentialAction":[{"@type":"SearchAction","target":{"@type":"EntryPoint","urlTemplate":"https:\/\/omni3d.com\/shop\/?s={search_term_string}"},"query-input":"required name=search_term_string"}],"inLanguage":"pl-PL"},{"@type":"ImageObject","@id":"https:\/\/omni3d.com\/shop\/pl\/produkt\/plyta-glowna-elektroniki-omnistart-omni200\/#primaryimage","inLanguage":"pl-PL","url":"https:\/\/omni3d.com\/shop\/wp-content\/uploads\/2020\/11\/p\u0142yta-g\u0142owna-elektroniki.jpg","contentUrl":"https:\/\/omni3d.com\/shop\/wp-content\/uploads\/2020\/11\/p\u0142yta-g\u0142owna-elektroniki.jpg","width":283,"height":178},{"@type":"WebPage","@id":"https:\/\/omni3d.com\/shop\/pl\/produkt\/plyta-glowna-elektroniki-omnistart-omni200\/#webpage","url":"https:\/\/omni3d.com\/shop\/pl\/produkt\/plyta-glowna-elektroniki-omnistart-omni200\/","name":"P\u0142yta g\u0142\u00f3wna elektroniki (OmniSTART \/Omni200) Sklep \/ Cena 2021 i Opinie \/ Gdzie kupi\u0107?","isPartOf":{"@id":"https:\/\/omni3d.com\/shop\/#website"},"primaryImageOfPage":{"@id":"https:\/\/omni3d.com\/shop\/pl\/produkt\/plyta-glowna-elektroniki-omnistart-omni200\/#primaryimage"},"datePublished":"2020-11-04T15:56:36+00:00","dateModified":"2023-01-17T08:16:31+00:00","breadcrumb":{"@id":"https:\/\/omni3d.com\/shop\/pl\/produkt\/plyta-glowna-elektroniki-omnistart-omni200\/#breadcrumb"},"inLanguage":"pl-PL","potentialAction":[{"@type":"ReadAction","target":["https:\/\/omni3d.com\/shop\/pl\/produkt\/plyta-glowna-elektroniki-omnistart-omni200\/"]}]},{"@type":"BreadcrumbList","@id":"https:\/\/omni3d.com\/shop\/pl\/produkt\/plyta-glowna-elektroniki-omnistart-omni200\/#breadcrumb","itemListElement":[{"@type":"ListItem","position":1,"name":"Homepage","item":"https:\/\/omni3d.com\/shop\/pl\/"},{"@type":"ListItem","position":2,"name":"Sklep","item":"https:\/\/omni3d.com\/shop\/pl\/sklep\/"},{"@type":"ListItem","position":3,"name":"P\u0142yta g\u0142\u00f3wna elektroniki (OmniSTART \/Omni200)"}]}]}},"lang":"pl","translations":{"en":3940,"pl":3596},"pll_sync_post":[],"_links":{"self":[{"href":"https:\/\/omni3d.com\/shop\/wp-json\/wp\/v2\/product\/3596"}],"collection":[{"href":"https:\/\/omni3d.com\/shop\/wp-json\/wp\/v2\/product"}],"about":[{"href":"https:\/\/omni3d.com\/shop\/wp-json\/wp\/v2\/types\/product"}],"wp:featuredmedia":[{"embeddable":true,"href":"https:\/\/omni3d.com\/shop\/wp-json\/wp\/v2\/media\/3597"}],"wp:attachment":[{"href":"https:\/\/omni3d.com\/shop\/wp-json\/wp\/v2\/media?parent=3596"}],"wp:term":[{"taxonomy":"product_cat","embeddable":true,"href":"https:\/\/omni3d.com\/shop\/wp-json\/wp\/v2\/product_cat?post=3596"},{"taxonomy":"product_tag","embeddable":true,"href":"https:\/\/omni3d.com\/shop\/wp-json\/wp\/v2\/product_tag?post=3596"}],"curies":[{"name":"wp","href":"https:\/\/api.w.org\/{rel}","templated":true}]}}