{"id":4977,"date":"2022-03-23T11:28:50","date_gmt":"2022-03-23T10:28:50","guid":{"rendered":"https:\/\/omni3d.com\/shop\/?post_type=product&#038;p=4977"},"modified":"2022-03-23T12:31:18","modified_gmt":"2022-03-23T11:31:18","slug":"dostep-do-strefy-dydaktycznej-platforma-edukacyjna-laboratoria-przyszlosci","status":"publish","type":"product","link":"https:\/\/omni3d.com\/shop\/pl\/produkt\/dostep-do-strefy-dydaktycznej-platforma-edukacyjna-laboratoria-przyszlosci\/","title":{"rendered":"Dost\u0119p do strefy dydaktycznej &#8211; platforma edukacyjna Laboratoria Przysz\u0142o\u015bci"},"content":{"rendered":"<p>[vc_row content_placement=&#8221;top&#8221;][vc_column width=&#8221;1\/2&#8243;][vc_column_text text_larger=&#8221;no&#8221; woodmart_inline=&#8221;no&#8221;]<b>Zakupiony kod dost\u0119pu do strefy dydaktycznej od Omni3D umo\u017cliwia rejestracje u\u017cytkownika na platformie : <a href=\"https:\/\/omni3d.com\/pl\/strefadydaktyczna\">www.omni3d.com\/pl\/strefadydaktyczna<\/a><\/b><\/p>\n<p>Dost\u0119p do materia\u0142\u00f3w edukacyjnych przygotowanych przez specjalist\u00f3w Omni3D w tym:<\/p>\n<ul>\n<li>Biblioteka modeli do druku 3D z podzia\u0142em na kategorie<\/li>\n<li>Filmy instrukta\u017cowe zar\u00f3wno dla pocz\u0105tkuj\u0105cych jak i zaawansowanych u\u017cytkownik\u00f3w drukarek od Omni3D<\/li>\n<li>Szkolenie startowe dla nauczycieli w ramach programu Laboratoria Przysz\u0142o\u015bci<\/li>\n<\/ul>\n<p>[\/vc_column_text][\/vc_column][vc_column width=&#8221;1\/2&#8243; css=&#8221;.vc_custom_1490694541710{padding-top: 0px !important;}&#8221;][vc_row_inner content_placement=&#8221;top&#8221;][vc_column_inner width=&#8221;1\/2&#8243; css=&#8221;.vc_custom_1490695008312{margin-bottom: 20px !important;}&#8221;]\t\t\t<div class=\"info-box-wrapper \">\n\t\t\t\t<div id=\"wd-623afcd7da709\" class=\" wd-info-box woodmart-info-box wd-wpb text-center box-icon-align-top box-style- color-scheme- wd-bg-none box-title-small vc_custom_1648033007465\"  >\n\t\t\t\t\t\t\t\t\t\t\t<div class=\"box-icon-wrapper  box-with-icon box-icon-simple\">\n\t\t\t\t\t\t\t<div class=\"info-box-icon\">\n\n\t\t\t\t\t\t\t\n\t\t\t\t\t\t\t\t\t\t\t\t\t\t\t\t\t\t\t\t\t\t\t\t\t\t\t\t\t\t\t\t\n\t\t\t\t\t\t\t<\/div>\n\t\t\t\t\t\t<\/div>\n\t\t\t\t\t\t\t\t\t\t<div class=\"info-box-content\">\n\t\t\t\t\t\t<h4 class=\"info-box-title title wd-font-weight- box-title-style-default wd-fontsize-s\">Start do druku 3D<\/h4>\t\t\t\t\t\t<div class=\"info-box-inner set-cont-mb-s reset-last-child\">\n\t\t\t\t\t\t\t<\/p>\n<p style=\"text-align: center;\">Przygotowane z my\u015bl\u0105 o pocz\u0105tkuj\u0105cych u\u017cytkownikach<\/p>\n<p>\n\t\t\t\t\t\t<\/div>\n\n\t\t\t\t\t\t\n\t\t\t\t\t<\/div>\n\n\t\t\t\t\t\t\t\t\t<\/div>\n\t\t\t<\/div>\n\t\t[\/vc_column_inner][vc_column_inner width=&#8221;1\/2&#8243; css=&#8221;.vc_custom_1490695011353{margin-bottom: 20px !important;}&#8221;]\t\t\t<div class=\"info-box-wrapper \">\n\t\t\t\t<div id=\"wd-623afcb880894\" class=\" wd-info-box woodmart-info-box wd-wpb text-center box-icon-align-top box-style- color-scheme- wd-bg-none box-title-small vc_custom_1648032971041\"  >\n\t\t\t\t\t\t\t\t\t\t\t<div class=\"box-icon-wrapper  box-with-icon box-icon-simple\">\n\t\t\t\t\t\t\t<div class=\"info-box-icon\">\n\n\t\t\t\t\t\t\t\n\t\t\t\t\t\t\t\t\t\t\t\t\t\t\t\t\t\t\t\t\t\t\t\t\t\t\t\t\t\t\t\t\n\t\t\t\t\t\t\t<\/div>\n\t\t\t\t\t\t<\/div>\n\t\t\t\t\t\t\t\t\t\t<div class=\"info-box-content\">\n\t\t\t\t\t\t<h4 class=\"info-box-title title wd-font-weight- box-title-style-default wd-fontsize-s\">Filmy i prezentacje<\/h4>\t\t\t\t\t\t<div class=\"info-box-inner set-cont-mb-s reset-last-child\">\n\t\t\t\t\t\t\t<\/p>\n<p style=\"text-align: center;\">Instrukcje dla u\u017cytkownik\u00f3w<\/p>\n<p>\n\t\t\t\t\t\t<\/div>\n\n\t\t\t\t\t\t\n\t\t\t\t\t<\/div>\n\n\t\t\t\t\t\t\t\t\t<\/div>\n\t\t\t<\/div>\n\t\t[\/vc_column_inner][\/vc_row_inner][\/vc_column][\/vc_row][vc_row][vc_column][vc_separator][\/vc_column][\/vc_row][vc_row][vc_column width=&#8221;1\/2&#8243;][vc_column_text text_larger=&#8221;no&#8221; woodmart_inline=&#8221;no&#8221;]<strong>Modele druku 3D<\/strong><\/p>\n<p>Platforma dydaktyczna to mi\u0119dzy innymi zbi\u00f3r gotowych plik\u00f3w, gotowych do druku 3D na drukarkach OmniSTART \/ Omni200.<br \/>\nIntuicyjny podzia\u0142 na kategorie &#8211; lekcje to prosty spos\u00f3b na przygotowanie lekcji zar\u00f3wno dla najm\u0142odszych jak i nastoletnich uczni\u00f3w.<\/p>\n<p><img loading=\"lazy\" class=\"alignnone size-medium wp-image-4979\" src=\"https:\/\/omni3d.com\/shop\/wp-content\/uploads\/2022\/03\/modele-do-druku3D-od-Omni3D-300x124.png\" alt=\"\" width=\"300\" height=\"124\" srcset=\"https:\/\/omni3d.com\/shop\/wp-content\/uploads\/2022\/03\/modele-do-druku3D-od-Omni3D-300x124.png 300w, https:\/\/omni3d.com\/shop\/wp-content\/uploads\/2022\/03\/modele-do-druku3D-od-Omni3D-1024x422.png 1024w, https:\/\/omni3d.com\/shop\/wp-content\/uploads\/2022\/03\/modele-do-druku3D-od-Omni3D-768x317.png 768w, https:\/\/omni3d.com\/shop\/wp-content\/uploads\/2022\/03\/modele-do-druku3D-od-Omni3D-1536x634.png 1536w, https:\/\/omni3d.com\/shop\/wp-content\/uploads\/2022\/03\/modele-do-druku3D-od-Omni3D-600x248.png 600w, https:\/\/omni3d.com\/shop\/wp-content\/uploads\/2022\/03\/modele-do-druku3D-od-Omni3D.png 1549w\" sizes=\"(max-width: 300px) 100vw, 300px\" \/>[\/vc_column_text][\/vc_column][vc_column width=&#8221;1\/2&#8243;][vc_column_text text_larger=&#8221;no&#8221; woodmart_inline=&#8221;no&#8221;]<strong>Filmy i prezentacje<\/strong><\/p>\n<p>Dost\u0119p do ponad 24 film\u00f3w ze szczeg\u00f3\u0142owymi intrukcjami dla u\u017cykownik\u00f3w. W strefie dydaktycznej u\u017cytownik znajdzie odpowiedzi na pytania dotycz\u0105ce konserwacji drukarki, ustawie\u0144 druku, przygotowania plik\u00f3w b\u0105d\u017a technicznych aspetk\u00f3w drukarki OmniSTART \/ Omni200.<\/p>\n<p><img loading=\"lazy\" class=\"alignnone size-medium wp-image-4981\" src=\"https:\/\/omni3d.com\/shop\/wp-content\/uploads\/2022\/03\/FIlmy-edukacyjne-druk-3D-300x163.png\" alt=\"\" width=\"300\" height=\"163\" srcset=\"https:\/\/omni3d.com\/shop\/wp-content\/uploads\/2022\/03\/FIlmy-edukacyjne-druk-3D-300x163.png 300w, https:\/\/omni3d.com\/shop\/wp-content\/uploads\/2022\/03\/FIlmy-edukacyjne-druk-3D-1024x556.png 1024w, https:\/\/omni3d.com\/shop\/wp-content\/uploads\/2022\/03\/FIlmy-edukacyjne-druk-3D-768x417.png 768w, https:\/\/omni3d.com\/shop\/wp-content\/uploads\/2022\/03\/FIlmy-edukacyjne-druk-3D-600x326.png 600w, https:\/\/omni3d.com\/shop\/wp-content\/uploads\/2022\/03\/FIlmy-edukacyjne-druk-3D.png 1221w\" sizes=\"(max-width: 300px) 100vw, 300px\" \/>[\/vc_column_text][\/vc_column][\/vc_row][vc_row][vc_column][vc_empty_space woodmart_hide_large=&#8221;0&#8243; woodmart_hide_medium=&#8221;0&#8243; woodmart_hide_small=&#8221;0&#8243; woodmart_hide_extra_small=&#8221;0&#8243;][\/vc_column][\/vc_row][vc_row][vc_column width=&#8221;1\/2&#8243;][vc_column_text text_larger=&#8221;no&#8221; woodmart_inline=&#8221;no&#8221;]<b>FAQ\u00a0<\/b><\/p>\n<p>Odpowiedzi na najcz\u0119\u015bciej zadawane pytania przez u\u017cytkownik\u00f3w &#8211; na bie\u017c\u0105co uzupe\u0142niane i aktualizowane o najnowsze zmiany w drukarkach 3D. Od czego zale\u017cy czas druku? Jak za\u0142adowa\u0107 filament? Gdzie ustawi\u0107 drukark\u0119? &#8211; na te pytnia odpowiadaj\u0105 specjali\u015bci Omni3D<\/p>\n<p><img loading=\"lazy\" class=\"alignnone size-medium wp-image-4980\" src=\"https:\/\/omni3d.com\/shop\/wp-content\/uploads\/2022\/03\/Strefa-dydaktyczna-Omni3D-300x150.png\" alt=\"\" width=\"300\" height=\"150\" srcset=\"https:\/\/omni3d.com\/shop\/wp-content\/uploads\/2022\/03\/Strefa-dydaktyczna-Omni3D-300x150.png 300w, https:\/\/omni3d.com\/shop\/wp-content\/uploads\/2022\/03\/Strefa-dydaktyczna-Omni3D-1024x513.png 1024w, https:\/\/omni3d.com\/shop\/wp-content\/uploads\/2022\/03\/Strefa-dydaktyczna-Omni3D-768x384.png 768w, https:\/\/omni3d.com\/shop\/wp-content\/uploads\/2022\/03\/Strefa-dydaktyczna-Omni3D-1536x769.png 1536w, https:\/\/omni3d.com\/shop\/wp-content\/uploads\/2022\/03\/Strefa-dydaktyczna-Omni3D-600x300.png 600w, https:\/\/omni3d.com\/shop\/wp-content\/uploads\/2022\/03\/Strefa-dydaktyczna-Omni3D.png 1572w\" sizes=\"(max-width: 300px) 100vw, 300px\" \/>[\/vc_column_text][\/vc_column][vc_column width=&#8221;1\/2&#8243;][vc_column_text text_larger=&#8221;no&#8221; woodmart_inline=&#8221;no&#8221;]<strong><span class=\"JsGRdQ\">Innowacyjny spos\u00f3b prowadzenia lekcji<\/span><\/strong><\/p>\n<ul>\n<li><span class=\"JsGRdQ\">Zabawa i jednocze\u015bnie nauka<\/span><\/li>\n<\/ul>\n<p class=\"_04xlpA direction-ltr align-start para-style-body\"><span class=\"JsGRdQ\">Spersonalizowane pomoce naukowe wychodz\u0105 naprzeciw oczekiwaniom i potrzebom szk\u00f3\u0142 podstawowych. Program nauczania zmienia si\u0119, uczniowie do wyboru maj\u0105 coraz wi\u0119cej zaj\u0119\u0107 dydaktycznych, dzi\u0119ki kt\u00f3rym nabywaj\u0105 konkretnych umiej\u0119tno\u015bci.<\/span><\/p>\n<p><img loading=\"lazy\" class=\"alignnone size-medium wp-image-4984\" src=\"https:\/\/omni3d.com\/shop\/wp-content\/uploads\/2022\/03\/media-Omni3D-300x166.png\" alt=\"\" width=\"300\" height=\"166\" srcset=\"https:\/\/omni3d.com\/shop\/wp-content\/uploads\/2022\/03\/media-Omni3D-300x166.png 300w, https:\/\/omni3d.com\/shop\/wp-content\/uploads\/2022\/03\/media-Omni3D-600x332.png 600w, https:\/\/omni3d.com\/shop\/wp-content\/uploads\/2022\/03\/media-Omni3D.png 612w\" sizes=\"(max-width: 300px) 100vw, 300px\" \/>[\/vc_column_text][\/vc_column][\/vc_row][vc_row][vc_column][vc_empty_space woodmart_hide_large=&#8221;0&#8243; woodmart_hide_medium=&#8221;0&#8243; woodmart_hide_small=&#8221;0&#8243; woodmart_hide_extra_small=&#8221;0&#8243;][\/vc_column][\/vc_row]<\/p>\n","protected":false},"excerpt":{"rendered":"<h2>Dost\u0119p (kod do rejestracji) do strefy dydaktycznej Omni3D<\/h2>\n<p>Platforma edukacyjna Omni3D to kompedium wiedzy dla os\u00f3b rozpoczynaj\u0105cych swoj\u0105 przygod\u0119 z drukiem 3D<br \/>\nU\u017cytkownik po rejestracji otrzymuje dost\u0119p do bazy wiedzy: film\u00f3w \/ prezentacji \/ modeli do druku 3D<br \/>\nwraz ze szczeg\u00f3\u0142owymi instrukcjami &#8211; krok po kroku z pierwsz\u0105 drukark\u0105 3D od Omni3D<br \/>\nPlatforma przygotowana z my\u015bl\u0105 o u\u017cykownikach drukarek <a href=\"https:\/\/omni3d.com\/shop\/pl\/produkt\/drukarka-3d-omnistart-edycja-specjalna-laboratoria-przyszlosci-pla-36-1kg-gratis\/\">OmniSTART<\/a> \/<a href=\"https:\/\/omni3d.com\/shop\/pl\/produkt\/omni200\/\"> Omni200<\/a><\/p>\n","protected":false},"featured_media":4982,"template":"","meta":[],"product_cat":[125,129,72],"product_tag":[],"yoast_head":"<!-- This site is optimized with the Yoast SEO plugin v18.6 - https:\/\/yoast.com\/wordpress\/plugins\/seo\/ -->\n<title>Drukarka 3D Dost\u0119p do strefy dydaktycznej - platforma edukacyjna Laboratoria Przysz\u0142o\u015bci Sklep \/ Cena 2021 i Opinie \/ Gdzie kupi\u0107?<\/title>\n<meta name=\"robots\" content=\"index, follow, max-snippet:-1, max-image-preview:large, max-video-preview:-1\" \/>\n<link rel=\"canonical\" href=\"https:\/\/omni3d.com\/shop\/pl\/produkt\/dostep-do-strefy-dydaktycznej-platforma-edukacyjna-laboratoria-przyszlosci\/\" \/>\n<meta property=\"og:locale\" content=\"pl_PL\" \/>\n<meta property=\"og:type\" content=\"article\" \/>\n<meta property=\"og:title\" content=\"Drukarka 3D Dost\u0119p do strefy dydaktycznej - platforma edukacyjna Laboratoria Przysz\u0142o\u015bci Sklep \/ Cena 2021 i Opinie \/ Gdzie kupi\u0107?\" \/>\n<meta property=\"og:description\" content=\"Dost\u0119p (kod do rejestracji) do strefy dydaktycznej Omni3D Platforma edukacyjna Omni3D to kompedium wiedzy dla os\u00f3b rozpoczynaj\u0105cych swoj\u0105 przygod\u0119 z drukiem 3D U\u017cytkownik po rejestracji otrzymuje dost\u0119p do bazy wiedzy: film\u00f3w \/ prezentacji \/ modeli do druku 3D wraz ze szczeg\u00f3\u0142owymi instrukcjami - krok po kroku z pierwsz\u0105 drukark\u0105 3D od Omni3D Platforma przygotowana z my\u015bl\u0105 o u\u017cykownikach drukarek OmniSTART \/ Omni200\" \/>\n<meta property=\"og:url\" content=\"https:\/\/omni3d.com\/shop\/pl\/produkt\/dostep-do-strefy-dydaktycznej-platforma-edukacyjna-laboratoria-przyszlosci\/\" \/>\n<meta property=\"og:site_name\" content=\"Omni3D\" \/>\n<meta property=\"article:modified_time\" content=\"2022-03-23T11:31:18+00:00\" \/>\n<meta property=\"og:image\" content=\"https:\/\/omni3d.com\/shop\/wp-content\/uploads\/2022\/03\/Dostep-do-strefy-dydaktycznej-platforma-edukacyjna-Laboratoria-Przyszlosci.png\" \/>\n\t<meta property=\"og:image:width\" content=\"940\" \/>\n\t<meta property=\"og:image:height\" content=\"788\" \/>\n\t<meta property=\"og:image:type\" content=\"image\/png\" \/>\n<meta name=\"twitter:card\" content=\"summary_large_image\" \/>\n<meta name=\"twitter:label1\" content=\"Szacowany czas czytania\" \/>\n\t<meta name=\"twitter:data1\" content=\"3 minuty\" \/>\n<script type=\"application\/ld+json\" class=\"yoast-schema-graph\">{\"@context\":\"https:\/\/schema.org\",\"@graph\":[{\"@type\":\"Organization\",\"@id\":\"https:\/\/omni3d.com\/shop\/#organization\",\"name\":\"Sklep Omni3D \/ Filamenty 3D, Drukarki 3D, Cz\u0119\u015bci zamienne\",\"url\":\"https:\/\/omni3d.com\/shop\/\",\"sameAs\":[],\"logo\":{\"@type\":\"ImageObject\",\"@id\":\"https:\/\/omni3d.com\/shop\/#logo\",\"inLanguage\":\"pl-PL\",\"url\":\"https:\/\/omni3d.com\/shop\/wp-content\/uploads\/2020\/06\/Omni3D-logo.svg\",\"contentUrl\":\"https:\/\/omni3d.com\/shop\/wp-content\/uploads\/2020\/06\/Omni3D-logo.svg\",\"width\":220,\"height\":102,\"caption\":\"Sklep Omni3D \/ Filamenty 3D, Drukarki 3D, Cz\u0119\u015bci zamienne\"},\"image\":{\"@id\":\"https:\/\/omni3d.com\/shop\/#logo\"}},{\"@type\":\"WebSite\",\"@id\":\"https:\/\/omni3d.com\/shop\/#website\",\"url\":\"https:\/\/omni3d.com\/shop\/\",\"name\":\"Omni3D\",\"description\":\"Omni3D - Drukarki 3D, Cz\u0119\u015bci zamienne, Filamenty\",\"publisher\":{\"@id\":\"https:\/\/omni3d.com\/shop\/#organization\"},\"potentialAction\":[{\"@type\":\"SearchAction\",\"target\":{\"@type\":\"EntryPoint\",\"urlTemplate\":\"https:\/\/omni3d.com\/shop\/?s={search_term_string}\"},\"query-input\":\"required name=search_term_string\"}],\"inLanguage\":\"pl-PL\"},{\"@type\":\"ImageObject\",\"@id\":\"https:\/\/omni3d.com\/shop\/pl\/produkt\/dostep-do-strefy-dydaktycznej-platforma-edukacyjna-laboratoria-przyszlosci\/#primaryimage\",\"inLanguage\":\"pl-PL\",\"url\":\"https:\/\/omni3d.com\/shop\/wp-content\/uploads\/2022\/03\/Dostep-do-strefy-dydaktycznej-platforma-edukacyjna-Laboratoria-Przyszlosci.png\",\"contentUrl\":\"https:\/\/omni3d.com\/shop\/wp-content\/uploads\/2022\/03\/Dostep-do-strefy-dydaktycznej-platforma-edukacyjna-Laboratoria-Przyszlosci.png\",\"width\":940,\"height\":788},{\"@type\":\"WebPage\",\"@id\":\"https:\/\/omni3d.com\/shop\/pl\/produkt\/dostep-do-strefy-dydaktycznej-platforma-edukacyjna-laboratoria-przyszlosci\/#webpage\",\"url\":\"https:\/\/omni3d.com\/shop\/pl\/produkt\/dostep-do-strefy-dydaktycznej-platforma-edukacyjna-laboratoria-przyszlosci\/\",\"name\":\"Drukarka 3D Dost\u0119p do strefy dydaktycznej - platforma edukacyjna Laboratoria Przysz\u0142o\u015bci Sklep \/ Cena 2021 i Opinie \/ Gdzie kupi\u0107?\",\"isPartOf\":{\"@id\":\"https:\/\/omni3d.com\/shop\/#website\"},\"primaryImageOfPage\":{\"@id\":\"https:\/\/omni3d.com\/shop\/pl\/produkt\/dostep-do-strefy-dydaktycznej-platforma-edukacyjna-laboratoria-przyszlosci\/#primaryimage\"},\"datePublished\":\"2022-03-23T10:28:50+00:00\",\"dateModified\":\"2022-03-23T11:31:18+00:00\",\"breadcrumb\":{\"@id\":\"https:\/\/omni3d.com\/shop\/pl\/produkt\/dostep-do-strefy-dydaktycznej-platforma-edukacyjna-laboratoria-przyszlosci\/#breadcrumb\"},\"inLanguage\":\"pl-PL\",\"potentialAction\":[{\"@type\":\"ReadAction\",\"target\":[\"https:\/\/omni3d.com\/shop\/pl\/produkt\/dostep-do-strefy-dydaktycznej-platforma-edukacyjna-laboratoria-przyszlosci\/\"]}]},{\"@type\":\"BreadcrumbList\",\"@id\":\"https:\/\/omni3d.com\/shop\/pl\/produkt\/dostep-do-strefy-dydaktycznej-platforma-edukacyjna-laboratoria-przyszlosci\/#breadcrumb\",\"itemListElement\":[{\"@type\":\"ListItem\",\"position\":1,\"name\":\"Homepage\",\"item\":\"https:\/\/omni3d.com\/shop\/pl\/\"},{\"@type\":\"ListItem\",\"position\":2,\"name\":\"Sklep\",\"item\":\"https:\/\/omni3d.com\/shop\/pl\/sklep\/\"},{\"@type\":\"ListItem\",\"position\":3,\"name\":\"Dost\u0119p do strefy dydaktycznej &#8211; platforma edukacyjna Laboratoria Przysz\u0142o\u015bci\"}]}]}<\/script>\n<!-- \/ Yoast SEO plugin. -->","yoast_head_json":{"title":"Drukarka 3D Dost\u0119p do strefy dydaktycznej - platforma edukacyjna Laboratoria Przysz\u0142o\u015bci Sklep \/ Cena 2021 i Opinie \/ Gdzie kupi\u0107?","robots":{"index":"index","follow":"follow","max-snippet":"max-snippet:-1","max-image-preview":"max-image-preview:large","max-video-preview":"max-video-preview:-1"},"canonical":"https:\/\/omni3d.com\/shop\/pl\/produkt\/dostep-do-strefy-dydaktycznej-platforma-edukacyjna-laboratoria-przyszlosci\/","og_locale":"pl_PL","og_type":"article","og_title":"Drukarka 3D Dost\u0119p do strefy dydaktycznej - platforma edukacyjna Laboratoria Przysz\u0142o\u015bci Sklep \/ Cena 2021 i Opinie \/ Gdzie kupi\u0107?","og_description":"Dost\u0119p (kod do rejestracji) do strefy dydaktycznej Omni3D Platforma edukacyjna Omni3D to kompedium wiedzy dla os\u00f3b rozpoczynaj\u0105cych swoj\u0105 przygod\u0119 z drukiem 3D U\u017cytkownik po rejestracji otrzymuje dost\u0119p do bazy wiedzy: film\u00f3w \/ prezentacji \/ modeli do druku 3D wraz ze szczeg\u00f3\u0142owymi instrukcjami - krok po kroku z pierwsz\u0105 drukark\u0105 3D od Omni3D Platforma przygotowana z my\u015bl\u0105 o u\u017cykownikach drukarek OmniSTART \/ Omni200","og_url":"https:\/\/omni3d.com\/shop\/pl\/produkt\/dostep-do-strefy-dydaktycznej-platforma-edukacyjna-laboratoria-przyszlosci\/","og_site_name":"Omni3D","article_modified_time":"2022-03-23T11:31:18+00:00","og_image":[{"width":940,"height":788,"url":"https:\/\/omni3d.com\/shop\/wp-content\/uploads\/2022\/03\/Dostep-do-strefy-dydaktycznej-platforma-edukacyjna-Laboratoria-Przyszlosci.png","type":"image\/png"}],"twitter_card":"summary_large_image","twitter_misc":{"Szacowany czas czytania":"3 minuty"},"schema":{"@context":"https:\/\/schema.org","@graph":[{"@type":"Organization","@id":"https:\/\/omni3d.com\/shop\/#organization","name":"Sklep Omni3D \/ Filamenty 3D, Drukarki 3D, Cz\u0119\u015bci zamienne","url":"https:\/\/omni3d.com\/shop\/","sameAs":[],"logo":{"@type":"ImageObject","@id":"https:\/\/omni3d.com\/shop\/#logo","inLanguage":"pl-PL","url":"https:\/\/omni3d.com\/shop\/wp-content\/uploads\/2020\/06\/Omni3D-logo.svg","contentUrl":"https:\/\/omni3d.com\/shop\/wp-content\/uploads\/2020\/06\/Omni3D-logo.svg","width":220,"height":102,"caption":"Sklep Omni3D \/ Filamenty 3D, Drukarki 3D, Cz\u0119\u015bci zamienne"},"image":{"@id":"https:\/\/omni3d.com\/shop\/#logo"}},{"@type":"WebSite","@id":"https:\/\/omni3d.com\/shop\/#website","url":"https:\/\/omni3d.com\/shop\/","name":"Omni3D","description":"Omni3D - Drukarki 3D, Cz\u0119\u015bci zamienne, Filamenty","publisher":{"@id":"https:\/\/omni3d.com\/shop\/#organization"},"potentialAction":[{"@type":"SearchAction","target":{"@type":"EntryPoint","urlTemplate":"https:\/\/omni3d.com\/shop\/?s={search_term_string}"},"query-input":"required name=search_term_string"}],"inLanguage":"pl-PL"},{"@type":"ImageObject","@id":"https:\/\/omni3d.com\/shop\/pl\/produkt\/dostep-do-strefy-dydaktycznej-platforma-edukacyjna-laboratoria-przyszlosci\/#primaryimage","inLanguage":"pl-PL","url":"https:\/\/omni3d.com\/shop\/wp-content\/uploads\/2022\/03\/Dostep-do-strefy-dydaktycznej-platforma-edukacyjna-Laboratoria-Przyszlosci.png","contentUrl":"https:\/\/omni3d.com\/shop\/wp-content\/uploads\/2022\/03\/Dostep-do-strefy-dydaktycznej-platforma-edukacyjna-Laboratoria-Przyszlosci.png","width":940,"height":788},{"@type":"WebPage","@id":"https:\/\/omni3d.com\/shop\/pl\/produkt\/dostep-do-strefy-dydaktycznej-platforma-edukacyjna-laboratoria-przyszlosci\/#webpage","url":"https:\/\/omni3d.com\/shop\/pl\/produkt\/dostep-do-strefy-dydaktycznej-platforma-edukacyjna-laboratoria-przyszlosci\/","name":"Drukarka 3D Dost\u0119p do strefy dydaktycznej - platforma edukacyjna Laboratoria Przysz\u0142o\u015bci Sklep \/ Cena 2021 i Opinie \/ Gdzie kupi\u0107?","isPartOf":{"@id":"https:\/\/omni3d.com\/shop\/#website"},"primaryImageOfPage":{"@id":"https:\/\/omni3d.com\/shop\/pl\/produkt\/dostep-do-strefy-dydaktycznej-platforma-edukacyjna-laboratoria-przyszlosci\/#primaryimage"},"datePublished":"2022-03-23T10:28:50+00:00","dateModified":"2022-03-23T11:31:18+00:00","breadcrumb":{"@id":"https:\/\/omni3d.com\/shop\/pl\/produkt\/dostep-do-strefy-dydaktycznej-platforma-edukacyjna-laboratoria-przyszlosci\/#breadcrumb"},"inLanguage":"pl-PL","potentialAction":[{"@type":"ReadAction","target":["https:\/\/omni3d.com\/shop\/pl\/produkt\/dostep-do-strefy-dydaktycznej-platforma-edukacyjna-laboratoria-przyszlosci\/"]}]},{"@type":"BreadcrumbList","@id":"https:\/\/omni3d.com\/shop\/pl\/produkt\/dostep-do-strefy-dydaktycznej-platforma-edukacyjna-laboratoria-przyszlosci\/#breadcrumb","itemListElement":[{"@type":"ListItem","position":1,"name":"Homepage","item":"https:\/\/omni3d.com\/shop\/pl\/"},{"@type":"ListItem","position":2,"name":"Sklep","item":"https:\/\/omni3d.com\/shop\/pl\/sklep\/"},{"@type":"ListItem","position":3,"name":"Dost\u0119p do strefy dydaktycznej &#8211; platforma edukacyjna Laboratoria Przysz\u0142o\u015bci"}]}]}},"lang":"pl","translations":{"pl":4977},"pll_sync_post":[],"_links":{"self":[{"href":"https:\/\/omni3d.com\/shop\/wp-json\/wp\/v2\/product\/4977"}],"collection":[{"href":"https:\/\/omni3d.com\/shop\/wp-json\/wp\/v2\/product"}],"about":[{"href":"https:\/\/omni3d.com\/shop\/wp-json\/wp\/v2\/types\/product"}],"wp:featuredmedia":[{"embeddable":true,"href":"https:\/\/omni3d.com\/shop\/wp-json\/wp\/v2\/media\/4982"}],"wp:attachment":[{"href":"https:\/\/omni3d.com\/shop\/wp-json\/wp\/v2\/media?parent=4977"}],"wp:term":[{"taxonomy":"product_cat","embeddable":true,"href":"https:\/\/omni3d.com\/shop\/wp-json\/wp\/v2\/product_cat?post=4977"},{"taxonomy":"product_tag","embeddable":true,"href":"https:\/\/omni3d.com\/shop\/wp-json\/wp\/v2\/product_tag?post=4977"}],"curies":[{"name":"wp","href":"https:\/\/api.w.org\/{rel}","templated":true}]}}