{"id":5033,"date":"2022-04-08T12:16:47","date_gmt":"2022-04-08T10:16:47","guid":{"rendered":"https:\/\/omni3d.com\/shop\/?post_type=product&#038;p=5033"},"modified":"2024-01-30T11:09:51","modified_gmt":"2024-01-30T10:09:51","slug":"modul-glowicy-dysza-mosiezna-z-lacznikiem-tytanowym-factory-2-0-net","status":"publish","type":"product","link":"https:\/\/omni3d.com\/shop\/pl\/produkt\/modul-glowicy-dysza-mosiezna-z-lacznikiem-tytanowym-factory-2-0-net\/","title":{"rendered":"Modu\u0142 g\u0142owicy: dysza mosi\u0119\u017cna z \u0142\u0105cznikiem tytanowym- Factory 2.0 NET"},"content":{"rendered":"<p>[vc_row content_placement=&#8221;top&#8221;][vc_column width=&#8221;1\/2&#8243;][vc_column_text text_larger=&#8221;no&#8221; woodmart_inline=&#8221;no&#8221;]Modu\u0142 g\u0142owicy: dysza mosi\u0119\u017cna z \u0142\u0105cznikiem tytanowym.<br \/>\nKompatybilna z drukark\u0105:<strong> Factory 2.0 NET<\/strong><\/p>\n<p>Modu\u0142 g\u0142owicy: \u0142\u0105cznik tytanowy, dysza mosi\u0119\u017cna<\/p>\n<p>Do wyboru w opcji: 0,4 \/ 0,6 \/ 0,8 mm[\/vc_column_text][\/vc_column][vc_column width=&#8221;1\/2&#8243; css=&#8221;.vc_custom_1490694541710{padding-top: 0px !important;}&#8221;][\/vc_column][\/vc_row]<\/p>\n","protected":false},"excerpt":{"rendered":"<p>Modu\u0142 g\u0142owicy mosi\u0119\u017cny z \u0142\u0105cznikiem tytanowym- Factory 2.0 NET<br \/>\n\u015arednica 0,4 \/ 0,6 \/ 0,8<\/p>\n","protected":false},"featured_media":3582,"template":"","meta":[],"product_cat":[135,73],"product_tag":[],"yoast_head":"<!-- This site is optimized with the Yoast SEO plugin v18.6 - https:\/\/yoast.com\/wordpress\/plugins\/seo\/ -->\n<title>Modu\u0142 g\u0142owicy: dysza mosi\u0119\u017cna z \u0142\u0105cznikiem tytanowym- Factory 2.0 NET Sklep \/ Cena 2021 i Opinie \/ Gdzie kupi\u0107?<\/title>\n<meta name=\"robots\" content=\"index, follow, max-snippet:-1, max-image-preview:large, max-video-preview:-1\" \/>\n<link rel=\"canonical\" href=\"https:\/\/omni3d.com\/shop\/pl\/produkt\/modul-glowicy-dysza-mosiezna-z-lacznikiem-tytanowym-factory-2-0-net\/\" \/>\n<meta property=\"og:locale\" content=\"pl_PL\" \/>\n<meta property=\"og:type\" content=\"article\" \/>\n<meta property=\"og:title\" content=\"Modu\u0142 g\u0142owicy: dysza mosi\u0119\u017cna z \u0142\u0105cznikiem tytanowym- Factory 2.0 NET Sklep \/ Cena 2021 i Opinie \/ Gdzie kupi\u0107?\" \/>\n<meta property=\"og:description\" content=\"Modu\u0142 g\u0142owicy mosi\u0119\u017cny z \u0142\u0105cznikiem tytanowym- Factory 2.0 NET \u015arednica 0,4 \/ 0,6 \/ 0,8\" \/>\n<meta property=\"og:url\" content=\"https:\/\/omni3d.com\/shop\/pl\/produkt\/modul-glowicy-dysza-mosiezna-z-lacznikiem-tytanowym-factory-2-0-net\/\" \/>\n<meta property=\"og:site_name\" content=\"Omni3D\" \/>\n<meta property=\"article:modified_time\" content=\"2024-01-30T10:09:51+00:00\" \/>\n<meta property=\"og:image\" content=\"https:\/\/omni3d.com\/shop\/wp-content\/uploads\/2020\/10\/50561071307_975f81bbba_c.jpg\" \/>\n\t<meta property=\"og:image:width\" content=\"800\" \/>\n\t<meta property=\"og:image:height\" content=\"800\" \/>\n\t<meta property=\"og:image:type\" content=\"image\/jpeg\" \/>\n<meta name=\"twitter:card\" content=\"summary_large_image\" \/>\n<meta name=\"twitter:label1\" content=\"Szacowany czas czytania\" \/>\n\t<meta name=\"twitter:data1\" content=\"1 minuta\" \/>\n<script type=\"application\/ld+json\" class=\"yoast-schema-graph\">{\"@context\":\"https:\/\/schema.org\",\"@graph\":[{\"@type\":\"Organization\",\"@id\":\"https:\/\/omni3d.com\/shop\/#organization\",\"name\":\"Sklep Omni3D \/ Filamenty 3D, Drukarki 3D, Cz\u0119\u015bci zamienne\",\"url\":\"https:\/\/omni3d.com\/shop\/\",\"sameAs\":[],\"logo\":{\"@type\":\"ImageObject\",\"@id\":\"https:\/\/omni3d.com\/shop\/#logo\",\"inLanguage\":\"pl-PL\",\"url\":\"https:\/\/omni3d.com\/shop\/wp-content\/uploads\/2020\/06\/Omni3D-logo.svg\",\"contentUrl\":\"https:\/\/omni3d.com\/shop\/wp-content\/uploads\/2020\/06\/Omni3D-logo.svg\",\"width\":220,\"height\":102,\"caption\":\"Sklep Omni3D \/ Filamenty 3D, Drukarki 3D, Cz\u0119\u015bci zamienne\"},\"image\":{\"@id\":\"https:\/\/omni3d.com\/shop\/#logo\"}},{\"@type\":\"WebSite\",\"@id\":\"https:\/\/omni3d.com\/shop\/#website\",\"url\":\"https:\/\/omni3d.com\/shop\/\",\"name\":\"Omni3D\",\"description\":\"Omni3D - Drukarki 3D, Cz\u0119\u015bci zamienne, Filamenty\",\"publisher\":{\"@id\":\"https:\/\/omni3d.com\/shop\/#organization\"},\"potentialAction\":[{\"@type\":\"SearchAction\",\"target\":{\"@type\":\"EntryPoint\",\"urlTemplate\":\"https:\/\/omni3d.com\/shop\/?s={search_term_string}\"},\"query-input\":\"required name=search_term_string\"}],\"inLanguage\":\"pl-PL\"},{\"@type\":\"ImageObject\",\"@id\":\"https:\/\/omni3d.com\/shop\/pl\/produkt\/modul-glowicy-dysza-mosiezna-z-lacznikiem-tytanowym-factory-2-0-net\/#primaryimage\",\"inLanguage\":\"pl-PL\",\"url\":\"https:\/\/omni3d.com\/shop\/wp-content\/uploads\/2020\/10\/50561071307_975f81bbba_c.jpg\",\"contentUrl\":\"https:\/\/omni3d.com\/shop\/wp-content\/uploads\/2020\/10\/50561071307_975f81bbba_c.jpg\",\"width\":800,\"height\":800},{\"@type\":\"WebPage\",\"@id\":\"https:\/\/omni3d.com\/shop\/pl\/produkt\/modul-glowicy-dysza-mosiezna-z-lacznikiem-tytanowym-factory-2-0-net\/#webpage\",\"url\":\"https:\/\/omni3d.com\/shop\/pl\/produkt\/modul-glowicy-dysza-mosiezna-z-lacznikiem-tytanowym-factory-2-0-net\/\",\"name\":\"Modu\u0142 g\u0142owicy: dysza mosi\u0119\u017cna z \u0142\u0105cznikiem tytanowym- Factory 2.0 NET Sklep \/ Cena 2021 i Opinie \/ Gdzie kupi\u0107?\",\"isPartOf\":{\"@id\":\"https:\/\/omni3d.com\/shop\/#website\"},\"primaryImageOfPage\":{\"@id\":\"https:\/\/omni3d.com\/shop\/pl\/produkt\/modul-glowicy-dysza-mosiezna-z-lacznikiem-tytanowym-factory-2-0-net\/#primaryimage\"},\"datePublished\":\"2022-04-08T10:16:47+00:00\",\"dateModified\":\"2024-01-30T10:09:51+00:00\",\"breadcrumb\":{\"@id\":\"https:\/\/omni3d.com\/shop\/pl\/produkt\/modul-glowicy-dysza-mosiezna-z-lacznikiem-tytanowym-factory-2-0-net\/#breadcrumb\"},\"inLanguage\":\"pl-PL\",\"potentialAction\":[{\"@type\":\"ReadAction\",\"target\":[\"https:\/\/omni3d.com\/shop\/pl\/produkt\/modul-glowicy-dysza-mosiezna-z-lacznikiem-tytanowym-factory-2-0-net\/\"]}]},{\"@type\":\"BreadcrumbList\",\"@id\":\"https:\/\/omni3d.com\/shop\/pl\/produkt\/modul-glowicy-dysza-mosiezna-z-lacznikiem-tytanowym-factory-2-0-net\/#breadcrumb\",\"itemListElement\":[{\"@type\":\"ListItem\",\"position\":1,\"name\":\"Homepage\",\"item\":\"https:\/\/omni3d.com\/shop\/pl\/\"},{\"@type\":\"ListItem\",\"position\":2,\"name\":\"Sklep\",\"item\":\"https:\/\/omni3d.com\/shop\/pl\/sklep\/\"},{\"@type\":\"ListItem\",\"position\":3,\"name\":\"Modu\u0142 g\u0142owicy: dysza mosi\u0119\u017cna z \u0142\u0105cznikiem tytanowym- Factory 2.0 NET\"}]}]}<\/script>\n<!-- \/ Yoast SEO plugin. -->","yoast_head_json":{"title":"Modu\u0142 g\u0142owicy: dysza mosi\u0119\u017cna z \u0142\u0105cznikiem tytanowym- Factory 2.0 NET Sklep \/ Cena 2021 i Opinie \/ Gdzie kupi\u0107?","robots":{"index":"index","follow":"follow","max-snippet":"max-snippet:-1","max-image-preview":"max-image-preview:large","max-video-preview":"max-video-preview:-1"},"canonical":"https:\/\/omni3d.com\/shop\/pl\/produkt\/modul-glowicy-dysza-mosiezna-z-lacznikiem-tytanowym-factory-2-0-net\/","og_locale":"pl_PL","og_type":"article","og_title":"Modu\u0142 g\u0142owicy: dysza mosi\u0119\u017cna z \u0142\u0105cznikiem tytanowym- Factory 2.0 NET Sklep \/ Cena 2021 i Opinie \/ Gdzie kupi\u0107?","og_description":"Modu\u0142 g\u0142owicy mosi\u0119\u017cny z \u0142\u0105cznikiem tytanowym- Factory 2.0 NET \u015arednica 0,4 \/ 0,6 \/ 0,8","og_url":"https:\/\/omni3d.com\/shop\/pl\/produkt\/modul-glowicy-dysza-mosiezna-z-lacznikiem-tytanowym-factory-2-0-net\/","og_site_name":"Omni3D","article_modified_time":"2024-01-30T10:09:51+00:00","og_image":[{"width":800,"height":800,"url":"https:\/\/omni3d.com\/shop\/wp-content\/uploads\/2020\/10\/50561071307_975f81bbba_c.jpg","type":"image\/jpeg"}],"twitter_card":"summary_large_image","twitter_misc":{"Szacowany czas czytania":"1 minuta"},"schema":{"@context":"https:\/\/schema.org","@graph":[{"@type":"Organization","@id":"https:\/\/omni3d.com\/shop\/#organization","name":"Sklep Omni3D \/ Filamenty 3D, Drukarki 3D, Cz\u0119\u015bci zamienne","url":"https:\/\/omni3d.com\/shop\/","sameAs":[],"logo":{"@type":"ImageObject","@id":"https:\/\/omni3d.com\/shop\/#logo","inLanguage":"pl-PL","url":"https:\/\/omni3d.com\/shop\/wp-content\/uploads\/2020\/06\/Omni3D-logo.svg","contentUrl":"https:\/\/omni3d.com\/shop\/wp-content\/uploads\/2020\/06\/Omni3D-logo.svg","width":220,"height":102,"caption":"Sklep Omni3D \/ Filamenty 3D, Drukarki 3D, Cz\u0119\u015bci zamienne"},"image":{"@id":"https:\/\/omni3d.com\/shop\/#logo"}},{"@type":"WebSite","@id":"https:\/\/omni3d.com\/shop\/#website","url":"https:\/\/omni3d.com\/shop\/","name":"Omni3D","description":"Omni3D - Drukarki 3D, Cz\u0119\u015bci zamienne, Filamenty","publisher":{"@id":"https:\/\/omni3d.com\/shop\/#organization"},"potentialAction":[{"@type":"SearchAction","target":{"@type":"EntryPoint","urlTemplate":"https:\/\/omni3d.com\/shop\/?s={search_term_string}"},"query-input":"required name=search_term_string"}],"inLanguage":"pl-PL"},{"@type":"ImageObject","@id":"https:\/\/omni3d.com\/shop\/pl\/produkt\/modul-glowicy-dysza-mosiezna-z-lacznikiem-tytanowym-factory-2-0-net\/#primaryimage","inLanguage":"pl-PL","url":"https:\/\/omni3d.com\/shop\/wp-content\/uploads\/2020\/10\/50561071307_975f81bbba_c.jpg","contentUrl":"https:\/\/omni3d.com\/shop\/wp-content\/uploads\/2020\/10\/50561071307_975f81bbba_c.jpg","width":800,"height":800},{"@type":"WebPage","@id":"https:\/\/omni3d.com\/shop\/pl\/produkt\/modul-glowicy-dysza-mosiezna-z-lacznikiem-tytanowym-factory-2-0-net\/#webpage","url":"https:\/\/omni3d.com\/shop\/pl\/produkt\/modul-glowicy-dysza-mosiezna-z-lacznikiem-tytanowym-factory-2-0-net\/","name":"Modu\u0142 g\u0142owicy: dysza mosi\u0119\u017cna z \u0142\u0105cznikiem tytanowym- Factory 2.0 NET Sklep \/ Cena 2021 i Opinie \/ Gdzie kupi\u0107?","isPartOf":{"@id":"https:\/\/omni3d.com\/shop\/#website"},"primaryImageOfPage":{"@id":"https:\/\/omni3d.com\/shop\/pl\/produkt\/modul-glowicy-dysza-mosiezna-z-lacznikiem-tytanowym-factory-2-0-net\/#primaryimage"},"datePublished":"2022-04-08T10:16:47+00:00","dateModified":"2024-01-30T10:09:51+00:00","breadcrumb":{"@id":"https:\/\/omni3d.com\/shop\/pl\/produkt\/modul-glowicy-dysza-mosiezna-z-lacznikiem-tytanowym-factory-2-0-net\/#breadcrumb"},"inLanguage":"pl-PL","potentialAction":[{"@type":"ReadAction","target":["https:\/\/omni3d.com\/shop\/pl\/produkt\/modul-glowicy-dysza-mosiezna-z-lacznikiem-tytanowym-factory-2-0-net\/"]}]},{"@type":"BreadcrumbList","@id":"https:\/\/omni3d.com\/shop\/pl\/produkt\/modul-glowicy-dysza-mosiezna-z-lacznikiem-tytanowym-factory-2-0-net\/#breadcrumb","itemListElement":[{"@type":"ListItem","position":1,"name":"Homepage","item":"https:\/\/omni3d.com\/shop\/pl\/"},{"@type":"ListItem","position":2,"name":"Sklep","item":"https:\/\/omni3d.com\/shop\/pl\/sklep\/"},{"@type":"ListItem","position":3,"name":"Modu\u0142 g\u0142owicy: dysza mosi\u0119\u017cna z \u0142\u0105cznikiem tytanowym- Factory 2.0 NET"}]}]}},"lang":"pl","translations":{"pl":5033,"en":5034},"pll_sync_post":[],"_links":{"self":[{"href":"https:\/\/omni3d.com\/shop\/wp-json\/wp\/v2\/product\/5033"}],"collection":[{"href":"https:\/\/omni3d.com\/shop\/wp-json\/wp\/v2\/product"}],"about":[{"href":"https:\/\/omni3d.com\/shop\/wp-json\/wp\/v2\/types\/product"}],"wp:featuredmedia":[{"embeddable":true,"href":"https:\/\/omni3d.com\/shop\/wp-json\/wp\/v2\/media\/3582"}],"wp:attachment":[{"href":"https:\/\/omni3d.com\/shop\/wp-json\/wp\/v2\/media?parent=5033"}],"wp:term":[{"taxonomy":"product_cat","embeddable":true,"href":"https:\/\/omni3d.com\/shop\/wp-json\/wp\/v2\/product_cat?post=5033"},{"taxonomy":"product_tag","embeddable":true,"href":"https:\/\/omni3d.com\/shop\/wp-json\/wp\/v2\/product_tag?post=5033"}],"curies":[{"name":"wp","href":"https:\/\/api.w.org\/{rel}","templated":true}]}}