{"id":5235,"date":"2022-05-18T10:16:29","date_gmt":"2022-05-18T08:16:29","guid":{"rendered":"https:\/\/omni3d.com\/shop\/?post_type=product&#038;p=5235"},"modified":"2022-09-09T15:16:09","modified_gmt":"2022-09-09T13:16:09","slug":"okulary","status":"publish","type":"product","link":"https:\/\/omni3d.com\/shop\/pl\/produkt\/okulary\/","title":{"rendered":"Okulary ochronne"},"content":{"rendered":"<p>Lekkie i wygodne okulary, ze sportowymi zausznikami, kt\u00f3rych ko\u0144c\u00f3wki wyposa\u017cono w zwi\u0119kszaj\u0105ce komfort noszenia mi\u0119kkie podk\u0142adki.<\/p>\n<p>Pojedyncza poliw\u0119glanowa szybka z pow\u0142ok\u0105 chroni przed zarysowaniami i przed zaparowaniem oraz daje 180-stopniowe pole widzenia.<\/p>\n<p>&nbsp;<\/p>\n","protected":false},"excerpt":{"rendered":"<p>Przezroczyste okulary ochronne do zastosowa\u0144 wewn\u0105trz budynk\u00f3w.<\/p>\n<p>&nbsp;<\/p>\n","protected":false},"featured_media":5237,"template":"","meta":[],"product_cat":[953],"product_tag":[],"yoast_head":"<!-- This site is optimized with the Yoast SEO plugin v18.6 - https:\/\/yoast.com\/wordpress\/plugins\/seo\/ -->\n<title>Okulary ochronne Sklep \/ Cena 2021 i Opinie \/ Gdzie kupi\u0107?<\/title>\n<meta name=\"robots\" content=\"index, follow, max-snippet:-1, max-image-preview:large, max-video-preview:-1\" \/>\n<link rel=\"canonical\" href=\"https:\/\/omni3d.com\/shop\/pl\/produkt\/okulary\/\" \/>\n<meta property=\"og:locale\" content=\"pl_PL\" \/>\n<meta property=\"og:type\" content=\"article\" \/>\n<meta property=\"og:title\" content=\"Okulary ochronne Sklep \/ Cena 2021 i Opinie \/ Gdzie kupi\u0107?\" \/>\n<meta property=\"og:description\" content=\"Przezroczyste okulary ochronne do zastosowa\u0144 wewn\u0105trz budynk\u00f3w.  &nbsp;\" \/>\n<meta property=\"og:url\" content=\"https:\/\/omni3d.com\/shop\/pl\/produkt\/okulary\/\" \/>\n<meta property=\"og:site_name\" content=\"Omni3D\" \/>\n<meta property=\"article:modified_time\" content=\"2022-09-09T13:16:09+00:00\" \/>\n<meta property=\"og:image\" content=\"https:\/\/omni3d.com\/shop\/wp-content\/uploads\/2022\/05\/okulary.jpg\" \/>\n\t<meta property=\"og:image:width\" content=\"2000\" \/>\n\t<meta property=\"og:image:height\" content=\"2000\" \/>\n\t<meta property=\"og:image:type\" content=\"image\/jpeg\" \/>\n<meta name=\"twitter:card\" content=\"summary_large_image\" \/>\n<meta name=\"twitter:label1\" content=\"Szacowany czas czytania\" \/>\n\t<meta name=\"twitter:data1\" content=\"1 minuta\" \/>\n<script type=\"application\/ld+json\" class=\"yoast-schema-graph\">{\"@context\":\"https:\/\/schema.org\",\"@graph\":[{\"@type\":\"Organization\",\"@id\":\"https:\/\/omni3d.com\/shop\/#organization\",\"name\":\"Sklep Omni3D \/ Filamenty 3D, Drukarki 3D, Cz\u0119\u015bci zamienne\",\"url\":\"https:\/\/omni3d.com\/shop\/\",\"sameAs\":[],\"logo\":{\"@type\":\"ImageObject\",\"@id\":\"https:\/\/omni3d.com\/shop\/#logo\",\"inLanguage\":\"pl-PL\",\"url\":\"https:\/\/omni3d.com\/shop\/wp-content\/uploads\/2020\/06\/Omni3D-logo.svg\",\"contentUrl\":\"https:\/\/omni3d.com\/shop\/wp-content\/uploads\/2020\/06\/Omni3D-logo.svg\",\"width\":220,\"height\":102,\"caption\":\"Sklep Omni3D \/ Filamenty 3D, Drukarki 3D, Cz\u0119\u015bci zamienne\"},\"image\":{\"@id\":\"https:\/\/omni3d.com\/shop\/#logo\"}},{\"@type\":\"WebSite\",\"@id\":\"https:\/\/omni3d.com\/shop\/#website\",\"url\":\"https:\/\/omni3d.com\/shop\/\",\"name\":\"Omni3D\",\"description\":\"Omni3D - Drukarki 3D, Cz\u0119\u015bci zamienne, Filamenty\",\"publisher\":{\"@id\":\"https:\/\/omni3d.com\/shop\/#organization\"},\"potentialAction\":[{\"@type\":\"SearchAction\",\"target\":{\"@type\":\"EntryPoint\",\"urlTemplate\":\"https:\/\/omni3d.com\/shop\/?s={search_term_string}\"},\"query-input\":\"required name=search_term_string\"}],\"inLanguage\":\"pl-PL\"},{\"@type\":\"ImageObject\",\"@id\":\"https:\/\/omni3d.com\/shop\/pl\/produkt\/okulary\/#primaryimage\",\"inLanguage\":\"pl-PL\",\"url\":\"https:\/\/omni3d.com\/shop\/wp-content\/uploads\/2022\/05\/okulary.jpg\",\"contentUrl\":\"https:\/\/omni3d.com\/shop\/wp-content\/uploads\/2022\/05\/okulary.jpg\",\"width\":2000,\"height\":2000},{\"@type\":\"WebPage\",\"@id\":\"https:\/\/omni3d.com\/shop\/pl\/produkt\/okulary\/#webpage\",\"url\":\"https:\/\/omni3d.com\/shop\/pl\/produkt\/okulary\/\",\"name\":\"Okulary ochronne Sklep \/ Cena 2021 i Opinie \/ Gdzie kupi\u0107?\",\"isPartOf\":{\"@id\":\"https:\/\/omni3d.com\/shop\/#website\"},\"primaryImageOfPage\":{\"@id\":\"https:\/\/omni3d.com\/shop\/pl\/produkt\/okulary\/#primaryimage\"},\"datePublished\":\"2022-05-18T08:16:29+00:00\",\"dateModified\":\"2022-09-09T13:16:09+00:00\",\"breadcrumb\":{\"@id\":\"https:\/\/omni3d.com\/shop\/pl\/produkt\/okulary\/#breadcrumb\"},\"inLanguage\":\"pl-PL\",\"potentialAction\":[{\"@type\":\"ReadAction\",\"target\":[\"https:\/\/omni3d.com\/shop\/pl\/produkt\/okulary\/\"]}]},{\"@type\":\"BreadcrumbList\",\"@id\":\"https:\/\/omni3d.com\/shop\/pl\/produkt\/okulary\/#breadcrumb\",\"itemListElement\":[{\"@type\":\"ListItem\",\"position\":1,\"name\":\"Homepage\",\"item\":\"https:\/\/omni3d.com\/shop\/pl\/\"},{\"@type\":\"ListItem\",\"position\":2,\"name\":\"Sklep\",\"item\":\"https:\/\/omni3d.com\/shop\/pl\/sklep\/\"},{\"@type\":\"ListItem\",\"position\":3,\"name\":\"Okulary ochronne\"}]}]}<\/script>\n<!-- \/ Yoast SEO plugin. -->","yoast_head_json":{"title":"Okulary ochronne Sklep \/ Cena 2021 i Opinie \/ Gdzie kupi\u0107?","robots":{"index":"index","follow":"follow","max-snippet":"max-snippet:-1","max-image-preview":"max-image-preview:large","max-video-preview":"max-video-preview:-1"},"canonical":"https:\/\/omni3d.com\/shop\/pl\/produkt\/okulary\/","og_locale":"pl_PL","og_type":"article","og_title":"Okulary ochronne Sklep \/ Cena 2021 i Opinie \/ Gdzie kupi\u0107?","og_description":"Przezroczyste okulary ochronne do zastosowa\u0144 wewn\u0105trz budynk\u00f3w.  &nbsp;","og_url":"https:\/\/omni3d.com\/shop\/pl\/produkt\/okulary\/","og_site_name":"Omni3D","article_modified_time":"2022-09-09T13:16:09+00:00","og_image":[{"width":2000,"height":2000,"url":"https:\/\/omni3d.com\/shop\/wp-content\/uploads\/2022\/05\/okulary.jpg","type":"image\/jpeg"}],"twitter_card":"summary_large_image","twitter_misc":{"Szacowany czas czytania":"1 minuta"},"schema":{"@context":"https:\/\/schema.org","@graph":[{"@type":"Organization","@id":"https:\/\/omni3d.com\/shop\/#organization","name":"Sklep Omni3D \/ Filamenty 3D, Drukarki 3D, Cz\u0119\u015bci zamienne","url":"https:\/\/omni3d.com\/shop\/","sameAs":[],"logo":{"@type":"ImageObject","@id":"https:\/\/omni3d.com\/shop\/#logo","inLanguage":"pl-PL","url":"https:\/\/omni3d.com\/shop\/wp-content\/uploads\/2020\/06\/Omni3D-logo.svg","contentUrl":"https:\/\/omni3d.com\/shop\/wp-content\/uploads\/2020\/06\/Omni3D-logo.svg","width":220,"height":102,"caption":"Sklep Omni3D \/ Filamenty 3D, Drukarki 3D, Cz\u0119\u015bci zamienne"},"image":{"@id":"https:\/\/omni3d.com\/shop\/#logo"}},{"@type":"WebSite","@id":"https:\/\/omni3d.com\/shop\/#website","url":"https:\/\/omni3d.com\/shop\/","name":"Omni3D","description":"Omni3D - Drukarki 3D, Cz\u0119\u015bci zamienne, Filamenty","publisher":{"@id":"https:\/\/omni3d.com\/shop\/#organization"},"potentialAction":[{"@type":"SearchAction","target":{"@type":"EntryPoint","urlTemplate":"https:\/\/omni3d.com\/shop\/?s={search_term_string}"},"query-input":"required name=search_term_string"}],"inLanguage":"pl-PL"},{"@type":"ImageObject","@id":"https:\/\/omni3d.com\/shop\/pl\/produkt\/okulary\/#primaryimage","inLanguage":"pl-PL","url":"https:\/\/omni3d.com\/shop\/wp-content\/uploads\/2022\/05\/okulary.jpg","contentUrl":"https:\/\/omni3d.com\/shop\/wp-content\/uploads\/2022\/05\/okulary.jpg","width":2000,"height":2000},{"@type":"WebPage","@id":"https:\/\/omni3d.com\/shop\/pl\/produkt\/okulary\/#webpage","url":"https:\/\/omni3d.com\/shop\/pl\/produkt\/okulary\/","name":"Okulary ochronne Sklep \/ Cena 2021 i Opinie \/ Gdzie kupi\u0107?","isPartOf":{"@id":"https:\/\/omni3d.com\/shop\/#website"},"primaryImageOfPage":{"@id":"https:\/\/omni3d.com\/shop\/pl\/produkt\/okulary\/#primaryimage"},"datePublished":"2022-05-18T08:16:29+00:00","dateModified":"2022-09-09T13:16:09+00:00","breadcrumb":{"@id":"https:\/\/omni3d.com\/shop\/pl\/produkt\/okulary\/#breadcrumb"},"inLanguage":"pl-PL","potentialAction":[{"@type":"ReadAction","target":["https:\/\/omni3d.com\/shop\/pl\/produkt\/okulary\/"]}]},{"@type":"BreadcrumbList","@id":"https:\/\/omni3d.com\/shop\/pl\/produkt\/okulary\/#breadcrumb","itemListElement":[{"@type":"ListItem","position":1,"name":"Homepage","item":"https:\/\/omni3d.com\/shop\/pl\/"},{"@type":"ListItem","position":2,"name":"Sklep","item":"https:\/\/omni3d.com\/shop\/pl\/sklep\/"},{"@type":"ListItem","position":3,"name":"Okulary ochronne"}]}]}},"lang":"pl","translations":{"pl":5235,"en":5236},"pll_sync_post":[],"_links":{"self":[{"href":"https:\/\/omni3d.com\/shop\/wp-json\/wp\/v2\/product\/5235"}],"collection":[{"href":"https:\/\/omni3d.com\/shop\/wp-json\/wp\/v2\/product"}],"about":[{"href":"https:\/\/omni3d.com\/shop\/wp-json\/wp\/v2\/types\/product"}],"wp:featuredmedia":[{"embeddable":true,"href":"https:\/\/omni3d.com\/shop\/wp-json\/wp\/v2\/media\/5237"}],"wp:attachment":[{"href":"https:\/\/omni3d.com\/shop\/wp-json\/wp\/v2\/media?parent=5235"}],"wp:term":[{"taxonomy":"product_cat","embeddable":true,"href":"https:\/\/omni3d.com\/shop\/wp-json\/wp\/v2\/product_cat?post=5235"},{"taxonomy":"product_tag","embeddable":true,"href":"https:\/\/omni3d.com\/shop\/wp-json\/wp\/v2\/product_tag?post=5235"}],"curies":[{"name":"wp","href":"https:\/\/api.w.org\/{rel}","templated":true}]}}