{"id":5412,"date":"2023-02-06T11:38:15","date_gmt":"2023-02-06T10:38:15","guid":{"rendered":"https:\/\/omni3d.com\/shop\/?post_type=product&#038;p=5412"},"modified":"2023-02-06T11:38:15","modified_gmt":"2023-02-06T10:38:15","slug":"dmuchawa-chlodzenia-wydruku-omni200-omnistart","status":"publish","type":"product","link":"https:\/\/omni3d.com\/shop\/pl\/produkt\/dmuchawa-chlodzenia-wydruku-omni200-omnistart\/","title":{"rendered":"Dmuchawa ch\u0142odzenia wydruku &#8211; Omni200\/OmniSTART"},"content":{"rendered":"<p>Kompatybilno\u015b\u0107: Omni200 CF, Omni200, OmniSTART<\/p>\n","protected":false},"excerpt":{"rendered":"<p>Kompatybilno\u015b\u0107: Omni200 CF, Omni200, OmniSTART<\/p>\n","protected":false},"featured_media":5413,"template":"","meta":[],"product_cat":[125,129,73],"product_tag":[],"yoast_head":"<!-- This site is optimized with the Yoast SEO plugin v18.6 - https:\/\/yoast.com\/wordpress\/plugins\/seo\/ -->\n<title>Dmuchawa ch\u0142odzenia wydruku - Omni200\/OmniSTART Sklep \/ Cena 2021 i Opinie \/ Gdzie kupi\u0107?<\/title>\n<meta name=\"robots\" content=\"index, follow, max-snippet:-1, max-image-preview:large, max-video-preview:-1\" \/>\n<link rel=\"canonical\" href=\"https:\/\/omni3d.com\/shop\/pl\/produkt\/dmuchawa-chlodzenia-wydruku-omni200-omnistart\/\" \/>\n<meta property=\"og:locale\" content=\"pl_PL\" \/>\n<meta property=\"og:type\" content=\"article\" \/>\n<meta property=\"og:title\" content=\"Dmuchawa ch\u0142odzenia wydruku - Omni200\/OmniSTART Sklep \/ Cena 2021 i Opinie \/ Gdzie kupi\u0107?\" \/>\n<meta property=\"og:description\" content=\"Kompatybilno\u015b\u0107: Omni200 CF, Omni200, OmniSTART\" \/>\n<meta property=\"og:url\" content=\"https:\/\/omni3d.com\/shop\/pl\/produkt\/dmuchawa-chlodzenia-wydruku-omni200-omnistart\/\" \/>\n<meta property=\"og:site_name\" content=\"Omni3D\" \/>\n<meta property=\"og:image\" content=\"https:\/\/omni3d.com\/shop\/wp-content\/uploads\/2023\/02\/1.png\" \/>\n\t<meta property=\"og:image:width\" content=\"1080\" \/>\n\t<meta property=\"og:image:height\" content=\"1080\" \/>\n\t<meta property=\"og:image:type\" content=\"image\/png\" \/>\n<meta name=\"twitter:card\" content=\"summary_large_image\" \/>\n<script type=\"application\/ld+json\" class=\"yoast-schema-graph\">{\"@context\":\"https:\/\/schema.org\",\"@graph\":[{\"@type\":\"Organization\",\"@id\":\"https:\/\/omni3d.com\/shop\/#organization\",\"name\":\"Sklep Omni3D \/ Filamenty 3D, Drukarki 3D, Cz\u0119\u015bci zamienne\",\"url\":\"https:\/\/omni3d.com\/shop\/\",\"sameAs\":[],\"logo\":{\"@type\":\"ImageObject\",\"@id\":\"https:\/\/omni3d.com\/shop\/#logo\",\"inLanguage\":\"pl-PL\",\"url\":\"https:\/\/omni3d.com\/shop\/wp-content\/uploads\/2020\/06\/Omni3D-logo.svg\",\"contentUrl\":\"https:\/\/omni3d.com\/shop\/wp-content\/uploads\/2020\/06\/Omni3D-logo.svg\",\"width\":220,\"height\":102,\"caption\":\"Sklep Omni3D \/ Filamenty 3D, Drukarki 3D, Cz\u0119\u015bci zamienne\"},\"image\":{\"@id\":\"https:\/\/omni3d.com\/shop\/#logo\"}},{\"@type\":\"WebSite\",\"@id\":\"https:\/\/omni3d.com\/shop\/#website\",\"url\":\"https:\/\/omni3d.com\/shop\/\",\"name\":\"Omni3D\",\"description\":\"Omni3D - Drukarki 3D, Cz\u0119\u015bci zamienne, Filamenty\",\"publisher\":{\"@id\":\"https:\/\/omni3d.com\/shop\/#organization\"},\"potentialAction\":[{\"@type\":\"SearchAction\",\"target\":{\"@type\":\"EntryPoint\",\"urlTemplate\":\"https:\/\/omni3d.com\/shop\/?s={search_term_string}\"},\"query-input\":\"required name=search_term_string\"}],\"inLanguage\":\"pl-PL\"},{\"@type\":\"ImageObject\",\"@id\":\"https:\/\/omni3d.com\/shop\/pl\/produkt\/dmuchawa-chlodzenia-wydruku-omni200-omnistart\/#primaryimage\",\"inLanguage\":\"pl-PL\",\"url\":\"https:\/\/omni3d.com\/shop\/wp-content\/uploads\/2023\/02\/1.png\",\"contentUrl\":\"https:\/\/omni3d.com\/shop\/wp-content\/uploads\/2023\/02\/1.png\",\"width\":1080,\"height\":1080},{\"@type\":\"WebPage\",\"@id\":\"https:\/\/omni3d.com\/shop\/pl\/produkt\/dmuchawa-chlodzenia-wydruku-omni200-omnistart\/#webpage\",\"url\":\"https:\/\/omni3d.com\/shop\/pl\/produkt\/dmuchawa-chlodzenia-wydruku-omni200-omnistart\/\",\"name\":\"Dmuchawa ch\u0142odzenia wydruku - Omni200\/OmniSTART Sklep \/ Cena 2021 i Opinie \/ Gdzie kupi\u0107?\",\"isPartOf\":{\"@id\":\"https:\/\/omni3d.com\/shop\/#website\"},\"primaryImageOfPage\":{\"@id\":\"https:\/\/omni3d.com\/shop\/pl\/produkt\/dmuchawa-chlodzenia-wydruku-omni200-omnistart\/#primaryimage\"},\"datePublished\":\"2023-02-06T10:38:15+00:00\",\"dateModified\":\"2023-02-06T10:38:15+00:00\",\"breadcrumb\":{\"@id\":\"https:\/\/omni3d.com\/shop\/pl\/produkt\/dmuchawa-chlodzenia-wydruku-omni200-omnistart\/#breadcrumb\"},\"inLanguage\":\"pl-PL\",\"potentialAction\":[{\"@type\":\"ReadAction\",\"target\":[\"https:\/\/omni3d.com\/shop\/pl\/produkt\/dmuchawa-chlodzenia-wydruku-omni200-omnistart\/\"]}]},{\"@type\":\"BreadcrumbList\",\"@id\":\"https:\/\/omni3d.com\/shop\/pl\/produkt\/dmuchawa-chlodzenia-wydruku-omni200-omnistart\/#breadcrumb\",\"itemListElement\":[{\"@type\":\"ListItem\",\"position\":1,\"name\":\"Homepage\",\"item\":\"https:\/\/omni3d.com\/shop\/pl\/\"},{\"@type\":\"ListItem\",\"position\":2,\"name\":\"Sklep\",\"item\":\"https:\/\/omni3d.com\/shop\/pl\/sklep\/\"},{\"@type\":\"ListItem\",\"position\":3,\"name\":\"Dmuchawa ch\u0142odzenia wydruku &#8211; Omni200\/OmniSTART\"}]}]}<\/script>\n<!-- \/ Yoast SEO plugin. -->","yoast_head_json":{"title":"Dmuchawa ch\u0142odzenia wydruku - Omni200\/OmniSTART Sklep \/ Cena 2021 i Opinie \/ Gdzie kupi\u0107?","robots":{"index":"index","follow":"follow","max-snippet":"max-snippet:-1","max-image-preview":"max-image-preview:large","max-video-preview":"max-video-preview:-1"},"canonical":"https:\/\/omni3d.com\/shop\/pl\/produkt\/dmuchawa-chlodzenia-wydruku-omni200-omnistart\/","og_locale":"pl_PL","og_type":"article","og_title":"Dmuchawa ch\u0142odzenia wydruku - Omni200\/OmniSTART Sklep \/ Cena 2021 i Opinie \/ Gdzie kupi\u0107?","og_description":"Kompatybilno\u015b\u0107: Omni200 CF, Omni200, OmniSTART","og_url":"https:\/\/omni3d.com\/shop\/pl\/produkt\/dmuchawa-chlodzenia-wydruku-omni200-omnistart\/","og_site_name":"Omni3D","og_image":[{"width":1080,"height":1080,"url":"https:\/\/omni3d.com\/shop\/wp-content\/uploads\/2023\/02\/1.png","type":"image\/png"}],"twitter_card":"summary_large_image","schema":{"@context":"https:\/\/schema.org","@graph":[{"@type":"Organization","@id":"https:\/\/omni3d.com\/shop\/#organization","name":"Sklep Omni3D \/ Filamenty 3D, Drukarki 3D, Cz\u0119\u015bci zamienne","url":"https:\/\/omni3d.com\/shop\/","sameAs":[],"logo":{"@type":"ImageObject","@id":"https:\/\/omni3d.com\/shop\/#logo","inLanguage":"pl-PL","url":"https:\/\/omni3d.com\/shop\/wp-content\/uploads\/2020\/06\/Omni3D-logo.svg","contentUrl":"https:\/\/omni3d.com\/shop\/wp-content\/uploads\/2020\/06\/Omni3D-logo.svg","width":220,"height":102,"caption":"Sklep Omni3D \/ Filamenty 3D, Drukarki 3D, Cz\u0119\u015bci zamienne"},"image":{"@id":"https:\/\/omni3d.com\/shop\/#logo"}},{"@type":"WebSite","@id":"https:\/\/omni3d.com\/shop\/#website","url":"https:\/\/omni3d.com\/shop\/","name":"Omni3D","description":"Omni3D - Drukarki 3D, Cz\u0119\u015bci zamienne, Filamenty","publisher":{"@id":"https:\/\/omni3d.com\/shop\/#organization"},"potentialAction":[{"@type":"SearchAction","target":{"@type":"EntryPoint","urlTemplate":"https:\/\/omni3d.com\/shop\/?s={search_term_string}"},"query-input":"required name=search_term_string"}],"inLanguage":"pl-PL"},{"@type":"ImageObject","@id":"https:\/\/omni3d.com\/shop\/pl\/produkt\/dmuchawa-chlodzenia-wydruku-omni200-omnistart\/#primaryimage","inLanguage":"pl-PL","url":"https:\/\/omni3d.com\/shop\/wp-content\/uploads\/2023\/02\/1.png","contentUrl":"https:\/\/omni3d.com\/shop\/wp-content\/uploads\/2023\/02\/1.png","width":1080,"height":1080},{"@type":"WebPage","@id":"https:\/\/omni3d.com\/shop\/pl\/produkt\/dmuchawa-chlodzenia-wydruku-omni200-omnistart\/#webpage","url":"https:\/\/omni3d.com\/shop\/pl\/produkt\/dmuchawa-chlodzenia-wydruku-omni200-omnistart\/","name":"Dmuchawa ch\u0142odzenia wydruku - Omni200\/OmniSTART Sklep \/ Cena 2021 i Opinie \/ Gdzie kupi\u0107?","isPartOf":{"@id":"https:\/\/omni3d.com\/shop\/#website"},"primaryImageOfPage":{"@id":"https:\/\/omni3d.com\/shop\/pl\/produkt\/dmuchawa-chlodzenia-wydruku-omni200-omnistart\/#primaryimage"},"datePublished":"2023-02-06T10:38:15+00:00","dateModified":"2023-02-06T10:38:15+00:00","breadcrumb":{"@id":"https:\/\/omni3d.com\/shop\/pl\/produkt\/dmuchawa-chlodzenia-wydruku-omni200-omnistart\/#breadcrumb"},"inLanguage":"pl-PL","potentialAction":[{"@type":"ReadAction","target":["https:\/\/omni3d.com\/shop\/pl\/produkt\/dmuchawa-chlodzenia-wydruku-omni200-omnistart\/"]}]},{"@type":"BreadcrumbList","@id":"https:\/\/omni3d.com\/shop\/pl\/produkt\/dmuchawa-chlodzenia-wydruku-omni200-omnistart\/#breadcrumb","itemListElement":[{"@type":"ListItem","position":1,"name":"Homepage","item":"https:\/\/omni3d.com\/shop\/pl\/"},{"@type":"ListItem","position":2,"name":"Sklep","item":"https:\/\/omni3d.com\/shop\/pl\/sklep\/"},{"@type":"ListItem","position":3,"name":"Dmuchawa ch\u0142odzenia wydruku &#8211; Omni200\/OmniSTART"}]}]}},"lang":"pl","translations":{"pl":5412},"pll_sync_post":[],"_links":{"self":[{"href":"https:\/\/omni3d.com\/shop\/wp-json\/wp\/v2\/product\/5412"}],"collection":[{"href":"https:\/\/omni3d.com\/shop\/wp-json\/wp\/v2\/product"}],"about":[{"href":"https:\/\/omni3d.com\/shop\/wp-json\/wp\/v2\/types\/product"}],"wp:featuredmedia":[{"embeddable":true,"href":"https:\/\/omni3d.com\/shop\/wp-json\/wp\/v2\/media\/5413"}],"wp:attachment":[{"href":"https:\/\/omni3d.com\/shop\/wp-json\/wp\/v2\/media?parent=5412"}],"wp:term":[{"taxonomy":"product_cat","embeddable":true,"href":"https:\/\/omni3d.com\/shop\/wp-json\/wp\/v2\/product_cat?post=5412"},{"taxonomy":"product_tag","embeddable":true,"href":"https:\/\/omni3d.com\/shop\/wp-json\/wp\/v2\/product_tag?post=5412"}],"curies":[{"name":"wp","href":"https:\/\/api.w.org\/{rel}","templated":true}]}}