{"id":5749,"date":"2025-08-28T00:10:52","date_gmt":"2025-08-27T22:10:52","guid":{"rendered":"https:\/\/omni3d.com\/shop\/?post_type=product&#038;p=5749"},"modified":"2025-08-28T00:11:55","modified_gmt":"2025-08-27T22:11:55","slug":"asnare-universal-filament-adhesive","status":"publish","type":"product","link":"https:\/\/omni3d.com\/shop\/pl\/produkt\/asnare-universal-filament-adhesive\/","title":{"rendered":"Asnare Universal Filament Adhesive"},"content":{"rendered":"<p>[vc_row][vc_column width=&#8221;1\/2&#8243;][vc_column_text]<\/p>\n<div class=\"wp-block-uagb-advanced-heading uagb-block-1fee8462\">\n<h2 class=\"uagb-heading-text\"><strong data-start=\"349\" data-end=\"374\">Jak u\u017cywa\u0107 Asnare UFA<\/strong><\/h2>\n<ul>\n<li class=\"uagb-heading-text\">Aby rozpocz\u0105\u0107 korzystanie z UFA, najpierw dok\u0142adnie wstrz\u0105\u015bnij.<\/li>\n<li class=\"uagb-heading-text\">Przed pierwszym u\u017cyciem doci\u015bnij do p\u0142askiej powierzchni i przytrzymaj przez oko\u0142o 10 sekund.<\/li>\n<li class=\"uagb-heading-text\">Przechowuj UFA w pozycji pionowej, z zamkni\u0119t\u0105 nakr\u0119tk\u0105.<\/li>\n<li class=\"uagb-heading-text\">Aby nape\u0142ni\u0107 aplikator, odkr\u0119\u0107 jego doln\u0105 cz\u0119\u015b\u0107. Naj\u0142atwiej zrobi\u0107 to monet\u0105, kt\u00f3ra pasuje do specjalnie zaprojektowanego wg\u0142\u0119bienia.<\/li>\n<li class=\"uagb-heading-text\">Je\u015bli UFA nie by\u0142 u\u017cywany przez d\u0142u\u017cszy czas, wyczy\u015b\u0107 aplikator, przep\u0142ukuj\u0105c go gor\u0105c\u0105 wod\u0105.<\/li>\n<\/ul>\n<\/div>\n<p>[\/vc_column_text][\/vc_column][vc_column width=&#8221;1\/2&#8243;][vc_single_image image=&#8221;5751&#8243; img_size=&#8221;full&#8221; alignment=&#8221;center&#8221; woodmart_inline=&#8221;no&#8221; parallax_scroll=&#8221;no&#8221;][\/vc_column][\/vc_row]<\/p>\n","protected":false},"excerpt":{"rendered":"<p><strong data-start=\"64\" data-end=\"115\">Zaprojektowany z my\u015bl\u0105 o wydajno\u015bci i precyzji.<\/strong><br data-start=\"115\" data-end=\"118\" \/>Wyposa\u017cony w nasz ergonomiczny, wielokrotnego u\u017cytku aplikator, kt\u00f3ry zapewnia bezproblemowe nanoszenie podczas druku. Na podstawie naszej wiedzy technicznej i do\u015bwiadczenia dostarczamy Ci produkt, kt\u00f3ry Ci\u0119 nie zawiedzie.<\/p>\n","protected":false},"featured_media":5753,"template":"","meta":[],"product_cat":[953],"product_tag":[],"yoast_head":"<!-- This site is optimized with the Yoast SEO plugin v18.6 - https:\/\/yoast.com\/wordpress\/plugins\/seo\/ -->\n<title>Asnare Universal Filament Adhesive Sklep \/ Cena 2021 i Opinie \/ Gdzie kupi\u0107?<\/title>\n<meta name=\"robots\" content=\"index, follow, max-snippet:-1, max-image-preview:large, max-video-preview:-1\" \/>\n<link rel=\"canonical\" href=\"https:\/\/omni3d.com\/shop\/pl\/produkt\/asnare-universal-filament-adhesive\/\" \/>\n<meta property=\"og:locale\" content=\"pl_PL\" \/>\n<meta property=\"og:type\" content=\"article\" \/>\n<meta property=\"og:title\" content=\"Asnare Universal Filament Adhesive Sklep \/ Cena 2021 i Opinie \/ Gdzie kupi\u0107?\" \/>\n<meta property=\"og:description\" content=\"Zaprojektowany z my\u015bl\u0105 o wydajno\u015bci i precyzji.Wyposa\u017cony w nasz ergonomiczny, wielokrotnego u\u017cytku aplikator, kt\u00f3ry zapewnia bezproblemowe nanoszenie podczas druku. Na podstawie naszej wiedzy technicznej i do\u015bwiadczenia dostarczamy Ci produkt, kt\u00f3ry Ci\u0119 nie zawiedzie.\" \/>\n<meta property=\"og:url\" content=\"https:\/\/omni3d.com\/shop\/pl\/produkt\/asnare-universal-filament-adhesive\/\" \/>\n<meta property=\"og:site_name\" content=\"Omni3D\" \/>\n<meta property=\"article:modified_time\" content=\"2025-08-27T22:11:55+00:00\" \/>\n<meta property=\"og:image\" content=\"https:\/\/omni3d.com\/shop\/wp-content\/uploads\/2025\/08\/Aplikator_refill_swiatlo_2-598x1024-1.png\" \/>\n\t<meta property=\"og:image:width\" content=\"598\" \/>\n\t<meta property=\"og:image:height\" content=\"1024\" \/>\n\t<meta property=\"og:image:type\" content=\"image\/png\" \/>\n<meta name=\"twitter:card\" content=\"summary_large_image\" \/>\n<meta name=\"twitter:label1\" content=\"Szacowany czas czytania\" \/>\n\t<meta name=\"twitter:data1\" content=\"1 minuta\" \/>\n<script type=\"application\/ld+json\" class=\"yoast-schema-graph\">{\"@context\":\"https:\/\/schema.org\",\"@graph\":[{\"@type\":\"Organization\",\"@id\":\"https:\/\/omni3d.com\/shop\/#organization\",\"name\":\"Sklep Omni3D \/ Filamenty 3D, Drukarki 3D, Cz\u0119\u015bci zamienne\",\"url\":\"https:\/\/omni3d.com\/shop\/\",\"sameAs\":[],\"logo\":{\"@type\":\"ImageObject\",\"@id\":\"https:\/\/omni3d.com\/shop\/#logo\",\"inLanguage\":\"pl-PL\",\"url\":\"https:\/\/omni3d.com\/shop\/wp-content\/uploads\/2020\/06\/Omni3D-logo.svg\",\"contentUrl\":\"https:\/\/omni3d.com\/shop\/wp-content\/uploads\/2020\/06\/Omni3D-logo.svg\",\"width\":220,\"height\":102,\"caption\":\"Sklep Omni3D \/ Filamenty 3D, Drukarki 3D, Cz\u0119\u015bci zamienne\"},\"image\":{\"@id\":\"https:\/\/omni3d.com\/shop\/#logo\"}},{\"@type\":\"WebSite\",\"@id\":\"https:\/\/omni3d.com\/shop\/#website\",\"url\":\"https:\/\/omni3d.com\/shop\/\",\"name\":\"Omni3D\",\"description\":\"Omni3D - Drukarki 3D, Cz\u0119\u015bci zamienne, Filamenty\",\"publisher\":{\"@id\":\"https:\/\/omni3d.com\/shop\/#organization\"},\"potentialAction\":[{\"@type\":\"SearchAction\",\"target\":{\"@type\":\"EntryPoint\",\"urlTemplate\":\"https:\/\/omni3d.com\/shop\/?s={search_term_string}\"},\"query-input\":\"required name=search_term_string\"}],\"inLanguage\":\"pl-PL\"},{\"@type\":\"ImageObject\",\"@id\":\"https:\/\/omni3d.com\/shop\/pl\/produkt\/asnare-universal-filament-adhesive\/#primaryimage\",\"inLanguage\":\"pl-PL\",\"url\":\"https:\/\/omni3d.com\/shop\/wp-content\/uploads\/2025\/08\/Aplikator_refill_swiatlo_2-598x1024-1.jpg\",\"contentUrl\":\"https:\/\/omni3d.com\/shop\/wp-content\/uploads\/2025\/08\/Aplikator_refill_swiatlo_2-598x1024-1.jpg\",\"width\":1022,\"height\":1022},{\"@type\":\"WebPage\",\"@id\":\"https:\/\/omni3d.com\/shop\/pl\/produkt\/asnare-universal-filament-adhesive\/#webpage\",\"url\":\"https:\/\/omni3d.com\/shop\/pl\/produkt\/asnare-universal-filament-adhesive\/\",\"name\":\"Asnare Universal Filament Adhesive Sklep \/ Cena 2021 i Opinie \/ Gdzie kupi\u0107?\",\"isPartOf\":{\"@id\":\"https:\/\/omni3d.com\/shop\/#website\"},\"primaryImageOfPage\":{\"@id\":\"https:\/\/omni3d.com\/shop\/pl\/produkt\/asnare-universal-filament-adhesive\/#primaryimage\"},\"datePublished\":\"2025-08-27T22:10:52+00:00\",\"dateModified\":\"2025-08-27T22:11:55+00:00\",\"breadcrumb\":{\"@id\":\"https:\/\/omni3d.com\/shop\/pl\/produkt\/asnare-universal-filament-adhesive\/#breadcrumb\"},\"inLanguage\":\"pl-PL\",\"potentialAction\":[{\"@type\":\"ReadAction\",\"target\":[\"https:\/\/omni3d.com\/shop\/pl\/produkt\/asnare-universal-filament-adhesive\/\"]}]},{\"@type\":\"BreadcrumbList\",\"@id\":\"https:\/\/omni3d.com\/shop\/pl\/produkt\/asnare-universal-filament-adhesive\/#breadcrumb\",\"itemListElement\":[{\"@type\":\"ListItem\",\"position\":1,\"name\":\"Homepage\",\"item\":\"https:\/\/omni3d.com\/shop\/pl\/\"},{\"@type\":\"ListItem\",\"position\":2,\"name\":\"Sklep\",\"item\":\"https:\/\/omni3d.com\/shop\/pl\/sklep\/\"},{\"@type\":\"ListItem\",\"position\":3,\"name\":\"Asnare Universal Filament Adhesive\"}]}]}<\/script>\n<!-- \/ Yoast SEO plugin. -->","yoast_head_json":{"title":"Asnare Universal Filament Adhesive Sklep \/ Cena 2021 i Opinie \/ Gdzie kupi\u0107?","robots":{"index":"index","follow":"follow","max-snippet":"max-snippet:-1","max-image-preview":"max-image-preview:large","max-video-preview":"max-video-preview:-1"},"canonical":"https:\/\/omni3d.com\/shop\/pl\/produkt\/asnare-universal-filament-adhesive\/","og_locale":"pl_PL","og_type":"article","og_title":"Asnare Universal Filament Adhesive Sklep \/ Cena 2021 i Opinie \/ Gdzie kupi\u0107?","og_description":"Zaprojektowany z my\u015bl\u0105 o wydajno\u015bci i precyzji.Wyposa\u017cony w nasz ergonomiczny, wielokrotnego u\u017cytku aplikator, kt\u00f3ry zapewnia bezproblemowe nanoszenie podczas druku. Na podstawie naszej wiedzy technicznej i do\u015bwiadczenia dostarczamy Ci produkt, kt\u00f3ry Ci\u0119 nie zawiedzie.","og_url":"https:\/\/omni3d.com\/shop\/pl\/produkt\/asnare-universal-filament-adhesive\/","og_site_name":"Omni3D","article_modified_time":"2025-08-27T22:11:55+00:00","og_image":[{"width":598,"height":1024,"url":"https:\/\/omni3d.com\/shop\/wp-content\/uploads\/2025\/08\/Aplikator_refill_swiatlo_2-598x1024-1.png","type":"image\/png"}],"twitter_card":"summary_large_image","twitter_misc":{"Szacowany czas czytania":"1 minuta"},"schema":{"@context":"https:\/\/schema.org","@graph":[{"@type":"Organization","@id":"https:\/\/omni3d.com\/shop\/#organization","name":"Sklep Omni3D \/ Filamenty 3D, Drukarki 3D, Cz\u0119\u015bci zamienne","url":"https:\/\/omni3d.com\/shop\/","sameAs":[],"logo":{"@type":"ImageObject","@id":"https:\/\/omni3d.com\/shop\/#logo","inLanguage":"pl-PL","url":"https:\/\/omni3d.com\/shop\/wp-content\/uploads\/2020\/06\/Omni3D-logo.svg","contentUrl":"https:\/\/omni3d.com\/shop\/wp-content\/uploads\/2020\/06\/Omni3D-logo.svg","width":220,"height":102,"caption":"Sklep Omni3D \/ Filamenty 3D, Drukarki 3D, Cz\u0119\u015bci zamienne"},"image":{"@id":"https:\/\/omni3d.com\/shop\/#logo"}},{"@type":"WebSite","@id":"https:\/\/omni3d.com\/shop\/#website","url":"https:\/\/omni3d.com\/shop\/","name":"Omni3D","description":"Omni3D - Drukarki 3D, Cz\u0119\u015bci zamienne, Filamenty","publisher":{"@id":"https:\/\/omni3d.com\/shop\/#organization"},"potentialAction":[{"@type":"SearchAction","target":{"@type":"EntryPoint","urlTemplate":"https:\/\/omni3d.com\/shop\/?s={search_term_string}"},"query-input":"required name=search_term_string"}],"inLanguage":"pl-PL"},{"@type":"ImageObject","@id":"https:\/\/omni3d.com\/shop\/pl\/produkt\/asnare-universal-filament-adhesive\/#primaryimage","inLanguage":"pl-PL","url":"https:\/\/omni3d.com\/shop\/wp-content\/uploads\/2025\/08\/Aplikator_refill_swiatlo_2-598x1024-1.jpg","contentUrl":"https:\/\/omni3d.com\/shop\/wp-content\/uploads\/2025\/08\/Aplikator_refill_swiatlo_2-598x1024-1.jpg","width":1022,"height":1022},{"@type":"WebPage","@id":"https:\/\/omni3d.com\/shop\/pl\/produkt\/asnare-universal-filament-adhesive\/#webpage","url":"https:\/\/omni3d.com\/shop\/pl\/produkt\/asnare-universal-filament-adhesive\/","name":"Asnare Universal Filament Adhesive Sklep \/ Cena 2021 i Opinie \/ Gdzie kupi\u0107?","isPartOf":{"@id":"https:\/\/omni3d.com\/shop\/#website"},"primaryImageOfPage":{"@id":"https:\/\/omni3d.com\/shop\/pl\/produkt\/asnare-universal-filament-adhesive\/#primaryimage"},"datePublished":"2025-08-27T22:10:52+00:00","dateModified":"2025-08-27T22:11:55+00:00","breadcrumb":{"@id":"https:\/\/omni3d.com\/shop\/pl\/produkt\/asnare-universal-filament-adhesive\/#breadcrumb"},"inLanguage":"pl-PL","potentialAction":[{"@type":"ReadAction","target":["https:\/\/omni3d.com\/shop\/pl\/produkt\/asnare-universal-filament-adhesive\/"]}]},{"@type":"BreadcrumbList","@id":"https:\/\/omni3d.com\/shop\/pl\/produkt\/asnare-universal-filament-adhesive\/#breadcrumb","itemListElement":[{"@type":"ListItem","position":1,"name":"Homepage","item":"https:\/\/omni3d.com\/shop\/pl\/"},{"@type":"ListItem","position":2,"name":"Sklep","item":"https:\/\/omni3d.com\/shop\/pl\/sklep\/"},{"@type":"ListItem","position":3,"name":"Asnare Universal Filament Adhesive"}]}]}},"lang":"pl","translations":{"en":5752,"pl":5749},"pll_sync_post":[],"_links":{"self":[{"href":"https:\/\/omni3d.com\/shop\/wp-json\/wp\/v2\/product\/5749"}],"collection":[{"href":"https:\/\/omni3d.com\/shop\/wp-json\/wp\/v2\/product"}],"about":[{"href":"https:\/\/omni3d.com\/shop\/wp-json\/wp\/v2\/types\/product"}],"wp:featuredmedia":[{"embeddable":true,"href":"https:\/\/omni3d.com\/shop\/wp-json\/wp\/v2\/media\/5753"}],"wp:attachment":[{"href":"https:\/\/omni3d.com\/shop\/wp-json\/wp\/v2\/media?parent=5749"}],"wp:term":[{"taxonomy":"product_cat","embeddable":true,"href":"https:\/\/omni3d.com\/shop\/wp-json\/wp\/v2\/product_cat?post=5749"},{"taxonomy":"product_tag","embeddable":true,"href":"https:\/\/omni3d.com\/shop\/wp-json\/wp\/v2\/product_tag?post=5749"}],"curies":[{"name":"wp","href":"https:\/\/api.w.org\/{rel}","templated":true}]}}